{"id":13410,"date":"2025-03-17T21:08:07","date_gmt":"2025-03-17T21:08:07","guid":{"rendered":"https:\/\/lofimusic.com.es\/index.php\/producto\/b0dwf2rmr5_fr\/"},"modified":"2025-03-17T21:08:07","modified_gmt":"2025-03-17T21:08:07","slug":"b0dwf2rmr5_fr","status":"publish","type":"product","link":"https:\/\/lofimusic.com.es\/index.php\/producto\/b0dwf2rmr5_fr\/","title":{"rendered":"B0DWF2RMR5_FR"},"content":{"rendered":"<p>&#8211; GRANDE SURFACE DE TABLE &amp; APPLICATIONS VARI\u00c9ES: Avec suffisamment d&#8217;espace rond 50x50cm pour vos essentiels, cette table de parasol est parfaite pour garder boissons, collations et t\u00e9l\u00e9phones \u00e0 port\u00e9e de main. Son design portable et l\u00e9ger permet un transport facile pour les f\u00eates dans le jardin, les rassemblements au bord de la piscine, les sorties \u00e0 la plage et plus encore.<br \/>\n&#8211; HAUTEUR R\u00c9GLABLE &amp; CADRE ROBUSTE: Cette table de parasol est \u00e9quip\u00e9e d&#8217;un bouton r\u00e9glable qui permet de personnaliser la hauteur de la table et assure une force et une stabilit\u00e9 optimales. De plus, elle dispose d&#8217;un design \u00e0 force distribu\u00e9e qui emp\u00eache le cadre de se plier(charge 10kg).<br \/>\n&#8211; R\u00c9SISTANTE AUX INTEMP\u00c9RIES: Fabriqu\u00e9 en mat\u00e9riau PE de premi\u00e8re qualit\u00e9, ce plateau de table rond portable est imperm\u00e9able et r\u00e9sistant \u00e0 l&#8217;usure, capable de r\u00e9sister aux conditions ext\u00e9rieures difficiles. Il peut certainement \u00eatre un ajout parfait \u00e0 votre d\u00e9coration ext\u00e9rieure.<br \/>\n&#8211; D\u00c9TAILS PLUS EXQUIS: La finition \u00e9l\u00e9gante \u00e0 grain de bois rehausse l&#8217;attrait esth\u00e9tique de cette table de parasol r\u00e9glable, tandis que les coins arrondis s\u00e9curis\u00e9s et le fond antid\u00e9rapant permettent de la transporter de mani\u00e8re s\u00fbre et facile.<br \/>\n&#8211; ASSEMBLAGE &amp; ENTRETIEN FACILES: Avec le manuel d&#8217;instructions clair et la structure simple, vous pouvez installer facilement cette table de parasol d&#8217;ext\u00e9rieur. De plus, le nettoyage est sans effort, il suffit de nettoyer le plateau de la table avec un chiffon humide pour la garder impeccable.<\/p>\n","protected":false},"excerpt":{"rendered":"<p>publicit\u00e9RELAX4LIFE Table de Parasol de Jardin Ronde \u03a6 50CM avec Hauteur R\u00e9glable, Trou de Parasol de 38 mm Plateau en PE Imitation Grain de Bois pour Jardin Piscine Plage Patio, Noir<\/p>\n","protected":false},"featured_media":13409,"comment_status":"open","ping_status":"closed","template":"","meta":[],"product_cat":[15],"product_tag":[],"class_list":{"0":"post-13410","1":"product","2":"type-product","3":"status-publish","4":"has-post-thumbnail","6":"product_cat-sin-categorizar","7":"nodate","8":"item-wrap","10":"first","11":"instock","12":"shipping-taxable","13":"product-type-external"},"_links":{"self":[{"href":"https:\/\/lofimusic.com.es\/index.php\/wp-json\/wp\/v2\/product\/13410","targetHints":{"allow":["GET"]}}],"collection":[{"href":"https:\/\/lofimusic.com.es\/index.php\/wp-json\/wp\/v2\/product"}],"about":[{"href":"https:\/\/lofimusic.com.es\/index.php\/wp-json\/wp\/v2\/types\/product"}],"replies":[{"embeddable":true,"href":"https:\/\/lofimusic.com.es\/index.php\/wp-json\/wp\/v2\/comments?post=13410"}],"wp:featuredmedia":[{"embeddable":true,"href":"https:\/\/lofimusic.com.es\/index.php\/wp-json\/wp\/v2\/media\/13409"}],"wp:attachment":[{"href":"https:\/\/lofimusic.com.es\/index.php\/wp-json\/wp\/v2\/media?parent=13410"}],"wp:term":[{"taxonomy":"product_cat","embeddable":true,"href":"https:\/\/lofimusic.com.es\/index.php\/wp-json\/wp\/v2\/product_cat?post=13410"},{"taxonomy":"product_tag","embeddable":true,"href":"https:\/\/lofimusic.com.es\/index.php\/wp-json\/wp\/v2\/product_tag?post=13410"}],"curies":[{"name":"wp","href":"https:\/\/api.w.org\/{rel}","templated":true}]}}