{"id":13408,"date":"2025-03-17T21:06:32","date_gmt":"2025-03-17T21:06:32","guid":{"rendered":"https:\/\/lofimusic.com.es\/index.php\/producto\/b0c7qgp988_fr\/"},"modified":"2025-03-17T21:06:32","modified_gmt":"2025-03-17T21:06:32","slug":"b0c7qgp988_fr","status":"publish","type":"product","link":"https:\/\/lofimusic.com.es\/index.php\/producto\/b0c7qgp988_fr\/","title":{"rendered":"B0C7QGP988_FR"},"content":{"rendered":"<p>&#8211; \u3010R\u00e9servoir rechargeable :\u3011 COSTWAY pied de parasol lourd peut \u00eatre remplie avec 15,5 L d&#8217;eau, 25 kg de sable ou 30 kg de sable et d&#8217;eau. Apr\u00e8s la vidange, la base du parasol ne p\u00e8se que 2 kg pour un d\u00e9placement sans effort.<br \/>\n&#8211; \u3010Mat\u00e9riau durable :\u3011 Le socle parasol ext\u00e9rieur en HDPE se caract\u00e9rise par une r\u00e9sistance aux intemp\u00e9ries, une protection solaire et une r\u00e9sistance \u00e0 l&#8217;eau, emp\u00eachant les fissures ou la d\u00e9coloration par tous les temps.<br \/>\n&#8211; \u3010S&#8217;adapte \u00e0 diff\u00e9rentes tailles :\u3011Notre pieds de parasol est \u00e9quip\u00e9e d&#8217;un poteau de support en m\u00e9tal et de 2 inserts en plastique, qui peuvent accueillir la plupart des parasols et des parasols de table de terrasse( 270 \u00e0 300 cm avec des diam\u00e8tres de m\u00e2t de 38\/48 mm).<br \/>\n&#8211; \u3010Installation facile et rapide : \u3011Notre pied de parasol lourd est facile \u00e0 installer: installer le poteau de support, serrer la vis, remplir d&#8217;eau ou de sable et de serrer le capuchon de l&#8217;anneau, ins\u00e9rer le poteau du parasol, serrer le bouton. Et il existe un bouton fixe r\u00e9glable pour une excellente stabilit\u00e9.<br \/>\n&#8211; \u3010Installation facile et rapide : \u3011Notre pied de parasol lourd est facile \u00e0 installer: installer le poteau de support, serrer la vis, remplir d&#8217;eau ou de sable et de serrer le capuchon de l&#8217;anneau, ins\u00e9rer le poteau du parasol, serrer le bouton. Et il existe un bouton fixe r\u00e9glable pour une excellente stabilit\u00e9.<\/p>\n","protected":false},"excerpt":{"rendered":"<p>publicit\u00e9COSTWAY Pied de Parasol Lourd pour Parasol\u03c638 mm\/48 mm, Socle Parasol Ext\u00e9rieur en HDPE Rempli de 30 kg Sable\/ 15,5L Eau, pour Terrasse Piscine Patio Jardin Restaurant, Dia.45 x H30 cm<\/p>\n","protected":false},"featured_media":13407,"comment_status":"open","ping_status":"closed","template":"","meta":[],"product_cat":[15],"product_tag":[],"class_list":{"0":"post-13408","1":"product","2":"type-product","3":"status-publish","4":"has-post-thumbnail","6":"product_cat-sin-categorizar","7":"nodate","8":"item-wrap","10":"first","11":"instock","12":"shipping-taxable","13":"product-type-external"},"_links":{"self":[{"href":"https:\/\/lofimusic.com.es\/index.php\/wp-json\/wp\/v2\/product\/13408","targetHints":{"allow":["GET"]}}],"collection":[{"href":"https:\/\/lofimusic.com.es\/index.php\/wp-json\/wp\/v2\/product"}],"about":[{"href":"https:\/\/lofimusic.com.es\/index.php\/wp-json\/wp\/v2\/types\/product"}],"replies":[{"embeddable":true,"href":"https:\/\/lofimusic.com.es\/index.php\/wp-json\/wp\/v2\/comments?post=13408"}],"wp:featuredmedia":[{"embeddable":true,"href":"https:\/\/lofimusic.com.es\/index.php\/wp-json\/wp\/v2\/media\/13407"}],"wp:attachment":[{"href":"https:\/\/lofimusic.com.es\/index.php\/wp-json\/wp\/v2\/media?parent=13408"}],"wp:term":[{"taxonomy":"product_cat","embeddable":true,"href":"https:\/\/lofimusic.com.es\/index.php\/wp-json\/wp\/v2\/product_cat?post=13408"},{"taxonomy":"product_tag","embeddable":true,"href":"https:\/\/lofimusic.com.es\/index.php\/wp-json\/wp\/v2\/product_tag?post=13408"}],"curies":[{"name":"wp","href":"https:\/\/api.w.org\/{rel}","templated":true}]}}