{"id":13404,"date":"2025-03-17T21:03:14","date_gmt":"2025-03-17T21:03:14","guid":{"rendered":"https:\/\/lofimusic.com.es\/index.php\/producto\/b09712zjvb_fr\/"},"modified":"2025-03-17T21:03:14","modified_gmt":"2025-03-17T21:03:14","slug":"b09712zjvb_fr","status":"publish","type":"product","link":"https:\/\/lofimusic.com.es\/index.php\/producto\/b09712zjvb_fr\/","title":{"rendered":"B09712ZJVB_FR"},"content":{"rendered":"<p>&#8211; \u3010Design pliable 7 en 1 et multi-usages :\u3011Cet oreiller triangulaire est pliable, ce qui vous permet de personnaliser sa hauteur et son inclinaison de 7 fa\u00e7ons diff\u00e9rentes. Il offre un excellent soutien pour la t\u00eate, le cou, le dos, les jambes et les genoux. De plus, des attaches Velcro sont con\u00e7ues pour attacher l&#8217;oreiller.<br \/>\n&#8211; \u3010Mousse \u00e0 m\u00e9moire de forme et \u00e9ponge de qualit\u00e9 sup\u00e9rieure:\u3011Garni de mousse \u00e0 m\u00e9moire de forme et d&#8217;\u00e9ponge haute densit\u00e9, ce coussin est suffisamment ferme pour conserver sa forme. Il est \u00e9galement souple pour \u00e9pouser les contours du corps, vous offrant un confort unique. De plus, la mousse \u00e0 m\u00e9moire de forme a\u00e9r\u00e9e est tr\u00e8s respirante ce qui ne produit pas de mauvaises odeurs.<br \/>\n&#8211; \u3010Housse en flanelle confortable et lavable:\u3011Fabriqu\u00e9e en flanelle de qualit\u00e9 sup\u00e9rieure, la housse de cet oreiller est extr\u00eamement douce, vous offrant un contact chaleureux et agr\u00e9able. En outre, elle peut \u00eatre retir\u00e9e et lav\u00e9e rapidement dans votre machine \u00e0 laver, gr\u00e2ce \u00e0 des fermetures \u00e9clair souples.<br \/>\n&#8211; \u3010Diff\u00e9rentes utilisations:\u3011 Ce coussin est con\u00e7u de mani\u00e8re ergonomique pour offrir un confort et un maintien exceptionnel. Il vous permet de rester confortablement install\u00e9, que vous regardiez la t\u00e9l\u00e9vision, utilisiez un ordinateur portable ou mangiez au lit, ou que vous ayez besoin d&#8217;un maintien du dos lorsque vous \u00eates assis. De plus, cet oreiller est l\u00e9ger et dot\u00e9 d&#8217;une poign\u00e9e pratique pour le d\u00e9placer facilement.<br \/>\n&#8211; \u3010Cadeau id\u00e9al pour am\u00e9liorer votre confort:\u3011Gr\u00e2ce \u00e0 sa conception pliable, ce coussin peut \u00eatre utilis\u00e9 selon diff\u00e9rents angles pour sur\u00e9lever ou soutenir toute partie du corps. Il contribue \u00e0 acc\u00e9l\u00e9rer la pression sanguine, \u00e0 favoriser la respiration et \u00e0 r\u00e9duire les douleurs cervicales. C&#8217;est un bon choix pour dormir, mais \u00e9galement un excellent outil pour la r\u00e9cup\u00e9ration post-op\u00e9ratoire.<\/p>\n","protected":false},"excerpt":{"rendered":"<p>publicit\u00e9COSTWAY Oreiller Anti-Stress Triangulaire, Coussin Th\u00e9rapeutique Post Op\u00e9ratoire, \u00c9l\u00e9vateur de Jambes, Soulager Douleur de Dos, Genoux, Circulation, Respirant Lavable (Gris)<\/p>\n","protected":false},"featured_media":13403,"comment_status":"open","ping_status":"closed","template":"","meta":[],"product_cat":[15],"product_tag":[],"class_list":{"0":"post-13404","1":"product","2":"type-product","3":"status-publish","4":"has-post-thumbnail","6":"product_cat-sin-categorizar","7":"nodate","8":"item-wrap","10":"first","11":"instock","12":"shipping-taxable","13":"product-type-external"},"_links":{"self":[{"href":"https:\/\/lofimusic.com.es\/index.php\/wp-json\/wp\/v2\/product\/13404","targetHints":{"allow":["GET"]}}],"collection":[{"href":"https:\/\/lofimusic.com.es\/index.php\/wp-json\/wp\/v2\/product"}],"about":[{"href":"https:\/\/lofimusic.com.es\/index.php\/wp-json\/wp\/v2\/types\/product"}],"replies":[{"embeddable":true,"href":"https:\/\/lofimusic.com.es\/index.php\/wp-json\/wp\/v2\/comments?post=13404"}],"wp:featuredmedia":[{"embeddable":true,"href":"https:\/\/lofimusic.com.es\/index.php\/wp-json\/wp\/v2\/media\/13403"}],"wp:attachment":[{"href":"https:\/\/lofimusic.com.es\/index.php\/wp-json\/wp\/v2\/media?parent=13404"}],"wp:term":[{"taxonomy":"product_cat","embeddable":true,"href":"https:\/\/lofimusic.com.es\/index.php\/wp-json\/wp\/v2\/product_cat?post=13404"},{"taxonomy":"product_tag","embeddable":true,"href":"https:\/\/lofimusic.com.es\/index.php\/wp-json\/wp\/v2\/product_tag?post=13404"}],"curies":[{"name":"wp","href":"https:\/\/api.w.org\/{rel}","templated":true}]}}