{"id":13398,"date":"2025-03-17T20:58:35","date_gmt":"2025-03-17T20:58:35","guid":{"rendered":"https:\/\/lofimusic.com.es\/index.php\/producto\/b0c6t39cx6_fr\/"},"modified":"2025-03-17T20:58:35","modified_gmt":"2025-03-17T20:58:35","slug":"b0c6t39cx6_fr","status":"publish","type":"product","link":"https:\/\/lofimusic.com.es\/index.php\/producto\/b0c6t39cx6_fr\/","title":{"rendered":"B0C6T39CX6_FR"},"content":{"rendered":"<p>&#8211; Grande Plateforme : La mangeoire \u00e0 oiseaux dispose d&#8217;un plateau d&#8217;alimentation de 50 cm de diam\u00e8tre, con\u00e7u avec soin pour offrir un grand espace de stockage des aliments. Les rainures du bassin permettent \u00e0 plusieurs oiseaux de se nourrir ensemble, tandis que les cercles creux sur le bord offrent aux oiseaux un endroit stable pour se percher.<br \/>\n&#8211; Forte Stabilit\u00e9 : Le socle de la mangeoire peut \u00eatre rempli de sable, de pierres ou d&#8217;eau pour assurer une meilleure fixation. En plus des 3 piquets de terre inclus, d&#8217;autres m\u00e9thodes peuvent \u00eatre utilis\u00e9es pour renforcer la base si n\u00e9cessaire<br \/>\n&#8211; Qualit\u00e9 Exceptionnelle : Fabriqu\u00e9 en PP de haute qualit\u00e9, cette mangeoire \u00e0 oiseaux est extr\u00eamement r\u00e9sistante aux intemp\u00e9ries et \u00e0 la chaleur, avec une grande durabilit\u00e9 et une r\u00e9sistance \u00e9lev\u00e9e \u00e0 la corrosion, id\u00e9ale pour une utilisation en ext\u00e9rieur.<br \/>\n&#8211; Polyvalente et \u00c9l\u00e9gante : Ce design de mangeoire \u00e0 oiseaux vintage et \u00e9l\u00e9gant s&#8217;int\u00e8gre parfaitement dans votre jardin, cour ou balcon, attirant \u00e0 la fois les oiseaux et les regards admiratifs.<br \/>\n&#8211; Facilit\u00e9 de Nettoyage : La partie rainur\u00e9e de la plateforme d&#8217;alimentation peut \u00eatre ais\u00e9ment d\u00e9mont\u00e9e pour un nettoyage facile. Son montage et d\u00e9montage sont simples, avec une surface lisse et plane, et le crochet en fer facilite le nettoyage des restes d&#8217;aliments<\/p>\n","protected":false},"excerpt":{"rendered":"<p>publicit\u00e9GOPLUS Mangeoire Oiseaux Ext\u00e9rieur, Plateau \u03c650CM, Abreuvoir Oiseaux Hauteur 72CM, Bain d&#8217;oiseaux en PP sur Pied, Base Remplissable, Design Antique, Bronze Vert<\/p>\n","protected":false},"featured_media":13397,"comment_status":"open","ping_status":"closed","template":"","meta":[],"product_cat":[15],"product_tag":[],"class_list":{"0":"post-13398","1":"product","2":"type-product","3":"status-publish","4":"has-post-thumbnail","6":"product_cat-sin-categorizar","7":"nodate","8":"item-wrap","10":"first","11":"instock","12":"shipping-taxable","13":"product-type-external"},"_links":{"self":[{"href":"https:\/\/lofimusic.com.es\/index.php\/wp-json\/wp\/v2\/product\/13398","targetHints":{"allow":["GET"]}}],"collection":[{"href":"https:\/\/lofimusic.com.es\/index.php\/wp-json\/wp\/v2\/product"}],"about":[{"href":"https:\/\/lofimusic.com.es\/index.php\/wp-json\/wp\/v2\/types\/product"}],"replies":[{"embeddable":true,"href":"https:\/\/lofimusic.com.es\/index.php\/wp-json\/wp\/v2\/comments?post=13398"}],"wp:featuredmedia":[{"embeddable":true,"href":"https:\/\/lofimusic.com.es\/index.php\/wp-json\/wp\/v2\/media\/13397"}],"wp:attachment":[{"href":"https:\/\/lofimusic.com.es\/index.php\/wp-json\/wp\/v2\/media?parent=13398"}],"wp:term":[{"taxonomy":"product_cat","embeddable":true,"href":"https:\/\/lofimusic.com.es\/index.php\/wp-json\/wp\/v2\/product_cat?post=13398"},{"taxonomy":"product_tag","embeddable":true,"href":"https:\/\/lofimusic.com.es\/index.php\/wp-json\/wp\/v2\/product_tag?post=13398"}],"curies":[{"name":"wp","href":"https:\/\/api.w.org\/{rel}","templated":true}]}}