{"id":13394,"date":"2025-03-17T20:54:59","date_gmt":"2025-03-17T20:54:59","guid":{"rendered":"https:\/\/lofimusic.com.es\/index.php\/producto\/b0dttr7c3v_fr\/"},"modified":"2025-03-17T20:54:59","modified_gmt":"2025-03-17T20:54:59","slug":"b0dttr7c3v_fr","status":"publish","type":"product","link":"https:\/\/lofimusic.com.es\/index.php\/producto\/b0dttr7c3v_fr\/","title":{"rendered":"B0DTTR7C3V_FR"},"content":{"rendered":"<p>&#8211; \u3010Design Multifonction 4 en 1\u3011Cette table enfant innovant comprend un chevalet d&#8217;art double face\u2013tableau magn\u00e9tique d&#8217;un c\u00f4t\u00e9 et tableau noir de l&#8217;autre\u2013ainsi qu&#8217;un rouleau de papier et une table d&#8217;\u00e9tude.<br \/>\n&#8211; \u3010Hauteur R\u00e9glable et Mobilit\u00e9 Facile\u3011Avec une hauteur r\u00e9glable de 92 cm \u00e0 105 cm, ce chevalet enfant peut accompagner la croissance de votre enfant. \u00c9quip\u00e9 de roues roulantes, le tableau enfant peut \u00eatre d\u00e9plac\u00e9 facilement dans toute la maison.<br \/>\n&#8211; \u3010Rangement Pratique\u3011Ce table d&#8217;activit\u00e9 pour enfants est con\u00e7u avec de nombreuses options de rangement, y compris des gobelets \u00e0 peinture, des \u00e9tag\u00e8res \u00e0 livres et une \u00e9tag\u00e8re de rangement inf\u00e9rieure, gardant toutes les fournitures artistiques organis\u00e9es et \u00e0 port\u00e9e de main.<br \/>\n&#8211; \u3010D\u00e9tails bien faits\u3011Ce bureau enfants est construit avec une structure stable en forme de A, offrant une plateforme s\u00e9curis\u00e9e pour les jeunes artistes. De plus, les bords arrondis lisses \u00e9vitent les blessures lors de l&#8217;utilisation.<br \/>\n&#8211; \u3010Jouet Id\u00e9al\u3011Parfait pour dessiner, \u00e9crire, apprendre, jouer et diverses activit\u00e9s, ce chevalet d&#8217;art avec tabouret aide \u00e0 inspirer et lib\u00e9rer la cr\u00e9ativit\u00e9 des enfants. La table comprend un rouleau de papier, 5 craies, une gomme et 4 gobelets \u00e0 peinture.<\/p>\n","protected":false},"excerpt":{"rendered":"<p>publicit\u00e9COSTWAY 4 en 1 Tableau Enfant en Bois avec Tableau Noir &amp; Tableau Magn\u00e9tique R\u00e9glable, Chevalet d&#8217;Art Enfant avec \u00c9tag\u00e8re \u00e0 Livres &amp; Rouleau de Papier, Table Enfant avec Chaise pour 3 Ans+<\/p>\n","protected":false},"featured_media":13393,"comment_status":"open","ping_status":"closed","template":"","meta":[],"product_cat":[15],"product_tag":[],"class_list":{"0":"post-13394","1":"product","2":"type-product","3":"status-publish","4":"has-post-thumbnail","6":"product_cat-sin-categorizar","7":"nodate","8":"item-wrap","10":"first","11":"instock","12":"shipping-taxable","13":"product-type-external"},"_links":{"self":[{"href":"https:\/\/lofimusic.com.es\/index.php\/wp-json\/wp\/v2\/product\/13394","targetHints":{"allow":["GET"]}}],"collection":[{"href":"https:\/\/lofimusic.com.es\/index.php\/wp-json\/wp\/v2\/product"}],"about":[{"href":"https:\/\/lofimusic.com.es\/index.php\/wp-json\/wp\/v2\/types\/product"}],"replies":[{"embeddable":true,"href":"https:\/\/lofimusic.com.es\/index.php\/wp-json\/wp\/v2\/comments?post=13394"}],"wp:featuredmedia":[{"embeddable":true,"href":"https:\/\/lofimusic.com.es\/index.php\/wp-json\/wp\/v2\/media\/13393"}],"wp:attachment":[{"href":"https:\/\/lofimusic.com.es\/index.php\/wp-json\/wp\/v2\/media?parent=13394"}],"wp:term":[{"taxonomy":"product_cat","embeddable":true,"href":"https:\/\/lofimusic.com.es\/index.php\/wp-json\/wp\/v2\/product_cat?post=13394"},{"taxonomy":"product_tag","embeddable":true,"href":"https:\/\/lofimusic.com.es\/index.php\/wp-json\/wp\/v2\/product_tag?post=13394"}],"curies":[{"name":"wp","href":"https:\/\/api.w.org\/{rel}","templated":true}]}}