{"id":13392,"date":"2025-03-17T20:21:07","date_gmt":"2025-03-17T20:21:07","guid":{"rendered":"https:\/\/lofimusic.com.es\/index.php\/producto\/b0drnd248z_es\/"},"modified":"2025-03-17T20:21:07","modified_gmt":"2025-03-17T20:21:07","slug":"b0drnd248z_es","status":"publish","type":"product","link":"https:\/\/lofimusic.com.es\/index.php\/producto\/b0drnd248z_es\/","title":{"rendered":"B0DRND248Z_ES"},"content":{"rendered":"<p>&#8211; La fuerza magn\u00e9tica dentro de nuestro clip nasal ejerce presi\u00f3n sobre el tabique nasal, ayudando a mejorar la ventilaci\u00f3n nasal y permiti\u00e9ndote respirar mejor por la nariz.<br \/>\n&#8211; El clip nasal est\u00e1 hecho de silicona suave de alta calidad, completamente lavable y reutilizable, garantizando el m\u00e1ximo confort durante el sue\u00f1o.<br \/>\n&#8211; F\u00e1cil de usar, se desliza sin esfuerzo en las fosas nasales, es c\u00f3modo de llevar, casi invisible y proporciona tranquilidad duradera.<br \/>\n&#8211; Compacto y port\u00e1til, cada producto viene con una caja de almacenamiento individual, lo que lo hace pr\u00e1ctico tanto en casa como durante los viajes.<br \/>\n&#8211; Una soluci\u00f3n efectiva contra los ronquidos, nuestro dispositivo anti-ronquidos est\u00e1 dise\u00f1ado para promover un mejor sue\u00f1o y es adecuado tanto para hombres como para mujeres, lo que lo convierte en un regalo perfecto para compartir sue\u00f1os con tus seres queridos.<\/p>\n","protected":false},"excerpt":{"rendered":"<p>Publicidad 10 Piezas Dilatador nasal, Anti Ronquidos Clip de Nariz de Silicona, Parada de ronquidos, Reutilizables Clip Nasal para Mejorar la Respiraci\u00f3n y Ayudar a Dormir Mejor<\/p>\n","protected":false},"featured_media":13391,"comment_status":"open","ping_status":"closed","template":"","meta":[],"product_cat":[15],"product_tag":[],"class_list":{"0":"post-13392","1":"product","2":"type-product","3":"status-publish","4":"has-post-thumbnail","6":"product_cat-sin-categorizar","7":"nodate","8":"item-wrap","10":"first","11":"instock","12":"shipping-taxable","13":"product-type-external"},"_links":{"self":[{"href":"https:\/\/lofimusic.com.es\/index.php\/wp-json\/wp\/v2\/product\/13392","targetHints":{"allow":["GET"]}}],"collection":[{"href":"https:\/\/lofimusic.com.es\/index.php\/wp-json\/wp\/v2\/product"}],"about":[{"href":"https:\/\/lofimusic.com.es\/index.php\/wp-json\/wp\/v2\/types\/product"}],"replies":[{"embeddable":true,"href":"https:\/\/lofimusic.com.es\/index.php\/wp-json\/wp\/v2\/comments?post=13392"}],"wp:featuredmedia":[{"embeddable":true,"href":"https:\/\/lofimusic.com.es\/index.php\/wp-json\/wp\/v2\/media\/13391"}],"wp:attachment":[{"href":"https:\/\/lofimusic.com.es\/index.php\/wp-json\/wp\/v2\/media?parent=13392"}],"wp:term":[{"taxonomy":"product_cat","embeddable":true,"href":"https:\/\/lofimusic.com.es\/index.php\/wp-json\/wp\/v2\/product_cat?post=13392"},{"taxonomy":"product_tag","embeddable":true,"href":"https:\/\/lofimusic.com.es\/index.php\/wp-json\/wp\/v2\/product_tag?post=13392"}],"curies":[{"name":"wp","href":"https:\/\/api.w.org\/{rel}","templated":true}]}}