{"id":13390,"date":"2025-03-17T20:20:14","date_gmt":"2025-03-17T20:20:14","guid":{"rendered":"https:\/\/lofimusic.com.es\/index.php\/producto\/b0drygpfs4_es\/"},"modified":"2025-03-17T20:20:14","modified_gmt":"2025-03-17T20:20:14","slug":"b0drygpfs4_es","status":"publish","type":"product","link":"https:\/\/lofimusic.com.es\/index.php\/producto\/b0drygpfs4_es\/","title":{"rendered":"B0DRYGPFS4_ES"},"content":{"rendered":"<p>&#8211; Adecuado para diferentes ocasiones, como en casa o de viaje.<br \/>\n&#8211; Ayuda a mejorar los problemas respiratorios causados por la congesti\u00f3n nasal.<br \/>\n&#8211; Se adapta a la mayor\u00eda de las formas de nariz, proporcionando una amplia gama de adaptabilidad al usuario.<br \/>\n&#8211; El material suave reduce la irritaci\u00f3n de la piel.<br \/>\n&#8211; Proporciona un apoyo nasal adicional para facilitar la respiraci\u00f3n.<\/p>\n","protected":false},"excerpt":{"rendered":"<p>Publicidad Tiras Nasales Negras Antirronquidos, Para Mejor Respiraci\u00f3n y Reducci\u00f3n de Ronquidos durante el Descanso para un Sue\u00f1o Tranquilo<\/p>\n","protected":false},"featured_media":13389,"comment_status":"open","ping_status":"closed","template":"","meta":[],"product_cat":[15],"product_tag":[],"class_list":{"0":"post-13390","1":"product","2":"type-product","3":"status-publish","4":"has-post-thumbnail","6":"product_cat-sin-categorizar","7":"nodate","8":"item-wrap","10":"first","11":"instock","12":"shipping-taxable","13":"product-type-external"},"_links":{"self":[{"href":"https:\/\/lofimusic.com.es\/index.php\/wp-json\/wp\/v2\/product\/13390","targetHints":{"allow":["GET"]}}],"collection":[{"href":"https:\/\/lofimusic.com.es\/index.php\/wp-json\/wp\/v2\/product"}],"about":[{"href":"https:\/\/lofimusic.com.es\/index.php\/wp-json\/wp\/v2\/types\/product"}],"replies":[{"embeddable":true,"href":"https:\/\/lofimusic.com.es\/index.php\/wp-json\/wp\/v2\/comments?post=13390"}],"wp:featuredmedia":[{"embeddable":true,"href":"https:\/\/lofimusic.com.es\/index.php\/wp-json\/wp\/v2\/media\/13389"}],"wp:attachment":[{"href":"https:\/\/lofimusic.com.es\/index.php\/wp-json\/wp\/v2\/media?parent=13390"}],"wp:term":[{"taxonomy":"product_cat","embeddable":true,"href":"https:\/\/lofimusic.com.es\/index.php\/wp-json\/wp\/v2\/product_cat?post=13390"},{"taxonomy":"product_tag","embeddable":true,"href":"https:\/\/lofimusic.com.es\/index.php\/wp-json\/wp\/v2\/product_tag?post=13390"}],"curies":[{"name":"wp","href":"https:\/\/api.w.org\/{rel}","templated":true}]}}