{"id":13388,"date":"2025-03-17T20:19:59","date_gmt":"2025-03-17T20:19:59","guid":{"rendered":"https:\/\/lofimusic.com.es\/index.php\/producto\/b0dryjwt4m_es\/"},"modified":"2025-03-17T20:19:59","modified_gmt":"2025-03-17T20:19:59","slug":"b0dryjwt4m_es","status":"publish","type":"product","link":"https:\/\/lofimusic.com.es\/index.php\/producto\/b0dryjwt4m_es\/","title":{"rendered":"B0DRYJWT4M_ES"},"content":{"rendered":"<p>&#8211; Ayuda a aliviar las dificultades respiratorias causadas por la congesti\u00f3n nasal.<br \/>\n&#8211; Se adapta f\u00e1cilmente a la nariz y proporciona un c\u00f3modo soporte durante toda la noche.<br \/>\n&#8211; Ayuda a mejorar la respiraci\u00f3n y aumentar la comodidad general del sue\u00f1o.<br \/>\n&#8211; Su fuerte adhesivo garantiza un ajuste seguro durante toda la noche.<br \/>\n&#8211; Mejora la respiraci\u00f3n sin afectar al aspecto.<\/p>\n","protected":false},"excerpt":{"rendered":"<p>Publicidad Tiras Nasales Negras Antirronquidos, Para Respiraci\u00f3n Mejorada y Sue\u00f1o Pl\u00e1cido sin Ronquidos Durante la Noche<\/p>\n","protected":false},"featured_media":13387,"comment_status":"open","ping_status":"closed","template":"","meta":[],"product_cat":[15],"product_tag":[],"class_list":{"0":"post-13388","1":"product","2":"type-product","3":"status-publish","4":"has-post-thumbnail","6":"product_cat-sin-categorizar","7":"nodate","8":"item-wrap","10":"first","11":"instock","12":"shipping-taxable","13":"product-type-external"},"_links":{"self":[{"href":"https:\/\/lofimusic.com.es\/index.php\/wp-json\/wp\/v2\/product\/13388","targetHints":{"allow":["GET"]}}],"collection":[{"href":"https:\/\/lofimusic.com.es\/index.php\/wp-json\/wp\/v2\/product"}],"about":[{"href":"https:\/\/lofimusic.com.es\/index.php\/wp-json\/wp\/v2\/types\/product"}],"replies":[{"embeddable":true,"href":"https:\/\/lofimusic.com.es\/index.php\/wp-json\/wp\/v2\/comments?post=13388"}],"wp:featuredmedia":[{"embeddable":true,"href":"https:\/\/lofimusic.com.es\/index.php\/wp-json\/wp\/v2\/media\/13387"}],"wp:attachment":[{"href":"https:\/\/lofimusic.com.es\/index.php\/wp-json\/wp\/v2\/media?parent=13388"}],"wp:term":[{"taxonomy":"product_cat","embeddable":true,"href":"https:\/\/lofimusic.com.es\/index.php\/wp-json\/wp\/v2\/product_cat?post=13388"},{"taxonomy":"product_tag","embeddable":true,"href":"https:\/\/lofimusic.com.es\/index.php\/wp-json\/wp\/v2\/product_tag?post=13388"}],"curies":[{"name":"wp","href":"https:\/\/api.w.org\/{rel}","templated":true}]}}