{"id":13386,"date":"2025-03-17T18:55:47","date_gmt":"2025-03-17T18:55:47","guid":{"rendered":"https:\/\/lofimusic.com.es\/index.php\/producto\/b0czcfb2bm_es\/"},"modified":"2025-03-17T18:55:47","modified_gmt":"2025-03-17T18:55:47","slug":"b0czcfb2bm_es","status":"publish","type":"product","link":"https:\/\/lofimusic.com.es\/index.php\/producto\/b0czcfb2bm_es\/","title":{"rendered":"B0CZCFB2BM_ES"},"content":{"rendered":"<p>&#8211; \u3010L\u00e1piz tactil 3-en-1\u3011Construyendo sobre la base de las puntas de goma dobles, esta nueva versi\u00f3n agrega una punta de disco transparente m\u00e1s precisa y sensible, y viene con una tapa protectora. Este l\u00e1piz tablet cumple con varias necesidades en su vida diaria, ya sea haciendo clic en iconos, escribiendo, dibujando o jugando juegos, puede manejarlos todos con facilidad.<br \/>\n&#8211; \u3010Protecci\u00f3n de pantalla\u3011Lapiz tactil est\u00e1 hecho de una delicada y suave punta sensible de goma incorporada, puede usar lapiz tactil movil para proteger su pantalla de rasgu\u00f1os y no dejar huellas dactilares cuando trabaja o juega, boli para tablet tambi\u00e9n puede aumentar su sensibilidad, lapiz tactil movil es muy adecuado para dibujar, escribir, etc<br \/>\n&#8211; \u3010Alta sensibilidad y precisi\u00f3n\u3011La punta del disco es transparente, lo que permite ver el punto de contacto, lo que la hace muy precisa y receptiva. \u00c1ngulo de escritura flexible de 180\u00b0 para un uso c\u00f3modo. Puede obtener una experiencia de escritura o pintura m\u00e1s suave, sin retrasos, sin interrupciones, sin rayar la pantalla.<br \/>\n&#8211; \u3010Amplia gama de compatibilidad\u3011El l\u00e1piz tablet universal es compatible con todos los tel\u00e9fonos m\u00f3viles capacitivos, tabletas, port\u00e1tiles con pantalla t\u00e1ctil y lectores electr\u00f3nicos. Como i-Pad \/ i-Phone \/ Sam-sung Galaxy \/ Xiao-mi \/ Hua-wei y as\u00ed sucesivamente. Pueden trabajar en la pantalla en lugar de con los dedos.<br \/>\n&#8211; \u3010El paquete contiene\u30112 l\u00e1pices, 4 puntas de goma de 5 mm, 4 puntas de goma de 7 mm y 2 puntas de disco para prolongar la vida \u00fatil de tu l\u00e1piz \u00f3ptico. Las 3 puntas son reemplazables y se pueden cambiar en segundos.<\/p>\n","protected":false},"excerpt":{"rendered":"<p>Publicidad liuchanghe Lapiz para Tablet, 3 en 1 Lapiz para i-Pad\/i-Phone\/Sam-Sung\/Android, L\u00e1piz t\u00e1ctil Universal de Alta Sensibilidad y Precisi\u00f3n con 10 Puntas de Repuesto (Negro + Oro Rosa)<\/p>\n","protected":false},"featured_media":13385,"comment_status":"open","ping_status":"closed","template":"","meta":[],"product_cat":[15],"product_tag":[],"class_list":{"0":"post-13386","1":"product","2":"type-product","3":"status-publish","4":"has-post-thumbnail","6":"product_cat-sin-categorizar","7":"nodate","8":"item-wrap","10":"first","11":"instock","12":"shipping-taxable","13":"product-type-external"},"_links":{"self":[{"href":"https:\/\/lofimusic.com.es\/index.php\/wp-json\/wp\/v2\/product\/13386","targetHints":{"allow":["GET"]}}],"collection":[{"href":"https:\/\/lofimusic.com.es\/index.php\/wp-json\/wp\/v2\/product"}],"about":[{"href":"https:\/\/lofimusic.com.es\/index.php\/wp-json\/wp\/v2\/types\/product"}],"replies":[{"embeddable":true,"href":"https:\/\/lofimusic.com.es\/index.php\/wp-json\/wp\/v2\/comments?post=13386"}],"wp:featuredmedia":[{"embeddable":true,"href":"https:\/\/lofimusic.com.es\/index.php\/wp-json\/wp\/v2\/media\/13385"}],"wp:attachment":[{"href":"https:\/\/lofimusic.com.es\/index.php\/wp-json\/wp\/v2\/media?parent=13386"}],"wp:term":[{"taxonomy":"product_cat","embeddable":true,"href":"https:\/\/lofimusic.com.es\/index.php\/wp-json\/wp\/v2\/product_cat?post=13386"},{"taxonomy":"product_tag","embeddable":true,"href":"https:\/\/lofimusic.com.es\/index.php\/wp-json\/wp\/v2\/product_tag?post=13386"}],"curies":[{"name":"wp","href":"https:\/\/api.w.org\/{rel}","templated":true}]}}