{"id":13376,"date":"2025-03-17T15:48:58","date_gmt":"2025-03-17T15:48:58","guid":{"rendered":"https:\/\/lofimusic.com.es\/index.php\/producto\/b0dzhqcw9q_fr\/"},"modified":"2025-03-17T15:48:58","modified_gmt":"2025-03-17T15:48:58","slug":"b0dzhqcw9q_fr","status":"publish","type":"product","link":"https:\/\/lofimusic.com.es\/index.php\/producto\/b0dzhqcw9q_fr\/","title":{"rendered":"B0DZHQCW9Q_FR"},"content":{"rendered":"<p>&#8211; Ouvrez-vous ! Vivez plus de plaisir avec un menottes sexy \u00e9rotique: Tirez leurs jambes vers l&#8217;arri\u00e8re et placez leurs poignets sur les menottes pour les p\u00e9n\u00e9trer profond\u00e9ment pendant qu&#8217;ils se laissent aller au plaisir. Expos\u00e9s et vuln\u00e9rables, ils sont grands ouverts pour les taquineries et les tourments ! Ou mettez-les \u00e0 genoux, face contre terre, pour une fess\u00e9e ou une levrette coquine ! Vous pouvez m\u00eame verrouiller les boucles pour intensifier la sensation de leur captivit\u00e9 !<br \/>\n&#8211; Aventures de bondage au lit avec des sex toy\u0301s femme couple bdsm : Comprend deux attaches restrictives pour maintenir votre soumis exactement o\u00f9 vous le souhaitez. Le cou rembourr\u00e9 offre un soutien et se connecte aux sangles de jambes r\u00e9glables pour le maintenir dans une position id\u00e9ale et l&#8217;incliner au bon endroit pendant que vous le baisez. Allez plus loin que jamais, tandis que leurs jambes sont tir\u00e9es vers l&#8217;arri\u00e8re et ouvertes pour votre invasion.<br \/>\n&#8211; Sling sextoy pour un confort ultime : Levez les genoux et menottez vos poignets. Les menottes r\u00e9glables aux cuisses vous aident \u00e0 trouver l&#8217;ajustement parfait pour une p\u00e9n\u00e9tration maximale ! Les menottes \u00e9paisses et douces au niveau du cou et des cuisses sont con\u00e7ues pour amortir le corps, assurant votre confort et celui de votre partenaire. Un harnais rembourr\u00e9 pr\u00e9pare votre partenaire \u00e0 toutes sortes de plaisirs coquins : attachez-lui les mains et \u00e9cartez les jambes pour la douleur, le plaisir, ou un peu des deux !<br \/>\n&#8211; Longueur r\u00e9glable du bondage menottes sex lit : Les kits de bondage sont r\u00e9glables des deux c\u00f4t\u00e9s, vous permettant de trouver l&#8217;angle exact pour une vue et une p\u00e9n\u00e9tration optimales. Le support de nuque offre m\u00eame \u00e0 votre partenaire une vue plus confortable tout en observant l&#8217;action ! Les menottes de chaque c\u00f4t\u00e9 du cou transforment facilement votre exp\u00e9rience sexuelle en une sc\u00e8ne de bondage et de jeux de pouvoir. Explorez les profondeurs de l&#8217;extase de votre partenaire !<br \/>\n&#8211; Cet ensemble bdsm sex toys s&#8217;adapte parfaitement \u00e0 votre corps ! Ce harnais rembourr\u00e9 est livr\u00e9 avec des menottes et des sangles de jambes, vous permettant d&#8217;ajouter encore plus de contraintes, d&#8217;attacher votre partenaire et de mettre en valeur votre partenaire ! Stimulez ses zones sensibles ou punissez-la pour son mauvais comportement sans vous soucier de l&#8217;inconfort de votre esclave. Parfait pour les amateurs comme pour les experts en BDSM, cette \u00e9charpe rembourr\u00e9e est pr\u00eate pour un jeu brutal mais confortable !<\/p>\n","protected":false},"excerpt":{"rendered":"<p>publicit\u00e9Sex Toy\u0301s Femme Couple Menottes Sexy \u00c9rotique Menottes Sex Lit BDSM Kits de Bondage Menotte Sex Toys Jouet Sexualit\u00e9 Couple Kit BDSM Sextoy Jeux Sexuelle Adulte Couple Bdsms Set Accessoires<\/p>\n","protected":false},"featured_media":13375,"comment_status":"open","ping_status":"closed","template":"","meta":[],"product_cat":[15],"product_tag":[],"class_list":{"0":"post-13376","1":"product","2":"type-product","3":"status-publish","4":"has-post-thumbnail","6":"product_cat-sin-categorizar","7":"nodate","8":"item-wrap","10":"first","11":"instock","12":"shipping-taxable","13":"product-type-external"},"_links":{"self":[{"href":"https:\/\/lofimusic.com.es\/index.php\/wp-json\/wp\/v2\/product\/13376","targetHints":{"allow":["GET"]}}],"collection":[{"href":"https:\/\/lofimusic.com.es\/index.php\/wp-json\/wp\/v2\/product"}],"about":[{"href":"https:\/\/lofimusic.com.es\/index.php\/wp-json\/wp\/v2\/types\/product"}],"replies":[{"embeddable":true,"href":"https:\/\/lofimusic.com.es\/index.php\/wp-json\/wp\/v2\/comments?post=13376"}],"wp:featuredmedia":[{"embeddable":true,"href":"https:\/\/lofimusic.com.es\/index.php\/wp-json\/wp\/v2\/media\/13375"}],"wp:attachment":[{"href":"https:\/\/lofimusic.com.es\/index.php\/wp-json\/wp\/v2\/media?parent=13376"}],"wp:term":[{"taxonomy":"product_cat","embeddable":true,"href":"https:\/\/lofimusic.com.es\/index.php\/wp-json\/wp\/v2\/product_cat?post=13376"},{"taxonomy":"product_tag","embeddable":true,"href":"https:\/\/lofimusic.com.es\/index.php\/wp-json\/wp\/v2\/product_tag?post=13376"}],"curies":[{"name":"wp","href":"https:\/\/api.w.org\/{rel}","templated":true}]}}