{"id":1245,"date":"2024-09-14T12:03:44","date_gmt":"2024-09-14T12:03:44","guid":{"rendered":"https:\/\/lofimusic.com.es\/index.php\/producto\/b0dd7bhcp6_de-2\/"},"modified":"2024-09-14T12:03:44","modified_gmt":"2024-09-14T12:03:44","slug":"b0dd7bhcp6_de-2","status":"publish","type":"product","link":"https:\/\/lofimusic.com.es\/index.php\/producto\/b0dd7bhcp6_de-2\/","title":{"rendered":"B0DD7BHCP6_DE"},"content":{"rendered":"<p>&#8211; \u3010Unsch\u00e4dlich f\u00fcr Menschen und Haustiere\u3011Der maulwurfschreck es sendet alle 30 Sekunden 2 Sekunden lang Impulse aus,die vibrationen und schallwellen erzeugen,maulwurf vertreiben,die tier wie m\u00e4use,maulw\u00fcrfe,w\u00fchlm\u00e4use und gophers abschrecken,ohne chemikalien zu verwenden,die den boden.Der maulwurfschreck ist nicht sch\u00e4dlich f\u00fcr Menschen und Haustiere.W\u00fclmausstopp w\u00fchlm\u00e4use vertreiben.<br \/>\n&#8211; \u3010Breiter Wirkungsbereich\u3011 Das Solar-Maulwurf-Abwehrmittel ist leistungsstark und effektiv, das Ger\u00e4t arbeitet in einem kreisf\u00f6rmigen Muster, mit einer Reichweite von ca. 15 Metern und deckt bis zu 650 Quadratmetern ab. Wir empfehlen Ihnen, 2 oder 4 Ger\u00e4te alle 100 Meter im Garten oder auf der Terrasse zu installieren, um beste Ergebnisse zu erzielen.<br \/>\n&#8211; \u3010Effizient und sicher\u3011 Der Solar Mole Repeller vibriert und erzeugt ca Schallwellen. Der Ultraschall-Solar-Repeller ist wirksam gegen Nagetiere wie Kakerlaken, Ratten, M\u00e4use, Schlangen und andere Sch\u00e4dlinge, stimuliert das zentrale Nervensystem der M\u00e4use durch Vibrieren und Ausgabe von Schallwellen von 400 bis 1000 Hz. Es ist sehr effizient bei der Beseitigung von Maulwurf und Maus, kann Maulw\u00fcrfe, Schlangen, Nagetiere und andere zerst\u00f6rbare Nagetiere vertreiben.<br \/>\n&#8211; \u3010Solarenergie\u3011Eingebaute High-Tech-Solarpanel, kann direkt mit Sonnenenergie aufgeladen werden, ben\u00f6tigt keine zus\u00e4tzlichen Batterien, spart viel Energie, praktisch und umweltfreundlich. Das dauert nur 5 Stunden, bis es in der Sonne aufgeladen ist.<br \/>\n&#8211; \u3010Hochwertiger After-Sales-Service\u3011Wenn sie bei der verwendung des produkts auf probleme sto\u00dfen,kontaktieren sie uns bitte rechtzeitig,wir werden Ihnen innerhalb von 24 stunden antworten und Ihnen eine zufriedenstellende antwort geben.Wenn sie mit unseren produkten nicht 100% zufrieden sind,geben Sie uns bitte wertvolle anregungen.<\/p>\n","protected":false},"excerpt":{"rendered":"<p>Werbung<br \/>\nSolar Maulwurf Vertreiber W\u00fchlmausschreck (4 St\u00fcck),Ultraschall Maulwurfschreck f\u00fcr Vertreiben W\u00fchlm\u00e4use,w\u00fchlm\u00e4use vertreiben,Maulw\u00fcrfe vertreibens,Maulwurfabwehr,Maulwurf vertreiber<\/p>\n","protected":false},"featured_media":1244,"comment_status":"open","ping_status":"closed","template":"","meta":[],"product_cat":[15],"product_tag":[],"class_list":{"0":"post-1245","1":"product","2":"type-product","3":"status-publish","4":"has-post-thumbnail","6":"product_cat-sin-categorizar","7":"nodate","8":"item-wrap","10":"first","11":"instock","12":"shipping-taxable","13":"product-type-external"},"_links":{"self":[{"href":"https:\/\/lofimusic.com.es\/index.php\/wp-json\/wp\/v2\/product\/1245","targetHints":{"allow":["GET"]}}],"collection":[{"href":"https:\/\/lofimusic.com.es\/index.php\/wp-json\/wp\/v2\/product"}],"about":[{"href":"https:\/\/lofimusic.com.es\/index.php\/wp-json\/wp\/v2\/types\/product"}],"replies":[{"embeddable":true,"href":"https:\/\/lofimusic.com.es\/index.php\/wp-json\/wp\/v2\/comments?post=1245"}],"wp:featuredmedia":[{"embeddable":true,"href":"https:\/\/lofimusic.com.es\/index.php\/wp-json\/wp\/v2\/media\/1244"}],"wp:attachment":[{"href":"https:\/\/lofimusic.com.es\/index.php\/wp-json\/wp\/v2\/media?parent=1245"}],"wp:term":[{"taxonomy":"product_cat","embeddable":true,"href":"https:\/\/lofimusic.com.es\/index.php\/wp-json\/wp\/v2\/product_cat?post=1245"},{"taxonomy":"product_tag","embeddable":true,"href":"https:\/\/lofimusic.com.es\/index.php\/wp-json\/wp\/v2\/product_tag?post=1245"}],"curies":[{"name":"wp","href":"https:\/\/api.w.org\/{rel}","templated":true}]}}