{"id":1231,"date":"2024-09-14T11:09:40","date_gmt":"2024-09-14T11:09:40","guid":{"rendered":"https:\/\/lofimusic.com.es\/index.php\/producto\/b0cz3gp6s3_de\/"},"modified":"2024-09-14T11:09:40","modified_gmt":"2024-09-14T11:09:40","slug":"b0cz3gp6s3_de","status":"publish","type":"product","link":"https:\/\/lofimusic.com.es\/index.php\/producto\/b0cz3gp6s3_de\/","title":{"rendered":"B0CZ3GP6S3_DE"},"content":{"rendered":"<p>&#8211; Erweiterte Bluetooth 5.3 Technologie: Kopfh\u00f6rer kabellos bluetooth sind mit der neuesten version der bluetooth 5.3-chiptechnologie ausgestattet, die die \u00fcbertragungsgeschwindigkeit von audiodaten um 80 % erh\u00f6htreduziert es 65% der Signalst\u00f6rungen, und ultraschnelle 0,1s-verbindungen sowie einen geringeren energieverbrauch erm\u00f6glicht (bis zu 15 meter \u00fcbertragungsreichweite). Sodass Sie auch in Gebieten mit komplexem Signal kontinuierliche und stabile Anrufe genie\u00dfen k\u00f6nnen.<br \/>\n&#8211; Smart Touch, IP7 wasserdicht: Die in-ear-ohrh\u00f6rer verf\u00fcgen \u00fcber empfindliche Touch-Bedienelemente. Tippen Sie auf das wireless kopfh\u00f6rer, um einfach abzuspielen\/zu pausieren, die Lautst\u00e4rke zu regeln, zwischen Titeln zu wechseln, Anrufe anzunehmen\/aufzulegen und den Sprachassistenten zu aktivieren. Der IP7-Wasserschutz sch\u00fctzt die kabellose kopfh\u00f6rer bluetooth effektiv vor Sch\u00e4den durch Schwei\u00df und Regentropfen. Dies verschafft Ihnen mehr Freiheit und Bequemlichkeit in Ihrem Alltag.<br \/>\n&#8211; Automatische Kopplung, Breite Palette an Kompatibilit\u00e4t: Die bluetooth in ear kopfh\u00f6rer k\u00f6nnen sich automatisch einschalten und mit dem zuletzt gekoppelten Ger\u00e4t verbinden, wenn Sie die Ladebox \u00f6ffnen, wodurch langwierige Operationen vermieden und Wartezeiten gespart werden. Die inear-kopfh\u00f6rer bluetooth kabellos lassen sich problemlos mit einer vielzahl von bluetooth-ger\u00e4ten koppeln, darunter ios\/android, tablets, laptops, ohne dass sie sich gedanken \u00fcber kompatibilit\u00e4tsprobleme machen m\u00fcssen.<\/p>\n","protected":false},"excerpt":{"rendered":"<p>Werbung<br \/>\nMotost Bluetooth 5.3 Kopfh\u00f6rer, Kopfh\u00f6rer Kabellos Bluetooth mit HiFi Stereo 40H Noise Cancelling Wireless Earbuds, In Ear Kopfh\u00f6rer mit 4 ENC Mic IP7 Wasserdicht Touch Control for Android iOS Gr\u00fcn<\/p>\n","protected":false},"featured_media":1230,"comment_status":"open","ping_status":"closed","template":"","meta":[],"product_cat":[15],"product_tag":[],"class_list":{"0":"post-1231","1":"product","2":"type-product","3":"status-publish","4":"has-post-thumbnail","6":"product_cat-sin-categorizar","7":"nodate","8":"item-wrap","10":"first","11":"instock","12":"shipping-taxable","13":"product-type-external"},"_links":{"self":[{"href":"https:\/\/lofimusic.com.es\/index.php\/wp-json\/wp\/v2\/product\/1231","targetHints":{"allow":["GET"]}}],"collection":[{"href":"https:\/\/lofimusic.com.es\/index.php\/wp-json\/wp\/v2\/product"}],"about":[{"href":"https:\/\/lofimusic.com.es\/index.php\/wp-json\/wp\/v2\/types\/product"}],"replies":[{"embeddable":true,"href":"https:\/\/lofimusic.com.es\/index.php\/wp-json\/wp\/v2\/comments?post=1231"}],"wp:featuredmedia":[{"embeddable":true,"href":"https:\/\/lofimusic.com.es\/index.php\/wp-json\/wp\/v2\/media\/1230"}],"wp:attachment":[{"href":"https:\/\/lofimusic.com.es\/index.php\/wp-json\/wp\/v2\/media?parent=1231"}],"wp:term":[{"taxonomy":"product_cat","embeddable":true,"href":"https:\/\/lofimusic.com.es\/index.php\/wp-json\/wp\/v2\/product_cat?post=1231"},{"taxonomy":"product_tag","embeddable":true,"href":"https:\/\/lofimusic.com.es\/index.php\/wp-json\/wp\/v2\/product_tag?post=1231"}],"curies":[{"name":"wp","href":"https:\/\/api.w.org\/{rel}","templated":true}]}}