{"id":1225,"date":"2024-09-14T11:00:27","date_gmt":"2024-09-14T11:00:27","guid":{"rendered":"https:\/\/lofimusic.com.es\/index.php\/producto\/b0cz3gp6s3_fr-2\/"},"modified":"2024-09-14T11:00:27","modified_gmt":"2024-09-14T11:00:27","slug":"b0cz3gp6s3_fr-2","status":"publish","type":"product","link":"https:\/\/lofimusic.com.es\/index.php\/producto\/b0cz3gp6s3_fr-2\/","title":{"rendered":"B0CZ3GP6S3_FR"},"content":{"rendered":"<p>&#8211; \u00c9couteurs Bluetooth 5.3 et appariement en une \u00e9tape : les \u00e9couteurs sans fil adoptent la version 5.3 de puce qui offre une transmission stable, r\u00e9siste fortement aux interf\u00e9rences. Faible latence et signal stable promettent une exp\u00e9rience d&#8217;utilisation fluide, que vous regardiez un film ou \u00e9coutiez de la musique. Il vous suffit de retirer les \u00e9couteurs de l&#8217;\u00e9tui de chargement et ils se connecteront automatiquement \u00e0 votre t\u00e9l\u00e9phone apr\u00e8s le premier appairage.<br \/>\n&#8211; L\u00e9ger et \u00e9tanche IP7 : compact et facile \u00e0 transporter. Un seul bouchon d&#8217;oreille ne p\u00e8se que 4 g, l\u00e9ger, vous ne pouvez pas sentir son existence apr\u00e8s l&#8217;avoir port\u00e9. Et ces \u00e9couteurs Bluetooth sont \u00e9tanches IP7, le nano-rev\u00eatement sur la surface des \u00e9couteurs peut emp\u00eacher l&#8217;eau et la sueur de p\u00e9n\u00e9trer. Remarque : ne convient pas pour une utilisation pendant la natation.<\/p>\n","protected":false},"excerpt":{"rendered":"<p>publicit\u00e9\u00c9couteurs intra-auriculaires sans fil Bluetooth 5.3 avec 4 micros ENC, \u00e9couteurs Bluetooth de sport l\u00e9gers de 40 heures, basses profondes 2024, \u00e9cran LED\/\u00e9tanch\u00e9it\u00e9 IP7, vert clair<\/p>\n","protected":false},"featured_media":1224,"comment_status":"open","ping_status":"closed","template":"","meta":[],"product_cat":[15],"product_tag":[],"class_list":{"0":"post-1225","1":"product","2":"type-product","3":"status-publish","4":"has-post-thumbnail","6":"product_cat-sin-categorizar","7":"nodate","8":"item-wrap","10":"first","11":"instock","12":"shipping-taxable","13":"product-type-external"},"_links":{"self":[{"href":"https:\/\/lofimusic.com.es\/index.php\/wp-json\/wp\/v2\/product\/1225","targetHints":{"allow":["GET"]}}],"collection":[{"href":"https:\/\/lofimusic.com.es\/index.php\/wp-json\/wp\/v2\/product"}],"about":[{"href":"https:\/\/lofimusic.com.es\/index.php\/wp-json\/wp\/v2\/types\/product"}],"replies":[{"embeddable":true,"href":"https:\/\/lofimusic.com.es\/index.php\/wp-json\/wp\/v2\/comments?post=1225"}],"wp:featuredmedia":[{"embeddable":true,"href":"https:\/\/lofimusic.com.es\/index.php\/wp-json\/wp\/v2\/media\/1224"}],"wp:attachment":[{"href":"https:\/\/lofimusic.com.es\/index.php\/wp-json\/wp\/v2\/media?parent=1225"}],"wp:term":[{"taxonomy":"product_cat","embeddable":true,"href":"https:\/\/lofimusic.com.es\/index.php\/wp-json\/wp\/v2\/product_cat?post=1225"},{"taxonomy":"product_tag","embeddable":true,"href":"https:\/\/lofimusic.com.es\/index.php\/wp-json\/wp\/v2\/product_tag?post=1225"}],"curies":[{"name":"wp","href":"https:\/\/api.w.org\/{rel}","templated":true}]}}