{"id":119,"date":"2024-09-13T16:13:06","date_gmt":"2024-09-13T16:13:06","guid":{"rendered":"https:\/\/lofimusic.com.es\/index.php\/producto\/b0ch9f1f6v_fr\/"},"modified":"2024-09-13T16:13:06","modified_gmt":"2024-09-13T16:13:06","slug":"b0ch9f1f6v_fr","status":"publish","type":"product","link":"https:\/\/lofimusic.com.es\/index.php\/producto\/b0ch9f1f6v_fr\/","title":{"rendered":"B0CH9F1F6V_FR"},"content":{"rendered":"<p>&#8211; Exp\u00e9rience merveilleuse : en raison de la conception scientifique du masseur, la t\u00eate douce peut stimuler diverses parties du corps et les zones environnantes. Il vous permet de profiter d&#8217;une exp\u00e9rience de vie r\u00e9elle tout en relaxant votre corps<br \/>\n&#8211; 7 vitesses diff\u00e9rentes &#8211; Le masseur est \u00e9quip\u00e9 de modes de massage d&#8217;intensit\u00e9s et de rythmes vari\u00e9s, il peut donc vous aider \u00e0 lib\u00e9rer efficacement l&#8217;anxi\u00e9t\u00e9 et le stress<br \/>\n&#8211; Muet + \u00c9tanche : Le bruit est inf\u00e9rieur \u00e0 50 d\u00e9cibels, m\u00eame si l&#8217;isolation phonique n&#8217;est pas bonne, aucun son ne peut \u00eatre entendu dans la pi\u00e8ce voisine. La coque en silicone sans couture convient aux salles de bains ou aux piscines<br \/>\n&#8211; Mat\u00e9riaux de haute qualit\u00e9: silicone de qualit\u00e9 m\u00e9dicale, pas d&#8217;odeur particuli\u00e8re, pas facile \u00e0 d\u00e9former et \u00e0 craquer, pas de mal au corps humain, des mat\u00e9riaux doux et confortables peuvent vous aider \u00e0 soulager le stress<br \/>\n&#8211; Garantie et service : Si vous avez des questions sur le produit, vous pouvez contacter notre service client en lign<\/p>\n","protected":false},"excerpt":{"rendered":"<p>publicit\u00e9<br \/>\nVibromasseurs feminin clitoridien 7 modes sex toy\u0301s femme r\u00e9aliste Femme clitoridien suceur clitoridien stimulateur Chargement USB (120.04mm)<\/p>\n","protected":false},"featured_media":118,"comment_status":"open","ping_status":"closed","template":"","meta":[],"product_cat":[15],"product_tag":[],"class_list":{"0":"post-119","1":"product","2":"type-product","3":"status-publish","4":"has-post-thumbnail","6":"product_cat-sin-categorizar","7":"nodate","8":"item-wrap","10":"first","11":"instock","12":"shipping-taxable","13":"product-type-external"},"_links":{"self":[{"href":"https:\/\/lofimusic.com.es\/index.php\/wp-json\/wp\/v2\/product\/119","targetHints":{"allow":["GET"]}}],"collection":[{"href":"https:\/\/lofimusic.com.es\/index.php\/wp-json\/wp\/v2\/product"}],"about":[{"href":"https:\/\/lofimusic.com.es\/index.php\/wp-json\/wp\/v2\/types\/product"}],"replies":[{"embeddable":true,"href":"https:\/\/lofimusic.com.es\/index.php\/wp-json\/wp\/v2\/comments?post=119"}],"wp:featuredmedia":[{"embeddable":true,"href":"https:\/\/lofimusic.com.es\/index.php\/wp-json\/wp\/v2\/media\/118"}],"wp:attachment":[{"href":"https:\/\/lofimusic.com.es\/index.php\/wp-json\/wp\/v2\/media?parent=119"}],"wp:term":[{"taxonomy":"product_cat","embeddable":true,"href":"https:\/\/lofimusic.com.es\/index.php\/wp-json\/wp\/v2\/product_cat?post=119"},{"taxonomy":"product_tag","embeddable":true,"href":"https:\/\/lofimusic.com.es\/index.php\/wp-json\/wp\/v2\/product_tag?post=119"}],"curies":[{"name":"wp","href":"https:\/\/api.w.org\/{rel}","templated":true}]}}