{"id":1187,"date":"2024-09-14T08:16:30","date_gmt":"2024-09-14T08:16:30","guid":{"rendered":"https:\/\/lofimusic.com.es\/index.php\/producto\/b0d1c92w63_de-2\/"},"modified":"2024-09-14T08:16:30","modified_gmt":"2024-09-14T08:16:30","slug":"b0d1c92w63_de-2","status":"publish","type":"product","link":"https:\/\/lofimusic.com.es\/index.php\/producto\/b0d1c92w63_de-2\/","title":{"rendered":"B0D1C92W63_DE"},"content":{"rendered":"<p>&#8211; Podcast-Ausr\u00fcstungs-Set f\u00fcr 2: Das Podcast-Ausr\u00fcstungs-Set ist ausgestattet mit zwei BM-800-Kondensatormikrofons, doppellagigem Pop-Filter, einem verstellbaren Scherenarmst\u00e4nder, Sto\u00dfhalterung, Anti-Wind-Schaumkappe, Kopfh\u00f6rer, Netzkabel, Live-Soundkarte. Bevorzugen Sie zum Durchf\u00fchren von Podcasts, Live-\u00dcbertragungen, Stream-Medien und zum Aufnehmen von Musik und kurzen Videos.<br \/>\n&#8211; Hervorragende Klangqualit\u00e4t: Mit robuster Konstruktion f\u00fcr dauerhafte Leistung bietet das Gesangsmikrofon einen breiten Frequenzgang und bew\u00e4ltigt hohe Schalldruckpegel mit Leichtigkeit. Ideal f\u00fcr Projekt-\/Heimstudio-Anwendungen. Die Nierenkondensatorkapsel bietet kristallklaren Klang f\u00fcr Kommunikation, Erstellen und Aufnahmen.<br \/>\n&#8211; USB-Plug-and-Play-Anschluss: Das USB-Kondensatormikrofon-Set ist einfach einzurichten als Plug-and-Play, um Ihre verschiedenen Bed\u00fcrfnisse zu erf\u00fcllen. Funktioniert automatisch mit Ihrem Mac oder Windows Desktop Laptop Computer &#8211; keine Phantomspeisung erforderlich. Bietet ein einfaches und effizientes System f\u00fcr Gesangs-, Podcast-, Gesangs- und Voice-Over-Anwendungen.<br \/>\n&#8211; Starke Kompatibilit\u00e4t: Der DJ-Mixer kann Smartphone, PC, Playstation (PS4, Xbox&#8230;) usw. unterst\u00fctzen. Er kann mit Windows, iOS, Android, Mac OS, Chrome OS usw. kompatibel sein. Auch das Soundboard kann auf OBS, Audacity, iMovie usw. verwendet werden. Dieses Podcast-Ausr\u00fcstungsset erf\u00fcllt die Verwendung der meisten Szenen. Freies Laufwerk, Plug-and-Play.<br \/>\n&#8211; Das Set beinhaltet: Die professionelle Aufnahmestudio-Ausr\u00fcstung ist ausgestattet mit einem BM-800-Kondensatormikrofon, einem doppellagigen Pop-Filter, einem verstellbaren Scherenarmst\u00e4nder f\u00fcr die Soundkarte, einem Stromkabel, einer sto\u00dffesten Schaumstoffkappe, einem Paar Kopfh\u00f6rer und einer V8-Live-Soundkarte.<br \/>\n&#8211; \u2757\u2757\u2757 \u3010Achtung\u3011Wenn Sie das Ger\u00e4t zum ersten Mal verwenden oder das Produkt l\u00e4ngere Zeit nicht verwendet wurde, empfehlen wir, dass Sie den Akku zuerst vollst\u00e4ndig aufladen, um die normale Verwendung des Produkts zu gew\u00e4hrleisten. If the driver does not automatically download, you can contact our ALPOWL professional after-sales team, and we will do our best to help you solve the problem.<br \/>\n&#8211; \u3010ALPOWL VERSPRECHEN\u3011 Wir bem\u00fchen uns, qualitativ hochwertige Produkte anzubieten, um Ihrer Familie und Freunden Freude zu bereiten. 365 Tage Ersatzservice, lebenslanger Technologie-Support, bestellen Sie mit vollem Vertrauen. Kontaktieren Sie uns einfach, wenn Sie Fragen haben, und wir werden unser Bestes versuchen, Ihnen zu helfen, Probleme zu l\u00f6sen.<\/p>\n","protected":false},"excerpt":{"rendered":"<p>Werbung<br \/>\nPodcast Mikrofon B\u00fcndeln f\u00fcr 2, ALPOWL Audio-Interface mit Nierencharakteristik BM800 Mikrofon f\u00fcr Gamer und All-in-One DJ-Mixer, perfekt f\u00fcr Live-Streaming, Singen, YouTube, Gaming<\/p>\n","protected":false},"featured_media":1186,"comment_status":"open","ping_status":"closed","template":"","meta":[],"product_cat":[15],"product_tag":[],"class_list":{"0":"post-1187","1":"product","2":"type-product","3":"status-publish","4":"has-post-thumbnail","6":"product_cat-sin-categorizar","7":"nodate","8":"item-wrap","10":"first","11":"instock","12":"shipping-taxable","13":"product-type-external"},"_links":{"self":[{"href":"https:\/\/lofimusic.com.es\/index.php\/wp-json\/wp\/v2\/product\/1187","targetHints":{"allow":["GET"]}}],"collection":[{"href":"https:\/\/lofimusic.com.es\/index.php\/wp-json\/wp\/v2\/product"}],"about":[{"href":"https:\/\/lofimusic.com.es\/index.php\/wp-json\/wp\/v2\/types\/product"}],"replies":[{"embeddable":true,"href":"https:\/\/lofimusic.com.es\/index.php\/wp-json\/wp\/v2\/comments?post=1187"}],"wp:featuredmedia":[{"embeddable":true,"href":"https:\/\/lofimusic.com.es\/index.php\/wp-json\/wp\/v2\/media\/1186"}],"wp:attachment":[{"href":"https:\/\/lofimusic.com.es\/index.php\/wp-json\/wp\/v2\/media?parent=1187"}],"wp:term":[{"taxonomy":"product_cat","embeddable":true,"href":"https:\/\/lofimusic.com.es\/index.php\/wp-json\/wp\/v2\/product_cat?post=1187"},{"taxonomy":"product_tag","embeddable":true,"href":"https:\/\/lofimusic.com.es\/index.php\/wp-json\/wp\/v2\/product_tag?post=1187"}],"curies":[{"name":"wp","href":"https:\/\/api.w.org\/{rel}","templated":true}]}}