{"id":1185,"date":"2024-09-14T08:16:24","date_gmt":"2024-09-14T08:16:24","guid":{"rendered":"https:\/\/lofimusic.com.es\/index.php\/producto\/b0d1c92w63_fr\/"},"modified":"2024-09-14T08:16:24","modified_gmt":"2024-09-14T08:16:24","slug":"b0d1c92w63_fr","status":"publish","type":"product","link":"https:\/\/lofimusic.com.es\/index.php\/producto\/b0d1c92w63_fr\/","title":{"rendered":"B0D1C92W63_FR"},"content":{"rendered":"<p>&#8211; Ensemble d&#8217;\u00e9quipement de podcast pour 2 : l&#8217;ensemble d&#8217;\u00e9quipement de podcast est \u00e9quip\u00e9 de deux microphones \u00e0 condensateur BM-800, d&#8217;un filtre anti-pop double couche, d&#8217;un bras de suspension r\u00e9glable, d&#8217;un support antichoc, d&#8217;un capuchon en mousse anti-vent, d&#8217;\u00e9couteurs, d&#8217;un c\u00e2ble d&#8217;alimentation, d&#8217;une carte son en direct. Vous pouvez \u00e9galement effectuer des podcasts, diffuser des m\u00e9dias en direct, enregistrer de la musique et de courtes vid\u00e9os.<br \/>\n&#8211; Excellente qualit\u00e9 sonore : avec une construction robuste pour une performance durable, le microphone vocal offre une large r\u00e9ponse en fr\u00e9quence et g\u00e8re facilement les SPL \u00e9lev\u00e9s. Id\u00e9al pour les applications de projet\/studio \u00e0 domicile. La capsule \u00e0 condensateur cardio\u00efde offre un son cristallin pour communiquer, cr\u00e9er et enregistrer.<br \/>\n&#8211; Connexion USB Plug and Play : Le kit de microphone \u00e0 condensateur USB est facile \u00e0 configurer comme Plug and Play pour r\u00e9pondre \u00e0 vos diff\u00e9rents besoins. Fonctionne automatiquement avec votre ordinateur portable Mac ou Windows &#8211; Aucune alimentation fant\u00f4me n\u00e9cessaire. Fournit un syst\u00e8me simple et efficace pour les applications vocales, podcast, chant et voix off.<br \/>\n&#8211; Forte compatibilit\u00e9 : La table de mixage DJ peut prendre en charge un smartphone, un PC, une station de lecture (PS4, Xbox&#8230;), etc. Elle peut \u00eatre compatible avec Windows, iOS, Android, Mac OS, Chrome OS, etc. La carte son peut \u00e9galement \u00eatre utilis\u00e9e sur OBS, Audacity, iMovie, etc. Ce kit d&#8217;\u00e9quipement de podcast r\u00e9pond \u00e0 l&#8217;utilisation de la plupart des sc\u00e8nes. Lecteur libre, Plug and Play.<br \/>\n&#8211; Le kit comprend : l&#8217;\u00e9quipement de studio d&#8217;enregistrement professionnel est \u00e9quip\u00e9 d&#8217;un microphone \u00e0 condensateur BM-800, d&#8217;un filtre anti-pop double couche, d&#8217;un support de bras de suspension r\u00e9glable pour la carte son, d&#8217;un c\u00e2ble d&#8217;alimentation, d&#8217;un capuchon en mousse anti-vent, d&#8217;une paire d&#8217;\u00e9couteurs et d&#8217;une carte son V8S Live.<br \/>\n&#8211; Attention : lorsque vous utilisez l&#8217;appareil pour la premi\u00e8re fois ou que le produit n&#8217;a pas \u00e9t\u00e9 utilis\u00e9 pendant une longue p\u00e9riode, nous vous sugg\u00e9rons de charger compl\u00e8tement la batterie pour garantir une utilisation normale du produit. Si le pilote ne se t\u00e9l\u00e9charge pas automatiquement, vous pouvez contacter notre \u00e9quipe apr\u00e8s-vente professionnelle ALPOWL et nous ferons de notre mieux pour vous aider \u00e0 r\u00e9soudre le probl\u00e8me.<br \/>\n&#8211; ALPOWL Promesse : nous visons \u00e0 fournir des produits de haute qualit\u00e9 pour apporter de la joie \u00e0 votre famille et vos amis. Service de remplacement sans raison de 365 jours, assistance technologique \u00e0 vie, commandez en toute confiance.suffit de nous contacter si vous avez des questions, et nous ferons de notre mieux pour vous aider \u00e0 r\u00e9soudre tout probl\u00e8me.<\/p>\n","protected":false},"excerpt":{"rendered":"<p>publicit\u00e9Ensemble d&#8217;\u00e9quipement de podcast pour 2, interface audio ALPOWL avec micro cardio\u00efde BM800 pour joueur et mixeur DJ tout-en-un, parfait pour le streaming en direct, le chant, YouTube, les jeux<\/p>\n","protected":false},"featured_media":1184,"comment_status":"open","ping_status":"closed","template":"","meta":[],"product_cat":[15],"product_tag":[],"class_list":{"0":"post-1185","1":"product","2":"type-product","3":"status-publish","4":"has-post-thumbnail","6":"product_cat-sin-categorizar","7":"nodate","8":"item-wrap","10":"first","11":"instock","12":"shipping-taxable","13":"product-type-external"},"_links":{"self":[{"href":"https:\/\/lofimusic.com.es\/index.php\/wp-json\/wp\/v2\/product\/1185","targetHints":{"allow":["GET"]}}],"collection":[{"href":"https:\/\/lofimusic.com.es\/index.php\/wp-json\/wp\/v2\/product"}],"about":[{"href":"https:\/\/lofimusic.com.es\/index.php\/wp-json\/wp\/v2\/types\/product"}],"replies":[{"embeddable":true,"href":"https:\/\/lofimusic.com.es\/index.php\/wp-json\/wp\/v2\/comments?post=1185"}],"wp:featuredmedia":[{"embeddable":true,"href":"https:\/\/lofimusic.com.es\/index.php\/wp-json\/wp\/v2\/media\/1184"}],"wp:attachment":[{"href":"https:\/\/lofimusic.com.es\/index.php\/wp-json\/wp\/v2\/media?parent=1185"}],"wp:term":[{"taxonomy":"product_cat","embeddable":true,"href":"https:\/\/lofimusic.com.es\/index.php\/wp-json\/wp\/v2\/product_cat?post=1185"},{"taxonomy":"product_tag","embeddable":true,"href":"https:\/\/lofimusic.com.es\/index.php\/wp-json\/wp\/v2\/product_tag?post=1185"}],"curies":[{"name":"wp","href":"https:\/\/api.w.org\/{rel}","templated":true}]}}