{"id":11373,"date":"2025-02-13T08:39:27","date_gmt":"2025-02-13T08:39:27","guid":{"rendered":"https:\/\/lofimusic.com.es\/index.php\/producto\/b0dnfr7x9s_it\/"},"modified":"2025-02-13T08:39:27","modified_gmt":"2025-02-13T08:39:27","slug":"b0dnfr7x9s_it","status":"publish","type":"product","link":"https:\/\/lofimusic.com.es\/index.php\/producto\/b0dnfr7x9s_it\/","title":{"rendered":"B0DNFR7X9S_IT"},"content":{"rendered":"<p>&#8211; Tecnologia Bluetooth 5.4 Avanzata 2025: Queste cuffie Bluetooth integrano l&#8217;ultima tecnologia Bluetooth 5.4, che offre una trasmissione dati pi\u00f9 veloce rispetto alla versione 5.3, garantendo una connessione pi\u00f9 stabile e una portata ampliata. Con la funzione di accoppiamento automatico, gli auricolari Bluetooth si riconnettono istantaneamente all&#8217;ultimo dispositivo utilizzato, semplificando l&#8217;uso quotidiano e migliorando l&#8217;esperienza d&#8217;ascolto.<br \/>\n&#8211; Progettate per il sonno: Con un peso di soli 3 grammi, queste cuffie per dormire sono ideali grazie ai cuscinetti auricolari in silicone ultra-morbido e rimovibili, che garantiscono una vestibilit\u00e0 comoda e sicura. Il design sottile e la forma ergonomica offrono comfort e un perfetto isolamento acustico, anche per chi dorme su un fianco. Perfette per dormire, studiare o lavorare, queste cuffiette Bluetooth sono la scelta ideale per chi cerca tranquillit\u00e0 e comfort in ogni momento.<br \/>\n&#8211; Bassi Immersivi e 5 Modalit\u00e0 EQ: Le nostre cuffie wireless Bluetooth, con driver a doppio diaframma da 13 mm, offrono bassi profondi e una risposta audio precisa. Le 5 modalit\u00e0 EQ personalizzabili ti permettono di regolare bassi, medi e acuti per musica e film, creando un suono su misura. Il driver da 13 mm migliora la gamma dinamica, garantendo un audio ricco e realistico. Perfette per chi cerca un\u2019esperienza sonora di alta qualit\u00e0 e coinvolgente.<br \/>\n&#8211; 48 ore di durata della batteria: queste auricolari Bluetooth offrono 6-8 ore di riproduzione con una carica. Con la cassa di ricarica con schermo, la durata totale pu\u00f2 arrivare fino a 48 ore. Le casse di ricarica si ricaricano completamente in sole 1,5 ore e mostrano in tempo reale lo stato della batteria delle cuffie e della cassa, fornendo una chiara indicazione della percentuale di batteria rimanente e quando \u00e8 necessaria o completata la ricarica.<br \/>\n&#8211; Touch intelligente multifunzionale: Il sistema touch intelligente di questo auricolare con touch screen offre un&#8217;interfaccia interattiva semplice e intuitiva. Puoi controllare la musica, regolare il volume, cambiare traccia, rispondere e riagganciare le chiamate e attivare la modalit\u00e0 sleep. Inoltre, il touch screen include funzioni come controllo della fotocamera, commutazione vocale, sfondo personalizzato, regolazione della luminosit\u00e0, ricerca delle cuffie e timer.<br \/>\n&#8211; Modalit\u00e0 sleep: cliccando quattro volte, si attiva la modalit\u00e0 sleep delle cuffie per dormire. La funzione touch viene disattivata per evitare operazioni involontarie durante l&#8217;ascolto di musica o il sonnellino. Inoltre, non ci saranno suoni di avviso come la promemoria di batteria scarica. Le cuffie non supportano pi\u00f9 le funzioni di chiamata (la custodia di ricarica non visualizzer\u00e0 la richiesta di chiamata), assicurandoti di dormire senza interruzioni e di godere di una buona qualit\u00e0 di sonno.<br \/>\n&#8211; IPX7 Impermeabile e Forte Compatibilit\u00e0: Queste auricolari senza filo presentano un rivestimento nano IPX7 e un robusto design di protezione sigillato. Questa caratteristica protegge efficacemente le cuffiette dai danni causati da sudore e pioggia, rendendole la scelta ideale per gli appassionati di fitness. Inoltre, offrono un&#8217;eccellente compatibilit\u00e0 e possono essere perfettamente accoppiate con quasi tutti i dispositivi abilitati Bluetooth, come smartphone, tablet, laptop e altri dispositivi.<\/p>\n","protected":false},"excerpt":{"rendered":"<p>pubblicit\u00e0Cuffie per Dormire, Cuffie Bluetooth 5.4 con Touch Screen, 48 Ore Auricolari Bluetooth di Qualit\u00e0 Sonora Immersiva con Modalit\u00e0 Sleep\/5 modalit\u00e0 EQ, IPX7 Cuffiette con Chiamate Chiare, Verde<\/p>\n","protected":false},"featured_media":11372,"comment_status":"open","ping_status":"closed","template":"","meta":[],"product_cat":[15],"product_tag":[],"class_list":{"0":"post-11373","1":"product","2":"type-product","3":"status-publish","4":"has-post-thumbnail","6":"product_cat-sin-categorizar","7":"nodate","8":"item-wrap","10":"first","11":"instock","12":"shipping-taxable","13":"product-type-external"},"_links":{"self":[{"href":"https:\/\/lofimusic.com.es\/index.php\/wp-json\/wp\/v2\/product\/11373","targetHints":{"allow":["GET"]}}],"collection":[{"href":"https:\/\/lofimusic.com.es\/index.php\/wp-json\/wp\/v2\/product"}],"about":[{"href":"https:\/\/lofimusic.com.es\/index.php\/wp-json\/wp\/v2\/types\/product"}],"replies":[{"embeddable":true,"href":"https:\/\/lofimusic.com.es\/index.php\/wp-json\/wp\/v2\/comments?post=11373"}],"wp:featuredmedia":[{"embeddable":true,"href":"https:\/\/lofimusic.com.es\/index.php\/wp-json\/wp\/v2\/media\/11372"}],"wp:attachment":[{"href":"https:\/\/lofimusic.com.es\/index.php\/wp-json\/wp\/v2\/media?parent=11373"}],"wp:term":[{"taxonomy":"product_cat","embeddable":true,"href":"https:\/\/lofimusic.com.es\/index.php\/wp-json\/wp\/v2\/product_cat?post=11373"},{"taxonomy":"product_tag","embeddable":true,"href":"https:\/\/lofimusic.com.es\/index.php\/wp-json\/wp\/v2\/product_tag?post=11373"}],"curies":[{"name":"wp","href":"https:\/\/api.w.org\/{rel}","templated":true}]}}