{"id":11371,"date":"2025-02-13T06:06:05","date_gmt":"2025-02-13T06:06:05","guid":{"rendered":"https:\/\/lofimusic.com.es\/index.php\/producto\/b0dg5lsj3x_es-8\/"},"modified":"2025-02-13T06:06:05","modified_gmt":"2025-02-13T06:06:05","slug":"b0dg5lsj3x_es-8","status":"publish","type":"product","link":"https:\/\/lofimusic.com.es\/index.php\/producto\/b0dg5lsj3x_es-8\/","title":{"rendered":"B0DG5LSJ3X_ES"},"content":{"rendered":"<p>&#8211; 1. Ultra HD 4K proporciona una calidad visual superior\uff1a Disfrute de una resoluci\u00f3n 4K Ultra HD con este mini proyector port\u00e1til, que ofrece im\u00e1genes n\u00edtidas y detalles incre\u00edblemente n\u00edtidos. Transforme cada sesi\u00f3n de cine en casa en una experiencia visual inmersiva con colores vibrantes y contrastes.<br \/>\n&#8211; 2. Rotaci\u00f3n de 180\u00b0 para m\u00e1xima flexibilidad de instalaci\u00f3n\uff1a Gracias a su funci\u00f3n de rotaci\u00f3n de 180\u00b0, este proyector permite una variedad de proyecciones desde diferentes \u00e1ngulos. Ya sea que desee proyectar en una pared, un techo o una superficie inclinada, este proyector satisface f\u00e1cilmente sus necesidades de instalaci\u00f3n r\u00e1pida y sencilla.<br \/>\n&#8211; 3. Android 11.0 y Netflix integrados, entretenimiento ilimitado\uff1a Este proyector viene con Android 11.0 y una aplicaci\u00f3n Netflix integrada, lo que te brinda acceso directo a tus pel\u00edculas, series y contenidos favoritos sin necesidad de un dispositivo adicional. Disfrute de entretenimiento instant\u00e1neo y sin interrupciones desde la comodidad de su hogar.<br \/>\n&#8211; 4. Conectividad avanzada con WiFi 6 y Bluetooth 5.0\uff1a Obtenga la \u00faltima conectividad con WiFi 6, que ofrece velocidades de conexi\u00f3n m\u00e1s r\u00e1pidas y un mayor alcance para una transmisi\u00f3n fluida. Bluetooth 5.0 facilita la conexi\u00f3n de dispositivos de audio inal\u00e1mbricos como parlantes o auriculares para obtener la mejor experiencia de audio.<br \/>\n&#8211; 5. Correcci\u00f3n trapezoidal autom\u00e1tica para una proyecci\u00f3n perfecta\uff1a La funci\u00f3n de correcci\u00f3n trapezoidal autom\u00e1tica garantiza que la imagen proyectada est\u00e9 siempre perfectamente alineada, incluso si el proyector est\u00e1 montado en un \u00e1ngulo no \u00f3ptimo. Simplemente ajuste el \u00e1ngulo del proyector y la imagen se ajustar\u00e1 autom\u00e1ticamente a la proyecci\u00f3n rectangular ideal.<\/p>\n","protected":false},"excerpt":{"rendered":"<p>Publicidad Mini Proyector Port\u00e1til 4K 1080P Full HD Compatible con Android 11 y Netflix &#8211; WiFi 6, BT 5.0, Rotaci\u00f3n 180\u00b0, Peque\u00f1o Proyector de Cine en Casa con Correcci\u00f3n Keystone Autom\u00e1tica<\/p>\n","protected":false},"featured_media":11370,"comment_status":"open","ping_status":"closed","template":"","meta":[],"product_cat":[15],"product_tag":[],"class_list":{"0":"post-11371","1":"product","2":"type-product","3":"status-publish","4":"has-post-thumbnail","6":"product_cat-sin-categorizar","7":"nodate","8":"item-wrap","10":"first","11":"instock","12":"shipping-taxable","13":"product-type-external"},"_links":{"self":[{"href":"https:\/\/lofimusic.com.es\/index.php\/wp-json\/wp\/v2\/product\/11371","targetHints":{"allow":["GET"]}}],"collection":[{"href":"https:\/\/lofimusic.com.es\/index.php\/wp-json\/wp\/v2\/product"}],"about":[{"href":"https:\/\/lofimusic.com.es\/index.php\/wp-json\/wp\/v2\/types\/product"}],"replies":[{"embeddable":true,"href":"https:\/\/lofimusic.com.es\/index.php\/wp-json\/wp\/v2\/comments?post=11371"}],"wp:featuredmedia":[{"embeddable":true,"href":"https:\/\/lofimusic.com.es\/index.php\/wp-json\/wp\/v2\/media\/11370"}],"wp:attachment":[{"href":"https:\/\/lofimusic.com.es\/index.php\/wp-json\/wp\/v2\/media?parent=11371"}],"wp:term":[{"taxonomy":"product_cat","embeddable":true,"href":"https:\/\/lofimusic.com.es\/index.php\/wp-json\/wp\/v2\/product_cat?post=11371"},{"taxonomy":"product_tag","embeddable":true,"href":"https:\/\/lofimusic.com.es\/index.php\/wp-json\/wp\/v2\/product_tag?post=11371"}],"curies":[{"name":"wp","href":"https:\/\/api.w.org\/{rel}","templated":true}]}}