{"id":11369,"date":"2025-02-13T05:04:41","date_gmt":"2025-02-13T05:04:41","guid":{"rendered":"https:\/\/lofimusic.com.es\/index.php\/producto\/b08xn6zymw_es\/"},"modified":"2025-02-13T05:04:41","modified_gmt":"2025-02-13T05:04:41","slug":"b08xn6zymw_es","status":"publish","type":"product","link":"https:\/\/lofimusic.com.es\/index.php\/producto\/b08xn6zymw_es\/","title":{"rendered":"B08XN6ZYMW_ES"},"content":{"rendered":"<p>&#8211; La tapa es plana, de espesor uniforme, f\u00e1cil de perforar, formando un sello herm\u00e9tico y sin fugas que se abre f\u00e1cilmente incluso con guantes.<br \/>\n&#8211; Tubo micro centr\u00edfugo con material de polipropileno de alta calidad, sin burbujas, sin impurezas, alta y baja temperatura.<br \/>\n&#8211; El tubo micro centr\u00edfugo de techo plano es el l\u00edquido ideal, experimentos de extracci\u00f3n de ADN, matriz de muestra de separaci\u00f3n de prote\u00ednas.<br \/>\n&#8211; Tubo centr\u00edfugo de pl\u00e1stico claro y f\u00e1cil de leer, f\u00e1cil de muestrear con precisi\u00f3n. Adecuado para el almacenamiento de muestras peque\u00f1as.<br \/>\n&#8211; El tubo centr\u00edfugo de escala ha sido ampliamente utilizado en biolog\u00eda molecular, qu\u00edmica cl\u00ednica, bioqu\u00edmica y otros campos.<\/p>\n","protected":false},"excerpt":{"rendered":"<p>Publicidad PIQIUQIU 500 Tubos de centr\u00edfuga, Vial de reacci\u00f3n, Recipiente de gl\u00f3bulos con Doble Cierre, microtubos de Polipropileno 1,5 ml<\/p>\n","protected":false},"featured_media":11368,"comment_status":"open","ping_status":"closed","template":"","meta":[],"product_cat":[15],"product_tag":[],"class_list":{"0":"post-11369","1":"product","2":"type-product","3":"status-publish","4":"has-post-thumbnail","6":"product_cat-sin-categorizar","7":"nodate","8":"item-wrap","10":"first","11":"instock","12":"shipping-taxable","13":"product-type-external"},"_links":{"self":[{"href":"https:\/\/lofimusic.com.es\/index.php\/wp-json\/wp\/v2\/product\/11369","targetHints":{"allow":["GET"]}}],"collection":[{"href":"https:\/\/lofimusic.com.es\/index.php\/wp-json\/wp\/v2\/product"}],"about":[{"href":"https:\/\/lofimusic.com.es\/index.php\/wp-json\/wp\/v2\/types\/product"}],"replies":[{"embeddable":true,"href":"https:\/\/lofimusic.com.es\/index.php\/wp-json\/wp\/v2\/comments?post=11369"}],"wp:featuredmedia":[{"embeddable":true,"href":"https:\/\/lofimusic.com.es\/index.php\/wp-json\/wp\/v2\/media\/11368"}],"wp:attachment":[{"href":"https:\/\/lofimusic.com.es\/index.php\/wp-json\/wp\/v2\/media?parent=11369"}],"wp:term":[{"taxonomy":"product_cat","embeddable":true,"href":"https:\/\/lofimusic.com.es\/index.php\/wp-json\/wp\/v2\/product_cat?post=11369"},{"taxonomy":"product_tag","embeddable":true,"href":"https:\/\/lofimusic.com.es\/index.php\/wp-json\/wp\/v2\/product_tag?post=11369"}],"curies":[{"name":"wp","href":"https:\/\/api.w.org\/{rel}","templated":true}]}}