{"id":11367,"date":"2025-02-13T05:03:33","date_gmt":"2025-02-13T05:03:33","guid":{"rendered":"https:\/\/lofimusic.com.es\/index.php\/producto\/b0cr7kjhjr_es\/"},"modified":"2025-02-13T05:03:33","modified_gmt":"2025-02-13T05:03:33","slug":"b0cr7kjhjr_es","status":"publish","type":"product","link":"https:\/\/lofimusic.com.es\/index.php\/producto\/b0cr7kjhjr_es\/","title":{"rendered":"B0CR7KJHJR_ES"},"content":{"rendered":"<p>&#8211; Hecho de pl\u00e1stico grueso de alta calidad, las tiras vac\u00edas son m\u00e1s duraderas que las macetas de pintura ordinarias, lo que es ideal para mantener peque\u00f1as cantidades de pintura fresca mientras trabajas en un proyecto, muy pr\u00e1ctico y c\u00f3modo.<br \/>\n&#8211; Dise\u00f1ado con una tapa y firmemente fijado a la tira del recipiente de pintura, proporciona una excelente resistencia al agua y al polvo y mantiene la pintura limpia. Cada maceta se puede cerrar herm\u00e9ticamente y debe abrirse y cerrarse cuidadosamente para garantizar un sellado adecuado.<br \/>\n&#8211; El kit de manualidades de pl\u00e1stico est\u00e1 disponible en 10 tiras, cada una con 6 macetas vac\u00edas para un total de 60 macetas para satisfacer tus diferentes necesidades. Cada maceta tiene una capacidad de 3 ml y la tira total mide 17 cm.<br \/>\n&#8211; Este mini juego de tiras de pintura es ideal para muestras de maquillaje, cosm\u00e9ticos, lociones, brillo de labios, pintura, purpurina, polvos y suministros de manualidades. Es perfecto para escuelas, campamentos de verano, manualidades, pintores aficionados, clases de arte o clases, peque\u00f1os proyectos de pintura.<br \/>\n&#8211; El mini juego de macetas vac\u00edas es ligero y compacto para facilitar su transporte y almacenamiento, que se puede guardar f\u00e1cilmente en una mochila o mochila.<\/p>\n","protected":false},"excerpt":{"rendered":"<p>Publicidad PIQIUQIU Tiras de pintura vac\u00edas, 10 tiras, 60 macetas, 3 ml, mini macetas vac\u00edas con tapas, recipientes de almacenamiento de pl\u00e1stico para organizar Painterly Paint<\/p>\n","protected":false},"featured_media":11366,"comment_status":"open","ping_status":"closed","template":"","meta":[],"product_cat":[15],"product_tag":[],"class_list":{"0":"post-11367","1":"product","2":"type-product","3":"status-publish","4":"has-post-thumbnail","6":"product_cat-sin-categorizar","7":"nodate","8":"item-wrap","10":"first","11":"instock","12":"shipping-taxable","13":"product-type-external"},"_links":{"self":[{"href":"https:\/\/lofimusic.com.es\/index.php\/wp-json\/wp\/v2\/product\/11367","targetHints":{"allow":["GET"]}}],"collection":[{"href":"https:\/\/lofimusic.com.es\/index.php\/wp-json\/wp\/v2\/product"}],"about":[{"href":"https:\/\/lofimusic.com.es\/index.php\/wp-json\/wp\/v2\/types\/product"}],"replies":[{"embeddable":true,"href":"https:\/\/lofimusic.com.es\/index.php\/wp-json\/wp\/v2\/comments?post=11367"}],"wp:featuredmedia":[{"embeddable":true,"href":"https:\/\/lofimusic.com.es\/index.php\/wp-json\/wp\/v2\/media\/11366"}],"wp:attachment":[{"href":"https:\/\/lofimusic.com.es\/index.php\/wp-json\/wp\/v2\/media?parent=11367"}],"wp:term":[{"taxonomy":"product_cat","embeddable":true,"href":"https:\/\/lofimusic.com.es\/index.php\/wp-json\/wp\/v2\/product_cat?post=11367"},{"taxonomy":"product_tag","embeddable":true,"href":"https:\/\/lofimusic.com.es\/index.php\/wp-json\/wp\/v2\/product_tag?post=11367"}],"curies":[{"name":"wp","href":"https:\/\/api.w.org\/{rel}","templated":true}]}}