{"id":11365,"date":"2025-02-13T05:03:10","date_gmt":"2025-02-13T05:03:10","guid":{"rendered":"https:\/\/lofimusic.com.es\/index.php\/producto\/b0bhy7ft9r_es\/"},"modified":"2025-02-13T05:03:10","modified_gmt":"2025-02-13T05:03:10","slug":"b0bhy7ft9r_es","status":"publish","type":"product","link":"https:\/\/lofimusic.com.es\/index.php\/producto\/b0bhy7ft9r_es\/","title":{"rendered":"B0BHY7FT9R_ES"},"content":{"rendered":"<p>&#8211; C\u00e1mara de fotos instant\u00e1nea infantil:C\u00e1mara instant\u00e1nea imprimen de forma r\u00e1pida y autom\u00e1tica, lo que permite a los ni\u00f1os disfrutar de la fotograf\u00eda con la impresi\u00f3n instant\u00e1nea.Cada rollo de papel de impresi\u00f3n puede imprimir aproximadamente 100 fotos en blanco y negro.F\u00e1cil de usar, econ\u00f3mico de poseer, perfecto para los ni\u00f1os.La c\u00e1mara digital de los ni\u00f1os est\u00e1 dise\u00f1ado como un regalo para los ni\u00f1os de 3 a 12 a\u00f1os de edad las ni\u00f1o de juego al aire libre<br \/>\n&#8211; Tecnolog\u00eda de impresi\u00f3n t\u00e9rmica: Cero tinta ,La tecnolog\u00eda de impresi\u00f3n t\u00e9rmica instant\u00e1nea imprime fotos en blanco y negro en papel fotogr\u00e1fico ecol\u00f3gico, seguro y libre de BPA.Los ni\u00f1os y las ni\u00f1as pueden utilizar los l\u00e1pices de colores para hacer la decoraci\u00f3n de bricolaje y colorear las fotos impresas, mejorando sus habilidades pr\u00e1cticas y cultivando su curiosidad e inter\u00e9s por la fotograf\u00eda, inspirando as\u00ed la creatividad y la imaginaci\u00f3n de los ni\u00f1os<br \/>\n&#8211; C\u00e1mara de fotos infantil de impresi\u00f3n instant\u00e1nea: v\u00eddeo de alta definici\u00f3n de 1080p; 12 megap\u00edxeles; La c\u00e1mara de pantalla grande de 3,5\u00bb tiene un 12 megap\u00edxeles que podr\u00eda tomar hasta 1920x1080P de v\u00eddeo, mantendr\u00e1 el claro momento maravilloso para los ni\u00f1os.La c\u00e1mara viene con 4 rollos de papel de impresi\u00f3n y 32GB micro SD tarjeta, se puede utilizar de inmediato<br \/>\n&#8211; Papel de impresi\u00f3n fotogr\u00e1fica y 32 GB micro SD tarjeta: Tarjeta de 32GB memoria y un rollo de papel de impresi\u00f3n ya en la c\u00e1mara.Si no hay tarjeta SD,la c\u00e1mara puede imprimir directamente, pero las fotos y los v\u00eddeos no se pueden guardar<br \/>\n&#8211; C\u00e1mara fotos infantil de impresi\u00f3n instant\u00e1nea 3 en 1: impresi\u00f3n directa, pantalla grande de 3,5 pulgadas, enfoque autom\u00e1tico, grafiti artesanal, transmisi\u00f3n OTG, v\u00eddeo, selfie cronometrado, marco de fotos divertido, filtros creativos, protecci\u00f3n del medio ambiente.Al variar la luz ambiental, la resoluci\u00f3n de la foto y la densidad de impresi\u00f3n, las fotos impresas tendr\u00e1n efectos diferentes.Por favor, seleccione los ajustes adecuados (resoluci\u00f3n de la foto\/densidad de impresi\u00f3n, etc.)<\/p>\n","protected":false},"excerpt":{"rendered":"<p>Publicidad GlobalCrown C\u00e1mara Fotos Infantil instant\u00e1nea, con Pantalla 3,5 Pulgadas Regalos c\u00e1mara Digitales para ni\u00f1os 3 a 12 a\u00f1os (Incluye 4 Rollos impresi\u00f3n Papel y 32GB Tarjeta)<\/p>\n","protected":false},"featured_media":11364,"comment_status":"open","ping_status":"closed","template":"","meta":[],"product_cat":[15],"product_tag":[],"class_list":{"0":"post-11365","1":"product","2":"type-product","3":"status-publish","4":"has-post-thumbnail","6":"product_cat-sin-categorizar","7":"nodate","8":"item-wrap","10":"first","11":"instock","12":"shipping-taxable","13":"product-type-external"},"_links":{"self":[{"href":"https:\/\/lofimusic.com.es\/index.php\/wp-json\/wp\/v2\/product\/11365","targetHints":{"allow":["GET"]}}],"collection":[{"href":"https:\/\/lofimusic.com.es\/index.php\/wp-json\/wp\/v2\/product"}],"about":[{"href":"https:\/\/lofimusic.com.es\/index.php\/wp-json\/wp\/v2\/types\/product"}],"replies":[{"embeddable":true,"href":"https:\/\/lofimusic.com.es\/index.php\/wp-json\/wp\/v2\/comments?post=11365"}],"wp:featuredmedia":[{"embeddable":true,"href":"https:\/\/lofimusic.com.es\/index.php\/wp-json\/wp\/v2\/media\/11364"}],"wp:attachment":[{"href":"https:\/\/lofimusic.com.es\/index.php\/wp-json\/wp\/v2\/media?parent=11365"}],"wp:term":[{"taxonomy":"product_cat","embeddable":true,"href":"https:\/\/lofimusic.com.es\/index.php\/wp-json\/wp\/v2\/product_cat?post=11365"},{"taxonomy":"product_tag","embeddable":true,"href":"https:\/\/lofimusic.com.es\/index.php\/wp-json\/wp\/v2\/product_tag?post=11365"}],"curies":[{"name":"wp","href":"https:\/\/api.w.org\/{rel}","templated":true}]}}