{"id":11363,"date":"2025-02-12T20:55:51","date_gmt":"2025-02-12T20:55:51","guid":{"rendered":"https:\/\/lofimusic.com.es\/index.php\/producto\/b0dssk7d82_fr\/"},"modified":"2025-02-12T20:55:51","modified_gmt":"2025-02-12T20:55:51","slug":"b0dssk7d82_fr","status":"publish","type":"product","link":"https:\/\/lofimusic.com.es\/index.php\/producto\/b0dssk7d82_fr\/","title":{"rendered":"B0DSSK7D82_FR"},"content":{"rendered":"<p>&#8211; Communication plus intelligente: Cette montre connect\u00e9e homme dispose d&#8217;un microphone int\u00e9gr\u00e9 et de haut-parleurs HD, vous permettant de prendre des appels et d&#8217;interagir avec votre assistant vocal directement depuis votre poignet pour rester connect\u00e9 m\u00eame pendant le fitness, les sports de plein air ou d&#8217;autres activit\u00e9s.<br \/>\n&#8211; Sports plus complets: Cette montre de sport dispose de plus de 100+ modes sportifs, couvrant presque tous les sports (course \u00e0 pied, cyclisme, yoga, football, etc.), vous permettant de basculer entre diff\u00e9rents sports \u00e0 tout moment pour r\u00e9pondre \u00e0 vos besoins sportifs.<\/p>\n","protected":false},"excerpt":{"rendered":"<p>publicit\u00e9STECEi Montre Connect\u00e9e Homme Femme avec Appel Bluetooth, Smartwatch avec Modes Sportifs, Etanche IP68 Montre Intelligente pour Android iOS, Violet<\/p>\n","protected":false},"featured_media":11362,"comment_status":"open","ping_status":"closed","template":"","meta":[],"product_cat":[15],"product_tag":[],"class_list":{"0":"post-11363","1":"product","2":"type-product","3":"status-publish","4":"has-post-thumbnail","6":"product_cat-sin-categorizar","7":"nodate","8":"item-wrap","10":"first","11":"instock","12":"shipping-taxable","13":"product-type-external"},"_links":{"self":[{"href":"https:\/\/lofimusic.com.es\/index.php\/wp-json\/wp\/v2\/product\/11363","targetHints":{"allow":["GET"]}}],"collection":[{"href":"https:\/\/lofimusic.com.es\/index.php\/wp-json\/wp\/v2\/product"}],"about":[{"href":"https:\/\/lofimusic.com.es\/index.php\/wp-json\/wp\/v2\/types\/product"}],"replies":[{"embeddable":true,"href":"https:\/\/lofimusic.com.es\/index.php\/wp-json\/wp\/v2\/comments?post=11363"}],"wp:featuredmedia":[{"embeddable":true,"href":"https:\/\/lofimusic.com.es\/index.php\/wp-json\/wp\/v2\/media\/11362"}],"wp:attachment":[{"href":"https:\/\/lofimusic.com.es\/index.php\/wp-json\/wp\/v2\/media?parent=11363"}],"wp:term":[{"taxonomy":"product_cat","embeddable":true,"href":"https:\/\/lofimusic.com.es\/index.php\/wp-json\/wp\/v2\/product_cat?post=11363"},{"taxonomy":"product_tag","embeddable":true,"href":"https:\/\/lofimusic.com.es\/index.php\/wp-json\/wp\/v2\/product_tag?post=11363"}],"curies":[{"name":"wp","href":"https:\/\/api.w.org\/{rel}","templated":true}]}}