{"id":11357,"date":"2025-02-12T20:53:21","date_gmt":"2025-02-12T20:53:21","guid":{"rendered":"https:\/\/lofimusic.com.es\/index.php\/producto\/b0dst5gwb4_de-2\/"},"modified":"2025-02-12T20:53:21","modified_gmt":"2025-02-12T20:53:21","slug":"b0dst5gwb4_de-2","status":"publish","type":"product","link":"https:\/\/lofimusic.com.es\/index.php\/producto\/b0dst5gwb4_de-2\/","title":{"rendered":"B0DST5GWB4_DE"},"content":{"rendered":"<p>&#8211; Bluetooth-Anrufe: Die Smartwatch ist mit hochqualitativen Lautsprechern ausgestattet. Nach der Verbindung mit Bluetooth k\u00f6nnen Sie direkt Anrufe t\u00e4tigen und entgegennehmen, ohne Ihr Smartphone in die Hand zu nehmen, was besonders praktisch w\u00e4hrend sportlicher Aktivit\u00e4ten ist.<br \/>\n&#8211; Individuelles Design: Smartwatch herren android mit \u00fcber 100 exklusiven Zifferbl\u00e4ttern zur Auswahl und der M\u00f6glichkeit, das Design \u00fcber die App individuell anzupassen, ist sie perfekt f\u00fcr jeden Geschmack.<\/p>\n","protected":false},"excerpt":{"rendered":"<p>WerbungSTECEi Smartwatch Herren Damen, HD Smart Watch mit Telefonfunktion\/Message Reminder, 100+ Sportmodi Fitnessuhr mit Puls-Schlaf-Monitor Schrittz\u00e4hler, Gr\u00fcn<\/p>\n","protected":false},"featured_media":11356,"comment_status":"open","ping_status":"closed","template":"","meta":[],"product_cat":[15],"product_tag":[],"class_list":{"0":"post-11357","1":"product","2":"type-product","3":"status-publish","4":"has-post-thumbnail","6":"product_cat-sin-categorizar","7":"nodate","8":"item-wrap","10":"first","11":"instock","12":"shipping-taxable","13":"product-type-external"},"_links":{"self":[{"href":"https:\/\/lofimusic.com.es\/index.php\/wp-json\/wp\/v2\/product\/11357","targetHints":{"allow":["GET"]}}],"collection":[{"href":"https:\/\/lofimusic.com.es\/index.php\/wp-json\/wp\/v2\/product"}],"about":[{"href":"https:\/\/lofimusic.com.es\/index.php\/wp-json\/wp\/v2\/types\/product"}],"replies":[{"embeddable":true,"href":"https:\/\/lofimusic.com.es\/index.php\/wp-json\/wp\/v2\/comments?post=11357"}],"wp:featuredmedia":[{"embeddable":true,"href":"https:\/\/lofimusic.com.es\/index.php\/wp-json\/wp\/v2\/media\/11356"}],"wp:attachment":[{"href":"https:\/\/lofimusic.com.es\/index.php\/wp-json\/wp\/v2\/media?parent=11357"}],"wp:term":[{"taxonomy":"product_cat","embeddable":true,"href":"https:\/\/lofimusic.com.es\/index.php\/wp-json\/wp\/v2\/product_cat?post=11357"},{"taxonomy":"product_tag","embeddable":true,"href":"https:\/\/lofimusic.com.es\/index.php\/wp-json\/wp\/v2\/product_tag?post=11357"}],"curies":[{"name":"wp","href":"https:\/\/api.w.org\/{rel}","templated":true}]}}