{"id":11355,"date":"2025-02-12T20:50:00","date_gmt":"2025-02-12T20:50:00","guid":{"rendered":"https:\/\/lofimusic.com.es\/index.php\/producto\/b0ds3q4p6d_de-2\/"},"modified":"2025-02-12T20:50:00","modified_gmt":"2025-02-12T20:50:00","slug":"b0ds3q4p6d_de-2","status":"publish","type":"product","link":"https:\/\/lofimusic.com.es\/index.php\/producto\/b0ds3q4p6d_de-2\/","title":{"rendered":"B0DS3Q4P6D_DE"},"content":{"rendered":"<p>&#8211; 1<\/p>\n","protected":false},"excerpt":{"rendered":"<p>WerbungSolar Maulwurf Vertreiber W\u00fchlmausschreck,Ultraschall Maulwurfschreck f\u00fcr Vertreiben W\u00fchlm\u00e4use,w\u00fchlm\u00e4use vertreiben,Maulw\u00fcrfe vertreibens,Maulwurfabwehr,Maulwurf vertreiber(4 St\u00fcck)<\/p>\n","protected":false},"featured_media":11354,"comment_status":"open","ping_status":"closed","template":"","meta":[],"product_cat":[15],"product_tag":[],"class_list":{"0":"post-11355","1":"product","2":"type-product","3":"status-publish","4":"has-post-thumbnail","6":"product_cat-sin-categorizar","7":"nodate","8":"item-wrap","10":"first","11":"instock","12":"shipping-taxable","13":"product-type-external"},"_links":{"self":[{"href":"https:\/\/lofimusic.com.es\/index.php\/wp-json\/wp\/v2\/product\/11355","targetHints":{"allow":["GET"]}}],"collection":[{"href":"https:\/\/lofimusic.com.es\/index.php\/wp-json\/wp\/v2\/product"}],"about":[{"href":"https:\/\/lofimusic.com.es\/index.php\/wp-json\/wp\/v2\/types\/product"}],"replies":[{"embeddable":true,"href":"https:\/\/lofimusic.com.es\/index.php\/wp-json\/wp\/v2\/comments?post=11355"}],"wp:featuredmedia":[{"embeddable":true,"href":"https:\/\/lofimusic.com.es\/index.php\/wp-json\/wp\/v2\/media\/11354"}],"wp:attachment":[{"href":"https:\/\/lofimusic.com.es\/index.php\/wp-json\/wp\/v2\/media?parent=11355"}],"wp:term":[{"taxonomy":"product_cat","embeddable":true,"href":"https:\/\/lofimusic.com.es\/index.php\/wp-json\/wp\/v2\/product_cat?post=11355"},{"taxonomy":"product_tag","embeddable":true,"href":"https:\/\/lofimusic.com.es\/index.php\/wp-json\/wp\/v2\/product_tag?post=11355"}],"curies":[{"name":"wp","href":"https:\/\/api.w.org\/{rel}","templated":true}]}}