{"id":11353,"date":"2025-02-12T20:38:28","date_gmt":"2025-02-12T20:38:28","guid":{"rendered":"https:\/\/lofimusic.com.es\/index.php\/producto\/b0brcb3vbq_fr\/"},"modified":"2025-02-12T20:38:28","modified_gmt":"2025-02-12T20:38:28","slug":"b0brcb3vbq_fr","status":"publish","type":"product","link":"https:\/\/lofimusic.com.es\/index.php\/producto\/b0brcb3vbq_fr\/","title":{"rendered":"B0BRCB3VBQ_FR"},"content":{"rendered":"<p>&#8211; \u3010Appel Bluetooth et Assistant Vocal] Montre intelligente Bluetooth avec haut-parleur Hi-Fi et microphone, prend en charge la num\u00e9rotation, la prise d&#8217;appel mains libres et la lecture de musique ; 128M de m\u00e9moire, peut importer des contacts. Il prend \u00e9galement en charge le r\u00e9glage vocal du r\u00e9veil, la v\u00e9rification de la m\u00e9t\u00e9o, le r\u00e9glage du minuteur, vous apportant une vie pratique et intelligente<br \/>\n&#8211; \u3010Montre Connect\u00e9e Homme\u3011 La smartwatch est \u00e9quip\u00e9e d&#8217;un \u00e9cran HD de 1,39 pouce avec une r\u00e9solution de 360*360, qui est clairement visible \u00e0 la lumi\u00e8re du soleil. Cadre m\u00e9tallique ultra-fin enti\u00e8rement ferm\u00e9, plus robuste et durable, avec des caract\u00e9ristiques telles que la r\u00e9sistance aux chutes de 50m, l&#8217;antichoc et l&#8217;\u00e9tanch\u00e9it\u00e9 IP68. Prend \u00e9galement en charge les cadrans personnalis\u00e9s et dynamiques de l&#8217;interface utilisateur<br \/>\n&#8211; \u3010Suivi de la Sant\u00e9 et Rappel des Ev\u00e9nements\u3011Smart watch avec capteur optique de haute pr\u00e9cision, prend en charge 24 heures de surveillance de la fr\u00e9quence cardiaque, de l&#8217;oxyg\u00e8ne dans le sang et de la pression art\u00e9rielle, rendant les donn\u00e9es plus efficaces et plus pr\u00e9cises. Suivi du sommeil pour enregistrer votre \u00e9tat de sommeil. Il peut \u00e9galement enregistrer et analyser vos donn\u00e9es de sant\u00e9 pour vous rappeler de vous reposer ou de faire de l&#8217;exercice correctement<br \/>\n&#8211; \u3010120+ Modes Sportifs\u3011La smartwatch dispose de plus de 128 modes sportifs, tels que la course, le football, la natation, etc. Elle surveille automatiquement vos pas de sport, les calories br\u00fbl\u00e9es, la distance et la fr\u00e9quence cardiaque en temps r\u00e9el. En outre, connectez l&#8217;APP \u00abDaFit\u00bb, ouvrez le podom\u00e8tre GPS, vous pouvez afficher le rythme de course et la piste sportive<br \/>\n&#8211; \u3010Smart et Vie Efficace\u3011La smartwatch a des alertes intelligentes (Facebook, Twitter, WhatsApp, etc.), pr\u00e9visualiser les messages, faire\/recevoir des appels, rappel d&#8217;eau, rappel de s\u00e9dentarit\u00e9, pr\u00e9visions m\u00e9t\u00e9orologiques, jeux, et plus de fonctions utiles. Barre d&#8217;outils d&#8217;affichage en \u00e9cran partag\u00e9 pour vous aider \u00e0 localiser rapidement les outils fr\u00e9quemment utilis\u00e9s<br \/>\n&#8211; \u3010Compatibilit\u00e9 et Longue Dur\u00e9E de Vie de La Batterie\u3011La smartwatch est compatible avec les smartphones iOS, Android et Bluetooth 5.0, et les donn\u00e9es sont synchronis\u00e9es avec Google fit et la sant\u00e9 de l&#8217;iPhone.La grande capacit\u00e9 de 400mAh et la conception \u00e0 faible consommation d&#8217;\u00e9nergie offrent une plus longue dur\u00e9e de vie de la batterie avec 10 jours de travail et 30 jours de veille, r\u00e9pondent \u00e0 vos besoins de travail, de plein air<\/p>\n","protected":false},"excerpt":{"rendered":"<p>publicit\u00e9AVUMDA Montre Connect\u00e9e Homme Montre Sport: 1.39&#8243; Smartwatch \u00c9tanche avec Tensiom\u00e8tre Cardiofr\u00e9quencem\u00e8tre Sommeil, SpO2,Trackers d&#8217;activit\u00e9, 128 Modes Sportifs Montre Militaire pour Android iOS<\/p>\n","protected":false},"featured_media":11352,"comment_status":"open","ping_status":"closed","template":"","meta":[],"product_cat":[15],"product_tag":[],"class_list":{"0":"post-11353","1":"product","2":"type-product","3":"status-publish","4":"has-post-thumbnail","6":"product_cat-sin-categorizar","7":"nodate","8":"item-wrap","10":"first","11":"instock","12":"shipping-taxable","13":"product-type-external"},"_links":{"self":[{"href":"https:\/\/lofimusic.com.es\/index.php\/wp-json\/wp\/v2\/product\/11353","targetHints":{"allow":["GET"]}}],"collection":[{"href":"https:\/\/lofimusic.com.es\/index.php\/wp-json\/wp\/v2\/product"}],"about":[{"href":"https:\/\/lofimusic.com.es\/index.php\/wp-json\/wp\/v2\/types\/product"}],"replies":[{"embeddable":true,"href":"https:\/\/lofimusic.com.es\/index.php\/wp-json\/wp\/v2\/comments?post=11353"}],"wp:featuredmedia":[{"embeddable":true,"href":"https:\/\/lofimusic.com.es\/index.php\/wp-json\/wp\/v2\/media\/11352"}],"wp:attachment":[{"href":"https:\/\/lofimusic.com.es\/index.php\/wp-json\/wp\/v2\/media?parent=11353"}],"wp:term":[{"taxonomy":"product_cat","embeddable":true,"href":"https:\/\/lofimusic.com.es\/index.php\/wp-json\/wp\/v2\/product_cat?post=11353"},{"taxonomy":"product_tag","embeddable":true,"href":"https:\/\/lofimusic.com.es\/index.php\/wp-json\/wp\/v2\/product_tag?post=11353"}],"curies":[{"name":"wp","href":"https:\/\/api.w.org\/{rel}","templated":true}]}}