{"id":11351,"date":"2025-02-12T20:36:52","date_gmt":"2025-02-12T20:36:52","guid":{"rendered":"https:\/\/lofimusic.com.es\/index.php\/producto\/b0dcntg8j8_fr\/"},"modified":"2025-02-12T20:36:52","modified_gmt":"2025-02-12T20:36:52","slug":"b0dcntg8j8_fr","status":"publish","type":"product","link":"https:\/\/lofimusic.com.es\/index.php\/producto\/b0dcntg8j8_fr\/","title":{"rendered":"B0DCNTG8J8_FR"},"content":{"rendered":"<p>&#8211; \u3010100W Chargeur USB C 3 en 1\u3011Ce chargeur rapide dot\u00e9 de 2 ports USB-C et 1 port USB-A supporte la puissance jusqu&#8217;\u00e0 105W. Chargez simultan\u00e9ment 3 appareils: Alimentez votre MacBook, iPhone et AirPods en m\u00eame temps \u00e0 partir d&#8217;un chargeur beaucoup plus petit qu&#8217;un bloc d&#8217;alimentation MacBook d&#8217;origine. Il prend en charge les protocoles de charge rapide de PD 3.0\/ 2.0, PPS, QC 4+\/ 4.0\/ 3.0\/ 2.0, AFC, SCP, FCP, 5V 2.4A et BC1.2 pour \u00eatre compatible avec divers appareils<br \/>\n&#8211; \u3010Rechargez en toute securite\u3011Ce chargeur USB-C 100W optimise votre exp\u00e9rience de charge avec la technologie avanc\u00e9e GaN qui permet Permet au chargeur d&#8217;atteindre une plus grande puissance, une taille plus petite, un meilleur contr\u00f4le de la temp\u00e9rature et d&#8217;augmenter l&#8217;efficacit\u00e9 du travail d&#8217;environ 2 fois. Ce chargeur usb c rapide prot\u00e8ge vos appareils contre les courts-circuits, les surtensions, les surchauffes et les surintensit\u00e9s, il assure vous et votre appareil en toute s\u00e9curit\u00e9<br \/>\n&#8211; \u3010Apparence unique et Design Compact\u3011Ce chargeur usb c 100w adopte un design d&#8217;apparence unique, est l\u00e9ger, compact et facile \u00e0 transporter, gardant votre bureau propre et \u00e9liminant le besoin de plus de prises. C&#8217;est un excellent assistant que vous soyez en voyage ou lors d&#8217;une r\u00e9union de bureau \u00e0 plusieurs personnes. Il peut charger 2 ordinateurs portables en m\u00eame temps<br \/>\n&#8211; \u3010Charge Ultra Rapide \u3011Les ports USB-C1 et USB-C2 du chargeur supportent une charge maximale de 100W lorsqu&#8217;ils sont utilis\u00e9s seuls, c&#8217;est suffisant pour charger votre MacBook Pro \u00e0 pleine vitesse. Ou charge simultan\u00e9ment votre iPhone 15 Pro Max \u00e0 65% et votre MacBook Pro \u00e0 55% en seulement 25 minutes<br \/>\n&#8211; \u3010Compatibilit\u00e9 Universelle\u3011Ce Chargeur USB C 100W est compatible avec la plupart des appareils USB-C\/USB-A, Pour MacBook Pro\/ Air M3 M2 M1, iPhone 15\/ 15 Plus\/ 15 Pro\/ 15 Pro Max\/ 14\/ 13\/ 12\/ 11\/ X\/ 8, AirPods \/ AirPods Pro, Galaxy S24\/ S24+\/ S24 Ultra\/ S23\/ S22\/ S21, Pixel 8 Pro\/ 8\/ 7\/ 6, iPad Pro\/ Air\/ mini, Galaxy Tab S9\/ S8\/ S7\/ S6\/ A9\/ A8\/ A7, Dell XPS 13, Steam Deck, Switch, etc<\/p>\n","protected":false},"excerpt":{"rendered":"<p>publicit\u00e9OUFUYU Chargeur USB C 100W, GaN 3 Ports Chargeur Rapide Mural Alimentation Adaptateur pour MacBook Pro\/Air, Google Pixelbook, Dell XPS, iPhone 16\/15\/14, Samsung S24\/S23, c\u00e2ble 1,8m Inclus, Noir<\/p>\n","protected":false},"featured_media":11350,"comment_status":"open","ping_status":"closed","template":"","meta":[],"product_cat":[15],"product_tag":[],"class_list":{"0":"post-11351","1":"product","2":"type-product","3":"status-publish","4":"has-post-thumbnail","6":"product_cat-sin-categorizar","7":"nodate","8":"item-wrap","10":"first","11":"instock","12":"shipping-taxable","13":"product-type-external"},"_links":{"self":[{"href":"https:\/\/lofimusic.com.es\/index.php\/wp-json\/wp\/v2\/product\/11351","targetHints":{"allow":["GET"]}}],"collection":[{"href":"https:\/\/lofimusic.com.es\/index.php\/wp-json\/wp\/v2\/product"}],"about":[{"href":"https:\/\/lofimusic.com.es\/index.php\/wp-json\/wp\/v2\/types\/product"}],"replies":[{"embeddable":true,"href":"https:\/\/lofimusic.com.es\/index.php\/wp-json\/wp\/v2\/comments?post=11351"}],"wp:featuredmedia":[{"embeddable":true,"href":"https:\/\/lofimusic.com.es\/index.php\/wp-json\/wp\/v2\/media\/11350"}],"wp:attachment":[{"href":"https:\/\/lofimusic.com.es\/index.php\/wp-json\/wp\/v2\/media?parent=11351"}],"wp:term":[{"taxonomy":"product_cat","embeddable":true,"href":"https:\/\/lofimusic.com.es\/index.php\/wp-json\/wp\/v2\/product_cat?post=11351"},{"taxonomy":"product_tag","embeddable":true,"href":"https:\/\/lofimusic.com.es\/index.php\/wp-json\/wp\/v2\/product_tag?post=11351"}],"curies":[{"name":"wp","href":"https:\/\/api.w.org\/{rel}","templated":true}]}}