{"id":11349,"date":"2025-02-12T20:34:53","date_gmt":"2025-02-12T20:34:53","guid":{"rendered":"https:\/\/lofimusic.com.es\/index.php\/producto\/b0brcb3vbq_es\/"},"modified":"2025-02-12T20:34:53","modified_gmt":"2025-02-12T20:34:53","slug":"b0brcb3vbq_es","status":"publish","type":"product","link":"https:\/\/lofimusic.com.es\/index.php\/producto\/b0brcb3vbq_es\/","title":{"rendered":"B0BRCB3VBQ_ES"},"content":{"rendered":"<p>&#8211; \u3010Llamada Bluetooth y Asistente de Voz\u3011El smartwatch tiene un altavoz y un micr\u00f3fono de alta fidelidad incorporados, que admite la marcaci\u00f3n, la respuesta de llamadas con manos libres y la reproducci\u00f3n de m\u00fasica; Memoria de 128M, que puede importar contactos. Tambi\u00e9n es compatible con la configuraci\u00f3n de voz del despertador, la verificaci\u00f3n del clima y la configuraci\u00f3n de temporizadores, lo que le brinda una vida conveniente e inteligente.<br \/>\n&#8211; \u3010Personalizado Para Exploradores\u3011El smart watch est\u00e1 equipado con una pantalla de alta definici\u00f3n de 1,39 pulgadas con una resoluci\u00f3n de 360 x 360, que es claramente visible bajo el sol. El marco de metal ultrafino totalmente cerrado es m\u00e1s duradero y tiene las caracter\u00edsticas de resistencia a ca\u00eddas de 50 metros, a prueba de golpes y resistente al agua IP68. Tambi\u00e9n se admiten esferas de reloj de interfaz de usuario personalizadas y din\u00e1micas.<br \/>\n&#8211; \u3010Seguimiento de La Salud y Recordatorios\u3011El reloj inteligente utiliza sensores \u00f3pticos de alta precisi\u00f3n para admitir el monitoreo de la frecuencia card\u00edaca las 24 horas, el monitoreo del ox\u00edgeno en la sangre y el monitoreo de la presi\u00f3n arterial, lo que hace que los datos sean m\u00e1s eficientes y precisos. Seguimiento del sue\u00f1o, registre su estado de sue\u00f1o. Tambi\u00e9n puede registrar y analizar sus datos de salud y recordarle que descanse o haga ejercicio adecuadamente.<br \/>\n&#8211; \u3010M\u00e1s De 120 Modos Deportivos\u3011El reloj deportivo hombre tiene m\u00e1s de 120 modos deportivos, como correr, f\u00fatbol, nadar, etc., y monitorea autom\u00e1ticamente los pasos de rendimiento deportivo, las calor\u00edas quemadas, la distancia y la frecuencia card\u00edaca en tiempo real. Adem\u00e1s, conecte la aplicaci\u00f3n \u00abDaFit\u00bb y encienda el pod\u00f3metro GPS para ver el ritmo de carrera y la pista de movimiento.<br \/>\n&#8211; \u3010Compatibilidad y Larga Duraci\u00f3N de La Bater\u00eda\u3011El relojes hombre es compatible con iOS, sistema Android y tel\u00e9fonos inteligentes con Bluetooth 5.0, y los datos se sincronizan con Google Fit y iPhone Health. El dise\u00f1o de gran capacidad y bajo consumo de energ\u00eda de 400 mAh brinda una mayor duraci\u00f3n de la bater\u00eda, 10 d\u00edas de tiempo de trabajo y 30 d\u00edas de tiempo de espera, satisfaciendo sus necesidades de trabajo y al aire libre.<\/p>\n","protected":false},"excerpt":{"rendered":"<p>Publicidad AVUMDA Reloj Inteligente Hombre,1.39&#8243; HD Smartwatch Hombre con Llamada,Puls\u00f3metro Presi\u00f3n Arterial,SpO2,Pod\u00f3metro,Monitores de Actividad,Reproducir M\u00fasica,128 Modos Reloj Digital Deportivo<\/p>\n","protected":false},"featured_media":11348,"comment_status":"open","ping_status":"closed","template":"","meta":[],"product_cat":[15],"product_tag":[],"class_list":{"0":"post-11349","1":"product","2":"type-product","3":"status-publish","4":"has-post-thumbnail","6":"product_cat-sin-categorizar","7":"nodate","8":"item-wrap","10":"first","11":"instock","12":"shipping-taxable","13":"product-type-external"},"_links":{"self":[{"href":"https:\/\/lofimusic.com.es\/index.php\/wp-json\/wp\/v2\/product\/11349","targetHints":{"allow":["GET"]}}],"collection":[{"href":"https:\/\/lofimusic.com.es\/index.php\/wp-json\/wp\/v2\/product"}],"about":[{"href":"https:\/\/lofimusic.com.es\/index.php\/wp-json\/wp\/v2\/types\/product"}],"replies":[{"embeddable":true,"href":"https:\/\/lofimusic.com.es\/index.php\/wp-json\/wp\/v2\/comments?post=11349"}],"wp:featuredmedia":[{"embeddable":true,"href":"https:\/\/lofimusic.com.es\/index.php\/wp-json\/wp\/v2\/media\/11348"}],"wp:attachment":[{"href":"https:\/\/lofimusic.com.es\/index.php\/wp-json\/wp\/v2\/media?parent=11349"}],"wp:term":[{"taxonomy":"product_cat","embeddable":true,"href":"https:\/\/lofimusic.com.es\/index.php\/wp-json\/wp\/v2\/product_cat?post=11349"},{"taxonomy":"product_tag","embeddable":true,"href":"https:\/\/lofimusic.com.es\/index.php\/wp-json\/wp\/v2\/product_tag?post=11349"}],"curies":[{"name":"wp","href":"https:\/\/api.w.org\/{rel}","templated":true}]}}