{"id":11347,"date":"2025-02-12T20:31:10","date_gmt":"2025-02-12T20:31:10","guid":{"rendered":"https:\/\/lofimusic.com.es\/index.php\/producto\/b0dhc97yp5_es\/"},"modified":"2025-02-12T20:31:10","modified_gmt":"2025-02-12T20:31:10","slug":"b0dhc97yp5_es","status":"publish","type":"product","link":"https:\/\/lofimusic.com.es\/index.php\/producto\/b0dhc97yp5_es\/","title":{"rendered":"B0DHC97YP5_ES"},"content":{"rendered":"<p>&#8211; \u30107 en 1 Enchufe USB Cubo\u3011La regleta de pared tiene 4 salidas de CA (4000 W\/16 A), este enchufe ladr\u00f3n cubo es ideal para cargar computadoras, impresoras, televisores, cepillos de dientes el\u00e9ctricos y electrodom\u00e9sticos. Con 1 puerto USB A y 2 puertos USB C, para carga r\u00e1pida de 30 W, proporciona excelente soporte de energ\u00eda y comodidad para computadoras port\u00e1tiles, tabletas, tel\u00e9fonos m\u00f3viles y otros dispositivos electr\u00f3nicos. Ideal para uso en cocinas, dormitorios, oficinas y dormitorios, etc<br \/>\n&#8211; \u3010Cargador Ultrarr\u00e1pido de 30 W, Tecnolog\u00eda GaN\u3011La salida de CC de este cargador port\u00e1til puede ofrecer hasta 33 W, proporcionando velocidades de carga ultrarr\u00e1pidas para tabletas y otros dispositivos inteligentes. Compatible con MacBook, iPhone 16 Pro Max, 16 Pro, 16 Plus, 16, iPhone 15 \/14\/13\/12\/11\/SE 2022 Serie; iPad Pro, Air, mini, AirPods 3\/2\/Pro, Watch 10\/9\/8\/7\/SE\/Ultra 2, Galaxy S24 Ultra, S24 serie, S23 Ultra, S23\/S22\/S21\/S20 serie, Tab S10\/S9\/A72\/A71\/A53\/A52\/M43; Steam Deck, Switch, etc<br \/>\n&#8211; \u3010Compacto y Port\u00e1til\u3011 Este enchufe ladr\u00f3n cubo mide 79 x 76 x 76 mm, se puede llevar consigo y no ocupa espacio. Gracias al dise\u00f1o inal\u00e1mbrico y al tama\u00f1o compacto, el enchufe ocupa poco espacio, por lo que siempre cabe en tu mochila o malet\u00edn, lo que lo hace ideal para usar en casa, en la oficina o mientras viajas<br \/>\n&#8211; \u3010Seguro y Duradero\u3011Esta regleta USB C est\u00e1 hecha de material de PC de alta calidad, que se puede utilizar durante mucho tiempo y puede soportar altas temperaturas. Ha sido rigurosamente probado, tiene protecci\u00f3n contra sobretensi\u00f3n, sobrecorriente, antiest\u00e1tica y cortocircuito, lo que lo hace estable, fuerte, seguro y resistente a altas temperaturas, prolongando su vida \u00fatil<\/p>\n","protected":false},"excerpt":{"rendered":"<p>Publicidad OUFUYU Cubo Regleta Enchufe USB 30W, Ladron Enchufes M\u00faltiple con 4 Tomas 4000 W 16 A, Cargador R\u00e1pido 2 USB C 1 USB A, Enchufes M\u00faltiples Pared 7 en 1 para Oficina, Hogar, Viajes, Negro<\/p>\n","protected":false},"featured_media":11346,"comment_status":"open","ping_status":"closed","template":"","meta":[],"product_cat":[15],"product_tag":[],"class_list":{"0":"post-11347","1":"product","2":"type-product","3":"status-publish","4":"has-post-thumbnail","6":"product_cat-sin-categorizar","7":"nodate","8":"item-wrap","10":"first","11":"instock","12":"shipping-taxable","13":"product-type-external"},"_links":{"self":[{"href":"https:\/\/lofimusic.com.es\/index.php\/wp-json\/wp\/v2\/product\/11347","targetHints":{"allow":["GET"]}}],"collection":[{"href":"https:\/\/lofimusic.com.es\/index.php\/wp-json\/wp\/v2\/product"}],"about":[{"href":"https:\/\/lofimusic.com.es\/index.php\/wp-json\/wp\/v2\/types\/product"}],"replies":[{"embeddable":true,"href":"https:\/\/lofimusic.com.es\/index.php\/wp-json\/wp\/v2\/comments?post=11347"}],"wp:featuredmedia":[{"embeddable":true,"href":"https:\/\/lofimusic.com.es\/index.php\/wp-json\/wp\/v2\/media\/11346"}],"wp:attachment":[{"href":"https:\/\/lofimusic.com.es\/index.php\/wp-json\/wp\/v2\/media?parent=11347"}],"wp:term":[{"taxonomy":"product_cat","embeddable":true,"href":"https:\/\/lofimusic.com.es\/index.php\/wp-json\/wp\/v2\/product_cat?post=11347"},{"taxonomy":"product_tag","embeddable":true,"href":"https:\/\/lofimusic.com.es\/index.php\/wp-json\/wp\/v2\/product_tag?post=11347"}],"curies":[{"name":"wp","href":"https:\/\/api.w.org\/{rel}","templated":true}]}}