{"id":11345,"date":"2025-02-12T19:01:20","date_gmt":"2025-02-12T19:01:20","guid":{"rendered":"https:\/\/lofimusic.com.es\/index.php\/producto\/b0drd2s81t_de\/"},"modified":"2025-02-12T19:01:20","modified_gmt":"2025-02-12T19:01:20","slug":"b0drd2s81t_de","status":"publish","type":"product","link":"https:\/\/lofimusic.com.es\/index.php\/producto\/b0drd2s81t_de\/","title":{"rendered":"B0DRD2S81T_DE"},"content":{"rendered":"<p>&#8211; Erweiterte Bluetooth 5.4 Technologie und Automatische Kopplung: Die H97 kopfh\u00f6rer kabellos nutzen die moderne Bluetooth 5.4 Chip und ein hochsensibles Antennendesign<br \/>\n&#8211; LED Digitalanzeige und 40 Stunden Spielzeit: Die kopfh\u00f6rer kabellos sind mit einem Doppel-LED-Batterie-Display ausgestattet, das in Echtzeit den verbleibenden Akku des Ladeetuis und der kopfh\u00f6rer anzeigt.<br \/>\n&#8211; Hifi Stereo und ENC Ger\u00e4uschunterdr\u00fcckung: Die in ear kopfh\u00f6rer Bluetooth sind mit einem integrierten 13-mm-Treiber und einer hochsensiblen dreilagigen Verbundmembran ausgestattet<br \/>\n&#8211; Komfortable Passform und leicht: Das Design der kabellose kopfh\u00f6rer wurde entwickelt, um optimalen Komfort und au\u00dfergew\u00f6hnliche Leichtigkeit zu gew\u00e4hrleisten.<br \/>\n&#8211; IP7-Wasserfestigkeit und Intelligente Ber\u00fchrung: Die Bluetooth-kopfh\u00f6rer sind mit einer Nanobeschichtung ausgestattet, die das Innere vor Wasser und Schwei\u00df sch\u00fctzt.<\/p>\n","protected":false},"excerpt":{"rendered":"<p>Werbung<br \/>\nBluetooth Kopfh\u00f6rer, Kopfh\u00f6rer Kabellos Bluetooth 5.4 In Ear Kopfh\u00f6rer mit 4 ENC Noise Cancelling Mikrofon<\/p>\n","protected":false},"featured_media":11344,"comment_status":"open","ping_status":"closed","template":"","meta":[],"product_cat":[15],"product_tag":[],"class_list":{"0":"post-11345","1":"product","2":"type-product","3":"status-publish","4":"has-post-thumbnail","6":"product_cat-sin-categorizar","7":"nodate","8":"item-wrap","10":"first","11":"instock","12":"shipping-taxable","13":"product-type-external"},"_links":{"self":[{"href":"https:\/\/lofimusic.com.es\/index.php\/wp-json\/wp\/v2\/product\/11345","targetHints":{"allow":["GET"]}}],"collection":[{"href":"https:\/\/lofimusic.com.es\/index.php\/wp-json\/wp\/v2\/product"}],"about":[{"href":"https:\/\/lofimusic.com.es\/index.php\/wp-json\/wp\/v2\/types\/product"}],"replies":[{"embeddable":true,"href":"https:\/\/lofimusic.com.es\/index.php\/wp-json\/wp\/v2\/comments?post=11345"}],"wp:featuredmedia":[{"embeddable":true,"href":"https:\/\/lofimusic.com.es\/index.php\/wp-json\/wp\/v2\/media\/11344"}],"wp:attachment":[{"href":"https:\/\/lofimusic.com.es\/index.php\/wp-json\/wp\/v2\/media?parent=11345"}],"wp:term":[{"taxonomy":"product_cat","embeddable":true,"href":"https:\/\/lofimusic.com.es\/index.php\/wp-json\/wp\/v2\/product_cat?post=11345"},{"taxonomy":"product_tag","embeddable":true,"href":"https:\/\/lofimusic.com.es\/index.php\/wp-json\/wp\/v2\/product_tag?post=11345"}],"curies":[{"name":"wp","href":"https:\/\/api.w.org\/{rel}","templated":true}]}}