{"id":11333,"date":"2025-02-12T18:45:00","date_gmt":"2025-02-12T18:45:00","guid":{"rendered":"https:\/\/lofimusic.com.es\/index.php\/producto\/b0dcns9fjp_it\/"},"modified":"2025-02-12T18:45:00","modified_gmt":"2025-02-12T18:45:00","slug":"b0dcns9fjp_it","status":"publish","type":"product","link":"https:\/\/lofimusic.com.es\/index.php\/producto\/b0dcns9fjp_it\/","title":{"rendered":"B0DCNS9FJP_IT"},"content":{"rendered":"<p>&#8211; Confezione: riceverai 3 paia di forbici a forma di U. La dimensione di ogni paio di forbici \u00e8 di circa 10,3 cm * 2 cm (lunghezza * larghezza) e la parte pi\u00f9 spessa \u00e8 di circa 1 cm. Sono piccole e squisite, per soddisfare le tue esigenze quotidiane.<br \/>\n&#8211; Materiale: la lama delle forbici da cucito \u00e8 realizzata con cura in acciaio ad alto tenore di carbonio. La superficie adotta un processo di rivestimento elettroforetico, che \u00e8 liscio e delicato e ha una buona durezza. La maniglia \u00e8 realizzata in materiale ABS di alta qualit\u00e0, stabile e resistente, non facile da rompere e molto resistente.<br \/>\n&#8211; Facile da usare: l&#8217;impugnatura delle forbici adotta un design monopezzo a forma di U, che \u00e8 ergonomico e si adatta molto bene alla curva della mano umana, consentendoti di usarla pi\u00f9 facilmente. La superficie smerigliata lo rende pi\u00f9 comodo e comodo da tenere in mano e facilita il taglio preciso.<br \/>\n&#8211; Ampiamente applicabile: queste forbici per filati possono essere utilizzate quando cuci, lavori a maglia, ti aiuta a tagliare tessuti sciolti, filati, ecc. Inoltre, pu\u00f2 essere utilizzato anche per tagliare carta, tagliare rami e foglie di bonsai, ecc. Le sue dimensioni compatte non solo sono facili da trasportare, ma ti aiutano anche a tagliare le parti piccole in modo pi\u00f9 accurato, rendendolo un potente assistente nella tua vita.<br \/>\n&#8211; Nota: le punte delle forbici a forma di U sono relativamente sottili e affilate. Tienile fuori dalla portata dei bambini per evitare incidenti!<\/p>\n","protected":false},"excerpt":{"rendered":"<p>pubblicit\u00e03 Pezzi forbici per filati a forma di U,Forbici a Forma U,Forbici Tagliafilo Da Cucito,Tagliafili Per Cucire(Manico in ABS Nero)<\/p>\n","protected":false},"featured_media":11332,"comment_status":"open","ping_status":"closed","template":"","meta":[],"product_cat":[15],"product_tag":[],"class_list":{"0":"post-11333","1":"product","2":"type-product","3":"status-publish","4":"has-post-thumbnail","6":"product_cat-sin-categorizar","7":"nodate","8":"item-wrap","10":"first","11":"instock","12":"shipping-taxable","13":"product-type-external"},"_links":{"self":[{"href":"https:\/\/lofimusic.com.es\/index.php\/wp-json\/wp\/v2\/product\/11333","targetHints":{"allow":["GET"]}}],"collection":[{"href":"https:\/\/lofimusic.com.es\/index.php\/wp-json\/wp\/v2\/product"}],"about":[{"href":"https:\/\/lofimusic.com.es\/index.php\/wp-json\/wp\/v2\/types\/product"}],"replies":[{"embeddable":true,"href":"https:\/\/lofimusic.com.es\/index.php\/wp-json\/wp\/v2\/comments?post=11333"}],"wp:featuredmedia":[{"embeddable":true,"href":"https:\/\/lofimusic.com.es\/index.php\/wp-json\/wp\/v2\/media\/11332"}],"wp:attachment":[{"href":"https:\/\/lofimusic.com.es\/index.php\/wp-json\/wp\/v2\/media?parent=11333"}],"wp:term":[{"taxonomy":"product_cat","embeddable":true,"href":"https:\/\/lofimusic.com.es\/index.php\/wp-json\/wp\/v2\/product_cat?post=11333"},{"taxonomy":"product_tag","embeddable":true,"href":"https:\/\/lofimusic.com.es\/index.php\/wp-json\/wp\/v2\/product_tag?post=11333"}],"curies":[{"name":"wp","href":"https:\/\/api.w.org\/{rel}","templated":true}]}}