{"id":11329,"date":"2025-02-12T18:41:33","date_gmt":"2025-02-12T18:41:33","guid":{"rendered":"https:\/\/lofimusic.com.es\/index.php\/producto\/b0dd2wv9hq_it\/"},"modified":"2025-02-12T18:41:33","modified_gmt":"2025-02-12T18:41:33","slug":"b0dd2wv9hq_it","status":"publish","type":"product","link":"https:\/\/lofimusic.com.es\/index.php\/producto\/b0dd2wv9hq_it\/","title":{"rendered":"B0DD2WV9HQ_IT"},"content":{"rendered":"<p>&#8211; [Elenco dei pacchetti]: riceverai 4 pezzi di fasce elastiche per foulard nere, dimensioni: 9,5 cm * 23 cm, sufficienti per soddisfare l&#8217;uso quotidiano e la sostituzione.<br \/>\n&#8211; \u3010Elastico e traspirante\u3011: realizzato in materiale di alta qualit\u00e0 con super elasticit\u00e0, pu\u00f2 assorbire rapidamente l&#8217;umidit\u00e0, allontanare il sudore e asciugarsi rapidamente, impedendo al sudore di fluire negli occhi, facilitando l&#8217;esercizio.<br \/>\n&#8211; [Vestibilit\u00e0 perfetta]: il tessuto \u00e8 morbido, confortevole ed elastico, comodo da indossare senza scivolare, leggero e conforme e pu\u00f2 adattarsi a tutte le dimensioni e forme della testa.<br \/>\n&#8211; [Semplice e alla moda]: abbinamento di colori classico, alla moda e versatile, pu\u00f2 essere adattato al tuo outfit e al tuo stile, adatto sia a uomini che a donne.<br \/>\n&#8211; [Scenario di utilizzo]: molto adatto per gli sport all&#8217;aria aperta e il fitness indoor, come corsa, allenamento della forza, ciclismo, yoga, ecc.<\/p>\n","protected":false},"excerpt":{"rendered":"<p>pubblicit\u00e04 Pezzi Sportiva Fascia Capelli, headband Largo,fascia per capelli Antiscivolo,Fasce Elastica per Capelli sport,fascia sudore,per Corsa,Yoga, Fitness,Ciclismo, da uomo e donna(nero).<\/p>\n","protected":false},"featured_media":11328,"comment_status":"open","ping_status":"closed","template":"","meta":[],"product_cat":[15],"product_tag":[],"class_list":{"0":"post-11329","1":"product","2":"type-product","3":"status-publish","4":"has-post-thumbnail","6":"product_cat-sin-categorizar","7":"nodate","8":"item-wrap","10":"first","11":"instock","12":"shipping-taxable","13":"product-type-external"},"_links":{"self":[{"href":"https:\/\/lofimusic.com.es\/index.php\/wp-json\/wp\/v2\/product\/11329","targetHints":{"allow":["GET"]}}],"collection":[{"href":"https:\/\/lofimusic.com.es\/index.php\/wp-json\/wp\/v2\/product"}],"about":[{"href":"https:\/\/lofimusic.com.es\/index.php\/wp-json\/wp\/v2\/types\/product"}],"replies":[{"embeddable":true,"href":"https:\/\/lofimusic.com.es\/index.php\/wp-json\/wp\/v2\/comments?post=11329"}],"wp:featuredmedia":[{"embeddable":true,"href":"https:\/\/lofimusic.com.es\/index.php\/wp-json\/wp\/v2\/media\/11328"}],"wp:attachment":[{"href":"https:\/\/lofimusic.com.es\/index.php\/wp-json\/wp\/v2\/media?parent=11329"}],"wp:term":[{"taxonomy":"product_cat","embeddable":true,"href":"https:\/\/lofimusic.com.es\/index.php\/wp-json\/wp\/v2\/product_cat?post=11329"},{"taxonomy":"product_tag","embeddable":true,"href":"https:\/\/lofimusic.com.es\/index.php\/wp-json\/wp\/v2\/product_tag?post=11329"}],"curies":[{"name":"wp","href":"https:\/\/api.w.org\/{rel}","templated":true}]}}