{"id":11325,"date":"2025-02-12T18:41:25","date_gmt":"2025-02-12T18:41:25","guid":{"rendered":"https:\/\/lofimusic.com.es\/index.php\/producto\/b0d28wprmd_it\/"},"modified":"2025-02-12T18:41:25","modified_gmt":"2025-02-12T18:41:25","slug":"b0d28wprmd_it","status":"publish","type":"product","link":"https:\/\/lofimusic.com.es\/index.php\/producto\/b0d28wprmd_it\/","title":{"rendered":"B0D28WPRMD_IT"},"content":{"rendered":"<p>&#8211; IL PACCHETTO COMPRENDE : Riceverai 20 pezzi anelli rilegatura. Il diametro interno di ciascun anello di salto \u00e8 di 16 mm e il diametro esterno \u00e8 di 20 mm.<br \/>\n&#8211; MATERIALE : Anelli per fogli raccoglitore \u00e8 realizzato in metallo nichelato, resistente e durevole, liscio non facile da arrugginire e riutilizzabile.<br \/>\n&#8211; FACILE DA USARE: l&#8217;anello legante ha 2 parti e unite da un rivetto girevole, basta tirarlo per aprirlo e strizzarlo per chiuderlo<br \/>\n&#8211; FACILE DA MANEGGIARE:Anelli per libro metallo pu\u00f2 aiutarti a organizzare facilmente documenti, documenti, ecc. Sfusi, cos\u00ec i tuoi oggetti non andranno pi\u00f9 persi.<br \/>\n&#8211; APPLICAZIONE:Ideale per raccoglitore,scrapbooking,fogli mobili, schede, portachiavi,anelli per tende ecc.<\/p>\n","protected":false},"excerpt":{"rendered":"<p>pubblicit\u00e020 Pezzi Anelli del Libro,Anelli Rilegatura,20mm Leaf Binder, Anelli di Carte in Metallo,per Scrapbook,Album,Taccuino,Schede (Argento)<\/p>\n","protected":false},"featured_media":11324,"comment_status":"open","ping_status":"closed","template":"","meta":[],"product_cat":[15],"product_tag":[],"class_list":{"0":"post-11325","1":"product","2":"type-product","3":"status-publish","4":"has-post-thumbnail","6":"product_cat-sin-categorizar","7":"nodate","8":"item-wrap","10":"first","11":"instock","12":"shipping-taxable","13":"product-type-external"},"_links":{"self":[{"href":"https:\/\/lofimusic.com.es\/index.php\/wp-json\/wp\/v2\/product\/11325","targetHints":{"allow":["GET"]}}],"collection":[{"href":"https:\/\/lofimusic.com.es\/index.php\/wp-json\/wp\/v2\/product"}],"about":[{"href":"https:\/\/lofimusic.com.es\/index.php\/wp-json\/wp\/v2\/types\/product"}],"replies":[{"embeddable":true,"href":"https:\/\/lofimusic.com.es\/index.php\/wp-json\/wp\/v2\/comments?post=11325"}],"wp:featuredmedia":[{"embeddable":true,"href":"https:\/\/lofimusic.com.es\/index.php\/wp-json\/wp\/v2\/media\/11324"}],"wp:attachment":[{"href":"https:\/\/lofimusic.com.es\/index.php\/wp-json\/wp\/v2\/media?parent=11325"}],"wp:term":[{"taxonomy":"product_cat","embeddable":true,"href":"https:\/\/lofimusic.com.es\/index.php\/wp-json\/wp\/v2\/product_cat?post=11325"},{"taxonomy":"product_tag","embeddable":true,"href":"https:\/\/lofimusic.com.es\/index.php\/wp-json\/wp\/v2\/product_tag?post=11325"}],"curies":[{"name":"wp","href":"https:\/\/api.w.org\/{rel}","templated":true}]}}