{"id":11323,"date":"2025-02-12T15:39:08","date_gmt":"2025-02-12T15:39:08","guid":{"rendered":"https:\/\/lofimusic.com.es\/index.php\/producto\/b0dw43s9rm_it\/"},"modified":"2025-02-12T15:39:08","modified_gmt":"2025-02-12T15:39:08","slug":"b0dw43s9rm_it","status":"publish","type":"product","link":"https:\/\/lofimusic.com.es\/index.php\/producto\/b0dw43s9rm_it\/","title":{"rendered":"B0DW43S9RM_IT"},"content":{"rendered":"<p>&#8211; Vibratoreper Donna Professionale Doppia Stimolazione Per Punto G e Clitoride : i vibratoreper donna si adattano perfettamente alla tua vagina clitoridea e stimolano con precisione il punto G. Vibrazioni e colpi multipli ti daranno una sensazione pi\u00f9 forte di orgasmo clitorideo, che massimizzer\u00e0 il tuo orgasmo e il piacere sessuale! Puoi usarlo come massaggiatore personale, dildo vibrante, succhia clotoride per donna, ovetto vibrante donna telecomando un classico vibratoreper donna punto g squirting.<br \/>\n&#8211; Vibratore Donna Sex Toys Con Vibrazione 3 in 1: puoi usare questi vibratori per donne come preferisci tramite pulsanti, telecomando o telefono cellulare. 6 diverse interfacce di controllo APP, 9 modalit\u00e0 di controllo ed esclusive curve di vibrazione personalizzabili ti aspettano per provare il piacere. Puoi portare il vibratore silenzioso ovunque senza che nessuno se ne accorga.<br \/>\n&#8211; Ovetto Vibrante Donna Telecomando Tramite App e Vibratori Ccon Controllo Remoto: il vibratore si collega all&#8217;app tramite Bluetooth. Scansiona il codice QR sul manuale di istruzioni, scarica l&#8217;app Lovespouse e aggiungi il tuo amante per avviare la modalit\u00e0 di controllo remoto. Anche in paesi diversi, puoi interagire da vicino con il tuo amante, ma puoi vedere il viso della donna e sentire i suoi gemiti di soddisfazione attraverso il video dell&#8217;app.<br \/>\n&#8211; Sexytoysys Donna Ricarica Magnetica &amp; Imballaggio Impermeabile &amp; Protezione della Privacy: questo dildo sessuale \u00e8 caricato magneticamente per una maggiore praticit\u00e0. Una volta completamente carico, pu\u00f2 durare fino a 60 minuti di stimolazione. 100% impermeabile, cos\u00ec puoi divertirti nella vasca da bagno o in piscina. Poich\u00e9 il tuo piacere intimo \u00e8 importante per noi, tutti i nostri prodotti vengono consegnati in una confezione discreta, cos\u00ec non ti sentirai in imbarazzo quando li riceverai sex toy.<br \/>\n&#8211; Vibratoriper Donne Regalo Ideale Per il Tuo Partner: questi giocattoli sessuali di coppia per donne possono essere utilizzati in soggiorno, camera da letto, cucina, bagno, hotel e altri luoghi per soddisfare il tuo desiderio sessuale. Di piccole dimensioni e facile da riporre, \u00e8 un must per i tuoi viaggi e le tue vacanze. La squisita scatola e la custodia in velluto sono perfette come regalo.<\/p>\n","protected":false},"excerpt":{"rendered":"<p>pubblicit\u00e0Vibratoreper Donna Professionale con APP, Vibratore Sex Toys con 9 Modalit\u00e0, Ovetto Vibrante Donna Telecomando Wireless Sessuali, Vibratoriper Coppie Piccolo Sexytoysys Donna(Viola)<\/p>\n","protected":false},"featured_media":11322,"comment_status":"open","ping_status":"closed","template":"","meta":[],"product_cat":[15],"product_tag":[],"class_list":{"0":"post-11323","1":"product","2":"type-product","3":"status-publish","4":"has-post-thumbnail","6":"product_cat-sin-categorizar","7":"nodate","8":"item-wrap","10":"first","11":"instock","12":"shipping-taxable","13":"product-type-external"},"_links":{"self":[{"href":"https:\/\/lofimusic.com.es\/index.php\/wp-json\/wp\/v2\/product\/11323","targetHints":{"allow":["GET"]}}],"collection":[{"href":"https:\/\/lofimusic.com.es\/index.php\/wp-json\/wp\/v2\/product"}],"about":[{"href":"https:\/\/lofimusic.com.es\/index.php\/wp-json\/wp\/v2\/types\/product"}],"replies":[{"embeddable":true,"href":"https:\/\/lofimusic.com.es\/index.php\/wp-json\/wp\/v2\/comments?post=11323"}],"wp:featuredmedia":[{"embeddable":true,"href":"https:\/\/lofimusic.com.es\/index.php\/wp-json\/wp\/v2\/media\/11322"}],"wp:attachment":[{"href":"https:\/\/lofimusic.com.es\/index.php\/wp-json\/wp\/v2\/media?parent=11323"}],"wp:term":[{"taxonomy":"product_cat","embeddable":true,"href":"https:\/\/lofimusic.com.es\/index.php\/wp-json\/wp\/v2\/product_cat?post=11323"},{"taxonomy":"product_tag","embeddable":true,"href":"https:\/\/lofimusic.com.es\/index.php\/wp-json\/wp\/v2\/product_tag?post=11323"}],"curies":[{"name":"wp","href":"https:\/\/api.w.org\/{rel}","templated":true}]}}