{"id":11321,"date":"2025-02-12T11:39:33","date_gmt":"2025-02-12T11:39:33","guid":{"rendered":"https:\/\/lofimusic.com.es\/index.php\/producto\/b0dgfsz9wl_fr\/"},"modified":"2025-02-12T11:39:33","modified_gmt":"2025-02-12T11:39:33","slug":"b0dgfsz9wl_fr","status":"publish","type":"product","link":"https:\/\/lofimusic.com.es\/index.php\/producto\/b0dgfsz9wl_fr\/","title":{"rendered":"B0DGFSZ9WL_FR"},"content":{"rendered":"<p>&#8211; Anal Plug &amp; Vibromasseur &amp; Anneau P\u00e9nien &amp; Masseur de Prostate: Le masseur anal pour homme 3 en 1 vous donne le plaisir de vivre diff\u00e9rents sc\u00e9narios. Bas\u00e9 sur le vibrateur anal traditionnel, la fonction de choc \u00e9lectrique permet non seulement pour la stimulation anale, mais aussi pour la t\u00eate de godemich\u00e9 pour atteindre la prostate, la stimulation de la prostate homme plus le cockring \u00e9lastique pour prolonger vos rencontres sexuelles.prostate vibration stimulation homme sexes plaisir homme<br \/>\n&#8211; Jouet sexuel anal avec t\u00e9l\u00e9commande mains libres pour des sensations puissantes avec t\u00e9l\u00e9commande sans fil. Le jouet sexuel masin vous permet de vous amuser \u00e0 contr\u00f4ler et d&#8217;ajouter d&#8217;autres surprises \u00e0 votre temps de couple. Ce jouet pour adulte n&#8217;est pas seulement pour les hommes comme vibromasseur anal, mais aussi pour les femmes comme jouet de gode de choc, plug anal, vibromasseur point G ou plug anal. Obtenez ce plug anal sextoy, obtenez un nouveau plaisir.<br \/>\n&#8211; Connt \u00e0 plus de tailles et anneau p\u00e9nien extensible Parfait dans la taille et le design unique, ce masseur de prostate est disponible en diff\u00e9rentes tailles, du premier essai aux amateurs anaux. L&#8217;anneau p\u00e9nien en silicone super extensible est profil\u00e9 pour un ajustement confortable, quelle que soit votre taille. Vibromasseur anal de ite \u00e0 grande t\u00eate pour une insertion plus facile dans votre corps. L&#8217;anneau p\u00e9nien vous aide \u00e0 tenir plus longtemps et \u00e0 devenir plus dur.<br \/>\n&#8211; Jouet sexuel au design ergonomique pour les couples. La forme du jouet sexuel vibromasseur anal adopte un design en forme de T qui s&#8217;adapte parfaitement \u00e0 votre corps. La t\u00eate ronde du plug anal facilite l&#8217;insertion et assure vibration et choc, tandis que la partie nervur\u00e9e sur la tige renforce le plaisir du frottement. Le peigne sur\u00e9lev\u00e9 envoie une stimulation p\u00e9rin\u00e9ale pr\u00e9cise et le jouet sexuel pour les hommes avec anneau p\u00e9nien vibrant permet une \u00e9jaculation prolong\u00e9e.<br \/>\n&#8211; \ud83d\udc8e Emballage discret &amp; service apr\u00e8s &#8211; vente: pour prot\u00e9ger votre vie priv\u00e9e, tous nos sextoy homme vous sont livr\u00e9s dans une bo\u00eete noire sans aucune marque. Si vous avez des questions, n&#8217;h\u00e9sitez pas \u00e0 nous contacter et nous vous r\u00e9pondrons d\u00e8s que possible.<\/p>\n","protected":false},"excerpt":{"rendered":"<p>publicit\u00e9Sex toys sex toy\u0301s homme Vibromasseur gode plug anal avec 10 fonctions de choc 10 Vibrations, Sex toy\u0301s Couple Stimulation de la Prostate avec Anneau P\u00e9nien Sextoy Plugs Anals Dildo super do<\/p>\n","protected":false},"featured_media":11320,"comment_status":"open","ping_status":"closed","template":"","meta":[],"product_cat":[15],"product_tag":[],"class_list":{"0":"post-11321","1":"product","2":"type-product","3":"status-publish","4":"has-post-thumbnail","6":"product_cat-sin-categorizar","7":"nodate","8":"item-wrap","10":"first","11":"instock","12":"shipping-taxable","13":"product-type-external"},"_links":{"self":[{"href":"https:\/\/lofimusic.com.es\/index.php\/wp-json\/wp\/v2\/product\/11321","targetHints":{"allow":["GET"]}}],"collection":[{"href":"https:\/\/lofimusic.com.es\/index.php\/wp-json\/wp\/v2\/product"}],"about":[{"href":"https:\/\/lofimusic.com.es\/index.php\/wp-json\/wp\/v2\/types\/product"}],"replies":[{"embeddable":true,"href":"https:\/\/lofimusic.com.es\/index.php\/wp-json\/wp\/v2\/comments?post=11321"}],"wp:featuredmedia":[{"embeddable":true,"href":"https:\/\/lofimusic.com.es\/index.php\/wp-json\/wp\/v2\/media\/11320"}],"wp:attachment":[{"href":"https:\/\/lofimusic.com.es\/index.php\/wp-json\/wp\/v2\/media?parent=11321"}],"wp:term":[{"taxonomy":"product_cat","embeddable":true,"href":"https:\/\/lofimusic.com.es\/index.php\/wp-json\/wp\/v2\/product_cat?post=11321"},{"taxonomy":"product_tag","embeddable":true,"href":"https:\/\/lofimusic.com.es\/index.php\/wp-json\/wp\/v2\/product_tag?post=11321"}],"curies":[{"name":"wp","href":"https:\/\/api.w.org\/{rel}","templated":true}]}}