{"id":11319,"date":"2025-02-12T11:37:09","date_gmt":"2025-02-12T11:37:09","guid":{"rendered":"https:\/\/lofimusic.com.es\/index.php\/producto\/b0dgfvn4hl_fr\/"},"modified":"2025-02-12T11:37:09","modified_gmt":"2025-02-12T11:37:09","slug":"b0dgfvn4hl_fr","status":"publish","type":"product","link":"https:\/\/lofimusic.com.es\/index.php\/producto\/b0dgfvn4hl_fr\/","title":{"rendered":"B0DGFVN4HL_FR"},"content":{"rendered":"<p>&#8211; \ud83d\udc97 \u3010vibromasseur, femme clitoridien puissant 2 en 1 avec buses et modes de vibration\u3011Ce jouet sexuel sex toy\u0301s femme 2 en 1 combine 10 fonctions de buse et 10 fonctions de vibration. Les sextoys vibromasseurs pour couples massent simultan\u00e9ment le clitoris et le point G, stimulant chaque terminaison nerveuse et tous les bons endroits encore et encore. Utilisez un sextoy vibromasseur clitoris point G pour l\u00e9cher la langue f\u00e9minine seule ou avec votre partenaire.<br \/>\n&#8211; \ud83d\udc97 \u3010Super moteur de vibrateur interne et externe am\u00e9lior\u00e9 2025 &#8211; Obtenez un \u00abo\u00bb en 20 secondes\u3011 sex toy\u0301s femme Le vibrateur de jouet sexuel f\u00e9minin aspirant le clitoris a une fr\u00e9quence de vibration de 10*10, vous pouvez en choisir un en fonction de votre humeur. Le jouet sexuel souple flotte au-dessus du clitoris et du vagin \u00e0 chaque rugissement de son moteur profond et puissant. Le vibromasseur f\u00e9minin Sex Toy peut \u00eatre utilis\u00e9 sur le cou, le dos, le vagin, les mamelons, le point G, l&#8217;anus, la prostate.<br \/>\n&#8211; \ud83d\udc97\u3010Jouet sexuel vibromasseur, silencieux, imperm\u00e9able et respectueux de la peau pour les femmes\u3011vibromasseur, femme Notre vibrateur est fabriqu\u00e9 en silicone liquide, qui a un toucher velout\u00e9 et est imperm\u00e9able, de plus, nos jouets sexuels pour femmes sont faciles \u00e0 nettoyer. Croyez-moi, notre vibromasseur sexuel deviendra facilement votre nouveau meilleur ami de mani\u00e8re s\u00fbre et douce.<br \/>\n&#8211; \ud83d\udc97\u3010Sex Toy Anal Vibrateur USB Rechargeable Portable\u3011 Restez aliment\u00e9 gr\u00e2ce \u00e0 la commodit\u00e9 du chargement USB, vous assurant un plaisir ininterrompu lorsque vous en avez le plus besoin. Ce vibromasseur \u00e0 ventouse clitoridienne f\u00e9minine prend 2 heures pour se charger compl\u00e8tement et peut \u00eatre utilis\u00e9 pendant 90 minutes avec une seule charge. Il n&#8217;y a pas de piles \u00e0 craindre et avec 3 boutons, il est tr\u00e8s facile \u00e0 utiliser et con\u00e7u pour plus de commodit\u00e9.<br \/>\n&#8211; \ud83d\udc97\u3010Masseur vibrateur : moteur silencieux et discret emball\u00e9 dans un emballage priv\u00e9 &#8211; Plus de moments g\u00eanants\u3011 Le sextoy plug anal est con\u00e7u avec un moteur ultra-silencieux, personne ne saura quand vous l&#8217;utilisez seul (niveau de bruit \u2264 45 dB). Tous nos sextoys vibromasseurs seront exp\u00e9di\u00e9s dans un emballage discret, vous n&#8217;aurez donc pas \u00e0 vous soucier que vos voisins sachent ce qu&#8217;il y a \u00e0 l&#8217;int\u00e9rieur.<\/p>\n","protected":false},"excerpt":{"rendered":"<p>publicit\u00e9Vibromasseur, Femme clitoridien puissant va et vient Sex toy\u0301s femme clitoridien avec 10&#215;10 Modes Sextoy femme Suceurs de Clitoris Stimulateur Clitoridien Sex toy\u0301s couple Sex toys Gode Vibro-masseur<\/p>\n","protected":false},"featured_media":11318,"comment_status":"open","ping_status":"closed","template":"","meta":[],"product_cat":[15],"product_tag":[],"class_list":{"0":"post-11319","1":"product","2":"type-product","3":"status-publish","4":"has-post-thumbnail","6":"product_cat-sin-categorizar","7":"nodate","8":"item-wrap","10":"first","11":"instock","12":"shipping-taxable","13":"product-type-external"},"_links":{"self":[{"href":"https:\/\/lofimusic.com.es\/index.php\/wp-json\/wp\/v2\/product\/11319","targetHints":{"allow":["GET"]}}],"collection":[{"href":"https:\/\/lofimusic.com.es\/index.php\/wp-json\/wp\/v2\/product"}],"about":[{"href":"https:\/\/lofimusic.com.es\/index.php\/wp-json\/wp\/v2\/types\/product"}],"replies":[{"embeddable":true,"href":"https:\/\/lofimusic.com.es\/index.php\/wp-json\/wp\/v2\/comments?post=11319"}],"wp:featuredmedia":[{"embeddable":true,"href":"https:\/\/lofimusic.com.es\/index.php\/wp-json\/wp\/v2\/media\/11318"}],"wp:attachment":[{"href":"https:\/\/lofimusic.com.es\/index.php\/wp-json\/wp\/v2\/media?parent=11319"}],"wp:term":[{"taxonomy":"product_cat","embeddable":true,"href":"https:\/\/lofimusic.com.es\/index.php\/wp-json\/wp\/v2\/product_cat?post=11319"},{"taxonomy":"product_tag","embeddable":true,"href":"https:\/\/lofimusic.com.es\/index.php\/wp-json\/wp\/v2\/product_tag?post=11319"}],"curies":[{"name":"wp","href":"https:\/\/api.w.org\/{rel}","templated":true}]}}