{"id":11305,"date":"2025-02-12T09:09:31","date_gmt":"2025-02-12T09:09:31","guid":{"rendered":"https:\/\/lofimusic.com.es\/index.php\/producto\/b0dmw2hdqc_de\/"},"modified":"2025-02-12T09:09:31","modified_gmt":"2025-02-12T09:09:31","slug":"b0dmw2hdqc_de","status":"publish","type":"product","link":"https:\/\/lofimusic.com.es\/index.php\/producto\/b0dmw2hdqc_de\/","title":{"rendered":"B0DMW2HDQC_DE"},"content":{"rendered":"<p>&#8211; NEUESTER TECHNOLOGIE ZUR TIER ABWEHR: Ganz praktisch ist die Einstellung des Betriebsmodus 5 da in diesem alle Frequenzbereiche abgedeckt werden. Je nach Tier verschiedene Programme einstellbar. \u00dcber die zwei Drehschalter l\u00e4sst sich die Art des Sch\u00e4dling oder den Frequenzbereich einstellen.<br \/>\n&#8211; KEIN KOSTEN SOLARBETRIEBEN: Der Katzenschreck hat eingebaute Akkus, ein 1200mah Akku mit 3,7 Volt befindet sich im R\u00fcckseitigem Batteriefach, die sich per USB Ladekabel oder Solarzellen laden l\u00e4sst. Keine Angst vor Wind und Regen, Arbeiten an Regentagen.<br \/>\n&#8211; \u00dcBERALL INSTALLIEREN: Kinderleicht Installation und tief in die Erde stecken. Sch\u00fctzt verschiedene Dinge wie Garten, Bauernh\u00f6fe, Rasen, Pflanzbeete, Reisfelder, Carport, Camping im Freien vor Tieren. Zur Abwehr von Hirschen, V\u00f6geln, Kaninchen, W\u00fchlm\u00e4usen, Waschb\u00e4ren, Eichh\u00f6rnchen, Hunden und Katzen.<br \/>\n&#8211; UNSCH\u00c4DLICH F\u00dcR MENSCH UND HAUSTIER: Der Ultraschall Katzenschreck dient nur dazu, das Tier zu vertreiben. Und das ohne Chemie oder so. Hat keinen Schaden f\u00fcr den menschlichen K\u00f6rper. Das Katzenschreck schreckt die tierischen Eindringlinge nur mit Ultraschall ab.<br \/>\n&#8211; WASSERDICHT UND WETTERFEST: Der Katzenschreck ist aus hochwertigem ABS gefertigt.Dank stabiler Bodenanker und wasserdichter korrosionsbest\u00e4ndiger Konstruktion kann der Sch\u00e4dlingsschreck unabh\u00e4ngig vom Wetter, Regenf\u00e4llen, Schnee Eisund dem Sturmbetrieben werden. Entwickelt f\u00fcr den Au\u00dfenbereich.<\/p>\n","protected":false},"excerpt":{"rendered":"<p>Werbung<br \/>\nKatzenschreck Ultraschall,Solar Katzenschreck f\u00fcr Garten,IPX5 Wasserdicht USB Raccoon<\/p>\n","protected":false},"featured_media":11304,"comment_status":"open","ping_status":"closed","template":"","meta":[],"product_cat":[15],"product_tag":[],"class_list":{"0":"post-11305","1":"product","2":"type-product","3":"status-publish","4":"has-post-thumbnail","6":"product_cat-sin-categorizar","7":"nodate","8":"item-wrap","10":"first","11":"instock","12":"shipping-taxable","13":"product-type-external"},"_links":{"self":[{"href":"https:\/\/lofimusic.com.es\/index.php\/wp-json\/wp\/v2\/product\/11305","targetHints":{"allow":["GET"]}}],"collection":[{"href":"https:\/\/lofimusic.com.es\/index.php\/wp-json\/wp\/v2\/product"}],"about":[{"href":"https:\/\/lofimusic.com.es\/index.php\/wp-json\/wp\/v2\/types\/product"}],"replies":[{"embeddable":true,"href":"https:\/\/lofimusic.com.es\/index.php\/wp-json\/wp\/v2\/comments?post=11305"}],"wp:featuredmedia":[{"embeddable":true,"href":"https:\/\/lofimusic.com.es\/index.php\/wp-json\/wp\/v2\/media\/11304"}],"wp:attachment":[{"href":"https:\/\/lofimusic.com.es\/index.php\/wp-json\/wp\/v2\/media?parent=11305"}],"wp:term":[{"taxonomy":"product_cat","embeddable":true,"href":"https:\/\/lofimusic.com.es\/index.php\/wp-json\/wp\/v2\/product_cat?post=11305"},{"taxonomy":"product_tag","embeddable":true,"href":"https:\/\/lofimusic.com.es\/index.php\/wp-json\/wp\/v2\/product_tag?post=11305"}],"curies":[{"name":"wp","href":"https:\/\/api.w.org\/{rel}","templated":true}]}}