{"id":11303,"date":"2025-02-12T09:09:28","date_gmt":"2025-02-12T09:09:28","guid":{"rendered":"https:\/\/lofimusic.com.es\/index.php\/producto\/b0drthqt88_de\/"},"modified":"2025-02-12T09:09:28","modified_gmt":"2025-02-12T09:09:28","slug":"b0drthqt88_de","status":"publish","type":"product","link":"https:\/\/lofimusic.com.es\/index.php\/producto\/b0drthqt88_de\/","title":{"rendered":"B0DRTHQT88_DE"},"content":{"rendered":"<p>&#8211; \u2605 Sicherheit \u2605 Mit der neuesten Technologie emittiert dieser M\u00e4use-Repeller verschiedene Ultraschallwellen-Frequenzen, um das Nervensystem von Insekten und Ratten zu reizen, wodurch sie sich unwohl f\u00fchlen und nach und nach weglaufen. Intermittierende \u00c4nderungen der Ultraschallfrequenz verhindern, dass sie Immunit\u00e4t und Anpassungsf\u00e4higkeit entwickeln. Verwenden Sie Ultraschall, um Nagetiere zu fahren, effektiv und ungiftig, wird keine Gefahr f\u00fcr die Gesundheit darstellen<br \/>\n&#8211; \u2605 Gute Qualit\u00e4t \u2605 Gute Qualit\u00e4t ist untrennbar mit den besten Materialien verbunden: Die Hauptschale besteht aus feuerfestem ABS-Material, das eine starke hohe Temperaturbest\u00e4ndigkeit und garantierte Haltbarkeit aufweist.<br \/>\n&#8211; \u2605 Vermeiden Sie Autoangriffe \u2605 Kleine Tiere und Nagetiere k\u00f6nnen durch die Dr\u00e4hte kauen, was eine Gefahr f\u00fcr die Sicherheit f\u00fcr Autofahrer darstellt. Verhindert, dass l\u00e4stige Tiere die Teile des Autos besch\u00e4digen und sich selbst oder andere verletzen.<br \/>\n&#8211; \u2605 24 Stunden lang anhaltende W\u00e4chter \u2605 Ultraschall-Technologie vertreibt M\u00e4use lautlos, leicht zu tragen und eine kleine Batterie reicht aus. Kann mit USB-Adapter aufladen, Batterien installieren, die Stromversorgung des Fahrzeugs anschlie\u00dfen (bequem und drei M\u00f6glichkeiten)<br \/>\n&#8211; \u2605 Effektives Haushaltsger\u00e4t \u2605: Da Ratten, M\u00e4use, Marder, Eichh\u00f6rnchen, Eichh\u00f6rnchen und andere zerst\u00f6rerische Nagetiere oft in einer versteckten Ecke reparieren und Ihr Eigentum besch\u00e4digen. Dieser Nagetier-Repeller f\u00fcr Automotoren kann das zentrale Nervensystem von Nagetieren mit wechselnden hochfrequenten Ultraschalllichtern und Stroboskop-LEDs st\u00f6ren<\/p>\n","protected":false},"excerpt":{"rendered":"<p>Werbung<br \/>\nM\u00e4useabwehrmittel, intelligentes Ultraschall-Frequenzumwandlungs-Nagetierabwehrmittel,tragbares Ultraschall-Nagetierabwehrmittel, geeignet f\u00fcr M\u00e4use, gelbes Wiesel, Waschb\u00e4r, Nagetiere<\/p>\n","protected":false},"featured_media":11302,"comment_status":"open","ping_status":"closed","template":"","meta":[],"product_cat":[15],"product_tag":[],"class_list":{"0":"post-11303","1":"product","2":"type-product","3":"status-publish","4":"has-post-thumbnail","6":"product_cat-sin-categorizar","7":"nodate","8":"item-wrap","10":"first","11":"instock","12":"shipping-taxable","13":"product-type-external"},"_links":{"self":[{"href":"https:\/\/lofimusic.com.es\/index.php\/wp-json\/wp\/v2\/product\/11303","targetHints":{"allow":["GET"]}}],"collection":[{"href":"https:\/\/lofimusic.com.es\/index.php\/wp-json\/wp\/v2\/product"}],"about":[{"href":"https:\/\/lofimusic.com.es\/index.php\/wp-json\/wp\/v2\/types\/product"}],"replies":[{"embeddable":true,"href":"https:\/\/lofimusic.com.es\/index.php\/wp-json\/wp\/v2\/comments?post=11303"}],"wp:featuredmedia":[{"embeddable":true,"href":"https:\/\/lofimusic.com.es\/index.php\/wp-json\/wp\/v2\/media\/11302"}],"wp:attachment":[{"href":"https:\/\/lofimusic.com.es\/index.php\/wp-json\/wp\/v2\/media?parent=11303"}],"wp:term":[{"taxonomy":"product_cat","embeddable":true,"href":"https:\/\/lofimusic.com.es\/index.php\/wp-json\/wp\/v2\/product_cat?post=11303"},{"taxonomy":"product_tag","embeddable":true,"href":"https:\/\/lofimusic.com.es\/index.php\/wp-json\/wp\/v2\/product_tag?post=11303"}],"curies":[{"name":"wp","href":"https:\/\/api.w.org\/{rel}","templated":true}]}}