{"id":11301,"date":"2025-02-12T07:41:50","date_gmt":"2025-02-12T07:41:50","guid":{"rendered":"https:\/\/lofimusic.com.es\/index.php\/producto\/b0dt7f5ygj_it-2\/"},"modified":"2025-02-12T07:41:50","modified_gmt":"2025-02-12T07:41:50","slug":"b0dt7f5ygj_it-2","status":"publish","type":"product","link":"https:\/\/lofimusic.com.es\/index.php\/producto\/b0dt7f5ygj_it-2\/","title":{"rendered":"B0DT7F5YGJ_IT"},"content":{"rendered":"<p>&#8211; Super Aspirazione &#8211; Con il suo motore ad alte prestazioni e la forte potenza di aspirazione, l&#8217;aspirapolvere a batteria pu\u00f2 rimuovere polvere e particelle fino a una dimensione di 0,3 micrometri, situate in profondit\u00e0 in divani e materassi. L&#8217;aspirapolvere portatile a batteria offre una forte potenza di aspirazione per aspirare sporcizia, peli animali, scale e sporcizia in auto, rendendo la pulizia un gioco da ragazzi!<br \/>\n&#8211; Design Ultraleggero e Senza Fili &#8211; Questo aspirapolvere portatile senza fili compatto e maneggevole pesa solo 0,385 kg, ma ha una maggiore potenza di aspirazione ed \u00e8 pi\u00f9 leggero, quindi \u00e8 adatto anche ad anziani e bambini. Il design senza fili rende l&#8217;aspirapolvere portatile con montaggio a parete facile da pulire senza cavi ingombranti o aggrovigliati. Questo render\u00e0 il tuo lavoro di pulizia pi\u00f9 facile ed efficiente, per proteggere la tua famiglia dalla polvere.<br \/>\n&#8211; Filtrazione Multipla &#8211; Separazione di polvere e gas -CADS, riduzione dell&#8217;inquinamento secondario, imita il design della camera della polvere del proiettile, la forte aspirazione generata dal motore ad alta velocit\u00e0, il flusso d&#8217;aria passa attraverso la camera della polvere e attraverso la volata conica della camera del proiettile, rafforza e crea un ciclone ad alta velocit\u00e0 per un&#8217;efficace separazione di polvere e aria.<br \/>\n&#8211; Applicabile a pi\u00f9 Scenari &#8211; Modalit\u00e0 cinque campane, 4 ugelli di pulizia, puoi pulire ovunque. La bocchetta per fessure \u00e8 adatta per la pulizia di fessure e angoli stretti; Lo strumento spazzola viene utilizzato per pulire tappeti, divani, sedili dell&#8217;auto, ecc. Con il tubo flessibile, l&#8217;ugello pu\u00f2 essere esteso in un&#8217;area pulita: sotto il tavolo, sotto il letto, nel bagagliaio dell&#8217;auto.<br \/>\n&#8211; Ricarica Rapida &#8211; Una carica, lunga durata della batteria, batteria agli ioni di litio da 4000 mAh, uso continuo per pi\u00f9 di 20 minuti, pu\u00f2 rimanere in attesa per 30 giorni quando \u00e8 completamente carica. L&#8217;aspirapolvere per auto senza fili \u00e8 dotato di una batteria al litio premium che pu\u00f2 essere ricaricata rapidamente in 3-5 ore e tempi di pulizia super lunghi.<\/p>\n","protected":false},"excerpt":{"rendered":"<p>pubblicit\u00e0Aspirabriciole Senza Fili Potente, 12000Pa Aspirapolvere Auto Portatile, USB Mini Aspirapolvere, Ricaricabile Portatile Leggero Aspirapolvere per Capelli, Auto, Casa, Ufficio, Cucina<\/p>\n","protected":false},"featured_media":11300,"comment_status":"open","ping_status":"closed","template":"","meta":[],"product_cat":[15],"product_tag":[],"class_list":{"0":"post-11301","1":"product","2":"type-product","3":"status-publish","4":"has-post-thumbnail","6":"product_cat-sin-categorizar","7":"nodate","8":"item-wrap","10":"first","11":"instock","12":"shipping-taxable","13":"product-type-external"},"_links":{"self":[{"href":"https:\/\/lofimusic.com.es\/index.php\/wp-json\/wp\/v2\/product\/11301","targetHints":{"allow":["GET"]}}],"collection":[{"href":"https:\/\/lofimusic.com.es\/index.php\/wp-json\/wp\/v2\/product"}],"about":[{"href":"https:\/\/lofimusic.com.es\/index.php\/wp-json\/wp\/v2\/types\/product"}],"replies":[{"embeddable":true,"href":"https:\/\/lofimusic.com.es\/index.php\/wp-json\/wp\/v2\/comments?post=11301"}],"wp:featuredmedia":[{"embeddable":true,"href":"https:\/\/lofimusic.com.es\/index.php\/wp-json\/wp\/v2\/media\/11300"}],"wp:attachment":[{"href":"https:\/\/lofimusic.com.es\/index.php\/wp-json\/wp\/v2\/media?parent=11301"}],"wp:term":[{"taxonomy":"product_cat","embeddable":true,"href":"https:\/\/lofimusic.com.es\/index.php\/wp-json\/wp\/v2\/product_cat?post=11301"},{"taxonomy":"product_tag","embeddable":true,"href":"https:\/\/lofimusic.com.es\/index.php\/wp-json\/wp\/v2\/product_tag?post=11301"}],"curies":[{"name":"wp","href":"https:\/\/api.w.org\/{rel}","templated":true}]}}