{"id":11297,"date":"2025-02-12T06:23:53","date_gmt":"2025-02-12T06:23:53","guid":{"rendered":"https:\/\/lofimusic.com.es\/index.php\/producto\/b0d6ysslw5_es\/"},"modified":"2025-02-12T06:23:53","modified_gmt":"2025-02-12T06:23:53","slug":"b0d6ysslw5_es","status":"publish","type":"product","link":"https:\/\/lofimusic.com.es\/index.php\/producto\/b0d6ysslw5_es\/","title":{"rendered":"B0D6YSSLW5_ES"},"content":{"rendered":"<p>&#8211; Potente Succi\u00f3n y Motor Potente: Con una potencia de aspiraci\u00f3n de 30 kPa impulsada por un motor de 130.000 RPM, la aspiradora sin Cable de VersLife S6 PRO 2025 Actualizada elimina instant\u00e1neamente la m\u00e1s tenaz suciedad. Esta potencia excepcional la convierte en la mejor opci\u00f3n para cualquier hogar que desee una limpieza profunda. El motor robusto garantiza un funcionamiento constante y eficiente, sin importar la cantidad de suciedad que deba absorber.<br \/>\n&#8211; Ultra Ligera y Manipulable con una Mano: La aspiradora vertical posee un dise\u00f1o ultra ligero, lo que la hace extremadamente f\u00e1cil de transportar. Puede llevarla a cualquier rinc\u00f3n del hogar sin sentir fatiga. Adem\u00e1s, es tan liviana que se puede manejar con una sola mano, lo que le permite limpiar lugares altos y rincones dif\u00edciles de alcanzar sin esfuerzo, convirtiendo la tarea de limpieza en una actividad m\u00e1s sencilla y sin estr\u00e9s.<br \/>\n&#8211; Dise\u00f1o Sin Cepillo y Resistente a los Enredos: La aspirador escoba sin cable tiene un innovador dise\u00f1o sin cepillo rotatorio. Esto significa que no tendr\u00e1 que preocuparse por el cabello y el pelaje enredados en la aspiradora. Absorbe la suciedad y el cabello con fluidez, sin enredos ni complicaciones. Ideal para aquellos que viven con mascotas o tienen cabello largo, ya que simplifica el proceso de limpieza y ahorra tiempo.<br \/>\n&#8211; Herramientas Multifuncionales: La aspiradora inal\u00e1mbrico viene con un abanico de herramientas multifuncionales. La herramienta para pisos sin cepillo es perfecta para cualquier tipo de piso, brindando una limpieza profunda y sin enredos. El cepillo para colchones es ideal para renovar la higiene de muebles tapizados y ropa de cama, eliminando \u00e1caros y c\u00e9lulas muertas. Y la herramienta multifuncional 2 en 1 es adecuada para m\u00faltiples tareas de limpieza, como la limpieza de superficies delicadas y para alcanzar espacios estrechos. Estas herramientas te permiten adaptar la aspiradora a diferentes necesidades de limpieza en tu hogar.<br \/>\n&#8211; Cabezal de Aspiraci\u00f3n Flexible: Con una movilidad de 90\u00b0 hacia arriba &#8211; abajo y 180\u00b0 hacia la izquierda &#8211; derecha, puede alcanzar cualquier rinc\u00f3n del hogar. Esto asegura una limpieza exhaustiva en todos los lugares, incluyendo debajo de los muebles y en las esquinas. Su flexibilidad hace que la tarea de limpieza sea m\u00e1s eficiente y te permite cubrir \u00e1reas que otras aspiradoras no pueden alcanzar.<br \/>\n&#8211; Filtraci\u00f3n HEPA Avanzada: Est\u00e1 equipada con un sistema de filtraci\u00f3n HEPA de 4 etapas. Este sistema captura part\u00edculas tan peque\u00f1as como 0,3\u03bcm con una tasa de captura del 99,97%. Esto garantiza un aire limpio y saludable en tu hogar, libre de al\u00e9rgenos y contaminantes. Con la aspiradora VersLife S6 PRO, no solo limpia la suciedad visible, sino que tambi\u00e9n mejora la calidad del aire en tu entorno, lo que es beneficioso para la salud de toda la familia.<br \/>\n&#8211; Dep\u00f3sito de Polvo de 900 ml, Descarga con un Solo Toque y Lavable: Se cuenta con un dep\u00f3sito de polvo de 900 ml, lo que significa que puede recoger una gran cantidad de suciedad antes de necesitar vaciarlo. La descarga del dep\u00f3sito es muy f\u00e1cil, gracias a su funci\u00f3n de descarga con un solo toque. Adem\u00e1s, el dep\u00f3sito de polvo es lavable, lo que ahorra en costos de reemplazo y es m\u00e1s amigable con el medio ambiente. Esto te permite mantener tu aspiradora en \u00f3ptimas condiciones sin complicaciones y ahorrar dinero a largo plazo.<\/p>\n","protected":false},"excerpt":{"rendered":"<p>Publicidad VersLife Aspiradora sin Cable S6PRO, 30kPa Aspirador Escoba sin Cable Potente, Dise\u00f1o Sin Enredos, Filtraci\u00f3n HEPA\/Herramientas Multifuncionales, Aspirador Inal\u00e1mbrico Antienredo para Pelo de Mascota<\/p>\n","protected":false},"featured_media":11296,"comment_status":"open","ping_status":"closed","template":"","meta":[],"product_cat":[15],"product_tag":[],"class_list":{"0":"post-11297","1":"product","2":"type-product","3":"status-publish","4":"has-post-thumbnail","6":"product_cat-sin-categorizar","7":"nodate","8":"item-wrap","10":"first","11":"instock","12":"shipping-taxable","13":"product-type-external"},"_links":{"self":[{"href":"https:\/\/lofimusic.com.es\/index.php\/wp-json\/wp\/v2\/product\/11297","targetHints":{"allow":["GET"]}}],"collection":[{"href":"https:\/\/lofimusic.com.es\/index.php\/wp-json\/wp\/v2\/product"}],"about":[{"href":"https:\/\/lofimusic.com.es\/index.php\/wp-json\/wp\/v2\/types\/product"}],"replies":[{"embeddable":true,"href":"https:\/\/lofimusic.com.es\/index.php\/wp-json\/wp\/v2\/comments?post=11297"}],"wp:featuredmedia":[{"embeddable":true,"href":"https:\/\/lofimusic.com.es\/index.php\/wp-json\/wp\/v2\/media\/11296"}],"wp:attachment":[{"href":"https:\/\/lofimusic.com.es\/index.php\/wp-json\/wp\/v2\/media?parent=11297"}],"wp:term":[{"taxonomy":"product_cat","embeddable":true,"href":"https:\/\/lofimusic.com.es\/index.php\/wp-json\/wp\/v2\/product_cat?post=11297"},{"taxonomy":"product_tag","embeddable":true,"href":"https:\/\/lofimusic.com.es\/index.php\/wp-json\/wp\/v2\/product_tag?post=11297"}],"curies":[{"name":"wp","href":"https:\/\/api.w.org\/{rel}","templated":true}]}}