{"id":11295,"date":"2025-02-11T22:37:15","date_gmt":"2025-02-11T22:37:15","guid":{"rendered":"https:\/\/lofimusic.com.es\/index.php\/producto\/b0ckfjkg99_it\/"},"modified":"2025-02-11T22:37:15","modified_gmt":"2025-02-11T22:37:15","slug":"b0ckfjkg99_it","status":"publish","type":"product","link":"https:\/\/lofimusic.com.es\/index.php\/producto\/b0ckfjkg99_it\/","title":{"rendered":"B0CKFJKG99_IT"},"content":{"rendered":"<p>&#8211; OLIO CBD PER gatto e cane &#8211; Olio gatto e cane ,agitato o che soffre? Trasforma il turbamento in tranquillit\u00e0 con l&#8217;Olio di CBD per Gatti di Maria CBD. Offri al tuo amico a 4 zampe un&#8217;esperienza di relax profondo che lenir\u00e0 l&#8217;agitazione e gli favorir\u00e0 un equilibrio interiore duraturo!<br \/>\n&#8211; AZIONE SICURA &#8211; La formulazione dell&#8217;olio di CBD per gatti di Maria CBD \u00e8 stata studiata appositamente per supportare il benessere fisico e mentale dei gatti. Il cannabidiolo agisce in sinergia con il sistema endocannabinoide, contribuendo a promuovere uno stato di equilibrio e comfort<br \/>\n&#8211; FACILE SOMMINISTRAZIONE &#8211; Con il pratico contagocce, puoi aggiungere facilmente la giusta quantit\u00e0 di olio al cibo o all&#8217;acqua del tuo gatto. Sia che tu abbia un gattino curioso o un gatto anziano, la loro dose di benessere sar\u00e0 sempre nella giusta misura<br \/>\n&#8211; SENZA PERICOLI &#8211; Il nostro olio di CBD per gatti \u00e8 realizzato con ingredienti naturali selezionati con cura. Puoi essere sicuro che il tuo gatto godr\u00e0 dei benefici del CBD senza rischiare effetti collaterali indesiderati. La sua salute e felicit\u00e0 sono al centro di ogni goccia<br \/>\n&#8211; MARIA CBD OIL- Fidati di un brand dedicato al benessere dei tuoi amati animali. Siamo impegnati a fornire prodotti di altissima qualit\u00e0, formulati con ingredienti naturali e sicuri. La nostra missione \u00e8 offrire soluzioni che migliorino la vita dei vostri gatti utilizzando principi 100% naturali<\/p>\n","protected":false},"excerpt":{"rendered":"<p>pubblicit\u00e0Maria CBD Olio Manzo calmante Cane agitato CBD 5% Estratto di Canapa Sativa Spremuto Freddo Omega 3 Naturale Puro Tranquillante Antidolorifico Antifiammatorio Aiuta Il Sonno Elimina Ansia e Dolori<\/p>\n","protected":false},"featured_media":11294,"comment_status":"open","ping_status":"closed","template":"","meta":[],"product_cat":[15],"product_tag":[],"class_list":{"0":"post-11295","1":"product","2":"type-product","3":"status-publish","4":"has-post-thumbnail","6":"product_cat-sin-categorizar","7":"nodate","8":"item-wrap","10":"first","11":"instock","12":"shipping-taxable","13":"product-type-external"},"_links":{"self":[{"href":"https:\/\/lofimusic.com.es\/index.php\/wp-json\/wp\/v2\/product\/11295","targetHints":{"allow":["GET"]}}],"collection":[{"href":"https:\/\/lofimusic.com.es\/index.php\/wp-json\/wp\/v2\/product"}],"about":[{"href":"https:\/\/lofimusic.com.es\/index.php\/wp-json\/wp\/v2\/types\/product"}],"replies":[{"embeddable":true,"href":"https:\/\/lofimusic.com.es\/index.php\/wp-json\/wp\/v2\/comments?post=11295"}],"wp:featuredmedia":[{"embeddable":true,"href":"https:\/\/lofimusic.com.es\/index.php\/wp-json\/wp\/v2\/media\/11294"}],"wp:attachment":[{"href":"https:\/\/lofimusic.com.es\/index.php\/wp-json\/wp\/v2\/media?parent=11295"}],"wp:term":[{"taxonomy":"product_cat","embeddable":true,"href":"https:\/\/lofimusic.com.es\/index.php\/wp-json\/wp\/v2\/product_cat?post=11295"},{"taxonomy":"product_tag","embeddable":true,"href":"https:\/\/lofimusic.com.es\/index.php\/wp-json\/wp\/v2\/product_tag?post=11295"}],"curies":[{"name":"wp","href":"https:\/\/api.w.org\/{rel}","templated":true}]}}