{"id":11291,"date":"2025-02-11T22:23:25","date_gmt":"2025-02-11T22:23:25","guid":{"rendered":"https:\/\/lofimusic.com.es\/index.php\/producto\/b0dnfk8cz8_es\/"},"modified":"2025-02-11T22:23:25","modified_gmt":"2025-02-11T22:23:25","slug":"b0dnfk8cz8_es","status":"publish","type":"product","link":"https:\/\/lofimusic.com.es\/index.php\/producto\/b0dnfk8cz8_es\/","title":{"rendered":"B0DNFK8CZ8_ES"},"content":{"rendered":"<p>&#8211; [Contenido del producto]-Incluye 4 tri\u00e1ngulos geom\u00e9tricos, lo que brinda un gran valor para estudiantes, profesionales y aficionados que necesitan una herramienta de dibujo completa.<br \/>\n&#8211; [Port\u00e1til y ligero]-Los tri\u00e1ngulos geom\u00e9tricos est\u00e1n dise\u00f1ados pensando en la portabilidad y miden 16 cm de largo, lo que garantiza que sean livianos y compactos. Esto hace que el transportador de mapas triangular sea muy conveniente para los estudiantes, ya que cabe f\u00e1cilmente en una mochila o malet\u00edn, lo que lo hace perfecto para la escuela, la oficina o para viajar.<br \/>\n&#8211; [F\u00e1cil de mover]-El cuadrado geom\u00e9trico presenta un pr\u00e1ctico mango de pl\u00e1stico amarillo que se encaja f\u00e1cilmente en el peque\u00f1o orificio en el centro del peque\u00f1o cuadrado flexible del estudiante para facilitar el movimiento mientras dibuja.<br \/>\n&#8211; [Dise\u00f1o inteligente]-Combina medidas de longitud y \u00e1ngulo en una sola herramienta, lo que reduce la necesidad de m\u00faltiples herramientas. Ideal para dibujar, dise\u00f1ar y modelar.<br \/>\n&#8211; [Amplia aplicaci\u00f3n]-los tri\u00e1ngulos geom\u00e9tricos de la escuela primaria son adecuados para una amplia gama de profesionales, incluidos estudiantes, profesores, matem\u00e1ticos, ingenieros, dise\u00f1adores y m\u00e1s.<\/p>\n","protected":false},"excerpt":{"rendered":"<p>Publicidad iCovalescent 4 Piezas Tri\u00e1ngulo de Geometr\u00eda, Tablero Triangular Multifuncional Transparente de Pl\u00e1stico, Con Mango Amarillo Extra\u00edble, Para Oficina de Estudiante(16cm)<\/p>\n","protected":false},"featured_media":11290,"comment_status":"open","ping_status":"closed","template":"","meta":[],"product_cat":[15],"product_tag":[],"class_list":{"0":"post-11291","1":"product","2":"type-product","3":"status-publish","4":"has-post-thumbnail","6":"product_cat-sin-categorizar","7":"nodate","8":"item-wrap","10":"first","11":"instock","12":"shipping-taxable","13":"product-type-external"},"_links":{"self":[{"href":"https:\/\/lofimusic.com.es\/index.php\/wp-json\/wp\/v2\/product\/11291","targetHints":{"allow":["GET"]}}],"collection":[{"href":"https:\/\/lofimusic.com.es\/index.php\/wp-json\/wp\/v2\/product"}],"about":[{"href":"https:\/\/lofimusic.com.es\/index.php\/wp-json\/wp\/v2\/types\/product"}],"replies":[{"embeddable":true,"href":"https:\/\/lofimusic.com.es\/index.php\/wp-json\/wp\/v2\/comments?post=11291"}],"wp:featuredmedia":[{"embeddable":true,"href":"https:\/\/lofimusic.com.es\/index.php\/wp-json\/wp\/v2\/media\/11290"}],"wp:attachment":[{"href":"https:\/\/lofimusic.com.es\/index.php\/wp-json\/wp\/v2\/media?parent=11291"}],"wp:term":[{"taxonomy":"product_cat","embeddable":true,"href":"https:\/\/lofimusic.com.es\/index.php\/wp-json\/wp\/v2\/product_cat?post=11291"},{"taxonomy":"product_tag","embeddable":true,"href":"https:\/\/lofimusic.com.es\/index.php\/wp-json\/wp\/v2\/product_tag?post=11291"}],"curies":[{"name":"wp","href":"https:\/\/api.w.org\/{rel}","templated":true}]}}