{"id":11289,"date":"2025-02-11T22:23:16","date_gmt":"2025-02-11T22:23:16","guid":{"rendered":"https:\/\/lofimusic.com.es\/index.php\/producto\/b0dmsnx5w4_es-2\/"},"modified":"2025-02-11T22:23:16","modified_gmt":"2025-02-11T22:23:16","slug":"b0dmsnx5w4_es-2","status":"publish","type":"product","link":"https:\/\/lofimusic.com.es\/index.php\/producto\/b0dmsnx5w4_es-2\/","title":{"rendered":"B0DMSNX5W4_ES"},"content":{"rendered":"<p>&#8211; [Recibir\u00e1]-una caja de 40 piezas en total, 20 mosquetones y 20 llaveros con mosquet\u00f3n, la cantidad es suficiente para satisfacer sus necesidades diarias. Di\u00e1metro del anillo: 2,5 cm\/1 pulgada, longitud de cada llavero 3,2 cm\/1,28 pulgadas.<br \/>\n&#8211; [Material de alta calidad]-estos clips de metal para llavero est\u00e1n hechos de aleaci\u00f3n de zinc de alta calidad, con una superficie lisa y brillante, ligera y duradera, y no se oxida ni se rompe incluso despu\u00e9s de un uso prolongado.<br \/>\n&#8211; [Ampliamente utilizado]-el gancho de resorte giratorio es perfecto para hacer bolsos, mochilas, collares para perros hechos a mano, correas para equipaje y m\u00e1s. Estos ganchos para llaves ofrecen infinitas posibilidades creativas y te convertir\u00e1n en un dise\u00f1ador estrella. Gran regalo para familiares y amigos.<br \/>\n&#8211; [Dise\u00f1o flexible]-nuestros ganchos para llaves cuentan con una rotaci\u00f3n de 360 \u200b\u200bgrados, por lo que puede girarlos en cualquier direcci\u00f3n para facilitar su uso.<br \/>\n&#8211; [F\u00e1cil de usa]-El mosquet\u00f3n del llavero tiene una fuerte hebilla de resorte, se puede abrir f\u00e1cilmente empujando suavemente el mosquet\u00f3n y se cerrar\u00e1 autom\u00e1ticamente cuando suelte la mano.<\/p>\n","protected":false},"excerpt":{"rendered":"<p>Publicidad iCovalescent 20 Anillas para Llaveros, Ganchos de Metal Giratorio con Anillas para Llaves, Argollas Desmontables, Anillas para Llaveros Cierre de Mosquet\u00f3n y Anillas para Llavero(Plateado)<\/p>\n","protected":false},"featured_media":11288,"comment_status":"open","ping_status":"closed","template":"","meta":[],"product_cat":[15],"product_tag":[],"class_list":{"0":"post-11289","1":"product","2":"type-product","3":"status-publish","4":"has-post-thumbnail","6":"product_cat-sin-categorizar","7":"nodate","8":"item-wrap","10":"first","11":"instock","12":"shipping-taxable","13":"product-type-external"},"_links":{"self":[{"href":"https:\/\/lofimusic.com.es\/index.php\/wp-json\/wp\/v2\/product\/11289","targetHints":{"allow":["GET"]}}],"collection":[{"href":"https:\/\/lofimusic.com.es\/index.php\/wp-json\/wp\/v2\/product"}],"about":[{"href":"https:\/\/lofimusic.com.es\/index.php\/wp-json\/wp\/v2\/types\/product"}],"replies":[{"embeddable":true,"href":"https:\/\/lofimusic.com.es\/index.php\/wp-json\/wp\/v2\/comments?post=11289"}],"wp:featuredmedia":[{"embeddable":true,"href":"https:\/\/lofimusic.com.es\/index.php\/wp-json\/wp\/v2\/media\/11288"}],"wp:attachment":[{"href":"https:\/\/lofimusic.com.es\/index.php\/wp-json\/wp\/v2\/media?parent=11289"}],"wp:term":[{"taxonomy":"product_cat","embeddable":true,"href":"https:\/\/lofimusic.com.es\/index.php\/wp-json\/wp\/v2\/product_cat?post=11289"},{"taxonomy":"product_tag","embeddable":true,"href":"https:\/\/lofimusic.com.es\/index.php\/wp-json\/wp\/v2\/product_tag?post=11289"}],"curies":[{"name":"wp","href":"https:\/\/api.w.org\/{rel}","templated":true}]}}