{"id":11287,"date":"2025-02-11T22:23:03","date_gmt":"2025-02-11T22:23:03","guid":{"rendered":"https:\/\/lofimusic.com.es\/index.php\/producto\/b0dpjr9ln7_es-2\/"},"modified":"2025-02-11T22:23:03","modified_gmt":"2025-02-11T22:23:03","slug":"b0dpjr9ln7_es-2","status":"publish","type":"product","link":"https:\/\/lofimusic.com.es\/index.php\/producto\/b0dpjr9ln7_es-2\/","title":{"rendered":"B0DPJR9LN7_ES"},"content":{"rendered":"<p>&#8211; [Corona de cumplea\u00f1os]-el cartel fotogr\u00e1fico contiene 12 tarjetas con letras de 1 a 12 meses, 1 trozo de hilo de aproximadamente 3 m de largo, un enhebrador de pl\u00e1stico seguro y 24 puntas de cinta adhesiva de doble cara. Cada tarjeta mide aproximadamente 12,5 cm x 17 cm y se adapta a todas las fotos que miden 4,9 x 6,6 pulgadas.<br \/>\n&#8211; [Material de alta calidad]-la guirnalda de fotos de cumplea\u00f1os est\u00e1 hecha de papel kraft de alta calidad con bordes limpios y lisos, respetuoso con el medio ambiente e inofensivo, bellamente hecho y duradero.<br \/>\n&#8211; [F\u00e1cil montaje]-el paquete contiene 24 puntos de pegamento y 1 alfiler de pl\u00e1stico; simplemente pegue la foto en la tarjeta con adhesivo, pase la cuerda a trav\u00e9s de los dos orificios de la tarjeta con el alfiler y cuelgue la corona en la pared, ventana o donde quieras.<br \/>\n&#8211; [Regalo exquisito] &#8211; Utilice estas tarjetas mensuales para capturar los momentos \u00fanicos de su beb\u00e9 de 1 a 12 meses, mostrando c\u00f3mo ha crecido su beb\u00e9 durante el \u00faltimo a\u00f1o. Esta es una celebraci\u00f3n especial y significativa.<br \/>\n&#8211; [Multiusos]-Adecuado para muchas ocasiones, como la primera fiesta de cumplea\u00f1os, bautizo, decoraci\u00f3n de habitaciones infantiles, guarder\u00edas, decoraci\u00f3n navide\u00f1a, etc.<\/p>\n","protected":false},"excerpt":{"rendered":"<p>Publicidad iCovalescent Foto Banner, Banner con Banderines para Primer Cumplea\u00f1os Beb\u00e9, Pancarta Fiesta Cumple Mes Regalo Recuerdo Reci\u00e9n Nacidos (Papel Kraft)<\/p>\n","protected":false},"featured_media":11286,"comment_status":"open","ping_status":"closed","template":"","meta":[],"product_cat":[15],"product_tag":[],"class_list":{"0":"post-11287","1":"product","2":"type-product","3":"status-publish","4":"has-post-thumbnail","6":"product_cat-sin-categorizar","7":"nodate","8":"item-wrap","10":"first","11":"instock","12":"shipping-taxable","13":"product-type-external"},"_links":{"self":[{"href":"https:\/\/lofimusic.com.es\/index.php\/wp-json\/wp\/v2\/product\/11287","targetHints":{"allow":["GET"]}}],"collection":[{"href":"https:\/\/lofimusic.com.es\/index.php\/wp-json\/wp\/v2\/product"}],"about":[{"href":"https:\/\/lofimusic.com.es\/index.php\/wp-json\/wp\/v2\/types\/product"}],"replies":[{"embeddable":true,"href":"https:\/\/lofimusic.com.es\/index.php\/wp-json\/wp\/v2\/comments?post=11287"}],"wp:featuredmedia":[{"embeddable":true,"href":"https:\/\/lofimusic.com.es\/index.php\/wp-json\/wp\/v2\/media\/11286"}],"wp:attachment":[{"href":"https:\/\/lofimusic.com.es\/index.php\/wp-json\/wp\/v2\/media?parent=11287"}],"wp:term":[{"taxonomy":"product_cat","embeddable":true,"href":"https:\/\/lofimusic.com.es\/index.php\/wp-json\/wp\/v2\/product_cat?post=11287"},{"taxonomy":"product_tag","embeddable":true,"href":"https:\/\/lofimusic.com.es\/index.php\/wp-json\/wp\/v2\/product_tag?post=11287"}],"curies":[{"name":"wp","href":"https:\/\/api.w.org\/{rel}","templated":true}]}}