{"id":11283,"date":"2025-02-11T22:22:42","date_gmt":"2025-02-11T22:22:42","guid":{"rendered":"https:\/\/lofimusic.com.es\/index.php\/producto\/b0dlnrp9wq_es\/"},"modified":"2025-02-11T22:22:42","modified_gmt":"2025-02-11T22:22:42","slug":"b0dlnrp9wq_es","status":"publish","type":"product","link":"https:\/\/lofimusic.com.es\/index.php\/producto\/b0dlnrp9wq_es\/","title":{"rendered":"B0DLNRP9WQ_ES"},"content":{"rendered":"<p>&#8211; [Tama\u00f1o de la cantidad]-recibir\u00e1s 15 enhebradores de agujas verdes con forma de pez, de aproximadamente 3,2 cm de largo. Compacto y liviano, f\u00e1cil de transportar. No es necesario mojar el hilo antes de volver a intentarlo, lo que ahorra tiempo y energ\u00eda.<br \/>\n&#8211; [Materiales de alta calidad]-Este enhebrador de agujas de coser con forma de pez est\u00e1 hecho de material de alta calidad, que es resistente, resistente al desgaste y no es f\u00e1cil de romper, lo que garantiza un uso duradero.<br \/>\n&#8211; [F\u00e1cil de usar]-Este enhebrador de agujas de coser con forma de pez es ideal para enhebrar agujas; sostiene la aguja de manera estable para facilitar su inserci\u00f3n y extracci\u00f3n, lo que garantiza que pueda enhebrar su m\u00e1quina de coser o aguja en solo 1 sencillo paso. Cose sin esfuerzo con nuestro enhebrador de agujas de coser en forma de pez, dise\u00f1ado para enhebrar f\u00e1cilmente en condiciones de poca luz o visi\u00f3n. Garantiza que el hilo pase r\u00e1pidamente por la aguja.<br \/>\n&#8211; [Regalo significativo]-Regale este enhebrador de agujas con forma de pez a su familia o amigos entusiastas de la costura. Exprese su amor y mu\u00e9streles que aprecia sus pasatiempos.<br \/>\n&#8211; [Ampliamente utilizado]-Enhebrar agujas para bordado, costura y proyectos de bricolaje es sencillo con este enhebrador de agujas de coser con forma de pez. Es una herramienta vers\u00e1til que simplifica el enhebrado y es perfecta para una variedad de usos.<\/p>\n","protected":false},"excerpt":{"rendered":"<p>Publicidad iCovalescent 15 Piezas Enhebrador para M\u00e1quinas de Coser, Accesorios para M\u00e1quinas de Coser, Herramienta Enhebradora de Agujas de Pl\u00e1stico(Verde, 3.2cm)<\/p>\n","protected":false},"featured_media":11282,"comment_status":"open","ping_status":"closed","template":"","meta":[],"product_cat":[15],"product_tag":[],"class_list":{"0":"post-11283","1":"product","2":"type-product","3":"status-publish","4":"has-post-thumbnail","6":"product_cat-sin-categorizar","7":"nodate","8":"item-wrap","10":"first","11":"instock","12":"shipping-taxable","13":"product-type-external"},"_links":{"self":[{"href":"https:\/\/lofimusic.com.es\/index.php\/wp-json\/wp\/v2\/product\/11283","targetHints":{"allow":["GET"]}}],"collection":[{"href":"https:\/\/lofimusic.com.es\/index.php\/wp-json\/wp\/v2\/product"}],"about":[{"href":"https:\/\/lofimusic.com.es\/index.php\/wp-json\/wp\/v2\/types\/product"}],"replies":[{"embeddable":true,"href":"https:\/\/lofimusic.com.es\/index.php\/wp-json\/wp\/v2\/comments?post=11283"}],"wp:featuredmedia":[{"embeddable":true,"href":"https:\/\/lofimusic.com.es\/index.php\/wp-json\/wp\/v2\/media\/11282"}],"wp:attachment":[{"href":"https:\/\/lofimusic.com.es\/index.php\/wp-json\/wp\/v2\/media?parent=11283"}],"wp:term":[{"taxonomy":"product_cat","embeddable":true,"href":"https:\/\/lofimusic.com.es\/index.php\/wp-json\/wp\/v2\/product_cat?post=11283"},{"taxonomy":"product_tag","embeddable":true,"href":"https:\/\/lofimusic.com.es\/index.php\/wp-json\/wp\/v2\/product_tag?post=11283"}],"curies":[{"name":"wp","href":"https:\/\/api.w.org\/{rel}","templated":true}]}}