{"id":11281,"date":"2025-02-11T22:22:30","date_gmt":"2025-02-11T22:22:30","guid":{"rendered":"https:\/\/lofimusic.com.es\/index.php\/producto\/b0dlnq8ghk_es-2\/"},"modified":"2025-02-11T22:22:30","modified_gmt":"2025-02-11T22:22:30","slug":"b0dlnq8ghk_es-2","status":"publish","type":"product","link":"https:\/\/lofimusic.com.es\/index.php\/producto\/b0dlnq8ghk_es-2\/","title":{"rendered":"B0DLNQ8GHK_ES"},"content":{"rendered":"<p>&#8211; [Ligero y f\u00e1cil de usar]-el cepillo es pr\u00e1ctico y flexible, compacto, f\u00e1cil de transportar y m\u00e1s c\u00f3modo de sostener, el cepillo de cerdas de jabal\u00ed se adapta c\u00f3modamente a la mano y proporciona un agarre fuerte cuando se usa en el cabello o la barba.<br \/>\n&#8211; [Multifuncional]-cepillo de cerdas de jabal\u00ed, adecuado para peinar y peinar diferentes estilos de cabello, como cabello mojado, cabello seco, cabello liso y cabello rizado. Peinado perfecto, peine de sal\u00f3n profesional, muy pr\u00e1ctico en sal\u00f3n y estilismo en el hogar.<br \/>\n&#8211; [Dise\u00f1o ergon\u00f3mico]-el mango de madera del cepillo de cerdas tiene ranuras en ambos lados, lo que est\u00e1 en l\u00ednea con el dise\u00f1o ergon\u00f3mico. El mango tiene un grosor uniforme, una superficie lisa, una sensaci\u00f3n c\u00f3moda en la mano, f\u00e1cil de sostener, no se cae f\u00e1cilmente y no se sentir\u00e1 cansado despu\u00e9s de un uso prolongado.<br \/>\n&#8211; [Reduce el frizz]-un cepillo de cerdas de jabal\u00ed esparce el sebo desde la ra\u00edz hasta las puntas. Masajee el cuero cabelludo para promover la circulaci\u00f3n sangu\u00ednea, dragar los fol\u00edculos pilosos y distribuir uniformemente el sebo en el cabello para proporcionar lubricaci\u00f3n.<br \/>\n&#8211; [Material duradero]-2 cepillos, un cepillo de hilera oblicua hecho de cerdas de madera y un peine de madera de tres hileras de doble cara, hecho de madera y cerdas de alta calidad, resistente y pr\u00e1ctico, las cerdas son suaves y el\u00e1sticas, y se sienten bueno en la piel. El delgado eje de madera se adapta c\u00f3modamente a la mano.<\/p>\n","protected":false},"excerpt":{"rendered":"<p>Publicidad iCovalescent 2 St\u00fcck Wildschweinborsten B\u00fcrste, boar bristle brush, Toupierb\u00fcrste mit Holzgriff, f\u00fcr Langes, Dickes, Lockiges, Welliges, Trockenes Oder Gesch\u00e4digtes Haar, Alle Haartypen<\/p>\n","protected":false},"featured_media":11280,"comment_status":"open","ping_status":"closed","template":"","meta":[],"product_cat":[15],"product_tag":[],"class_list":{"0":"post-11281","1":"product","2":"type-product","3":"status-publish","4":"has-post-thumbnail","6":"product_cat-sin-categorizar","7":"nodate","8":"item-wrap","10":"first","11":"instock","12":"shipping-taxable","13":"product-type-external"},"_links":{"self":[{"href":"https:\/\/lofimusic.com.es\/index.php\/wp-json\/wp\/v2\/product\/11281","targetHints":{"allow":["GET"]}}],"collection":[{"href":"https:\/\/lofimusic.com.es\/index.php\/wp-json\/wp\/v2\/product"}],"about":[{"href":"https:\/\/lofimusic.com.es\/index.php\/wp-json\/wp\/v2\/types\/product"}],"replies":[{"embeddable":true,"href":"https:\/\/lofimusic.com.es\/index.php\/wp-json\/wp\/v2\/comments?post=11281"}],"wp:featuredmedia":[{"embeddable":true,"href":"https:\/\/lofimusic.com.es\/index.php\/wp-json\/wp\/v2\/media\/11280"}],"wp:attachment":[{"href":"https:\/\/lofimusic.com.es\/index.php\/wp-json\/wp\/v2\/media?parent=11281"}],"wp:term":[{"taxonomy":"product_cat","embeddable":true,"href":"https:\/\/lofimusic.com.es\/index.php\/wp-json\/wp\/v2\/product_cat?post=11281"},{"taxonomy":"product_tag","embeddable":true,"href":"https:\/\/lofimusic.com.es\/index.php\/wp-json\/wp\/v2\/product_tag?post=11281"}],"curies":[{"name":"wp","href":"https:\/\/api.w.org\/{rel}","templated":true}]}}