{"id":11279,"date":"2025-02-11T22:22:19","date_gmt":"2025-02-11T22:22:19","guid":{"rendered":"https:\/\/lofimusic.com.es\/index.php\/producto\/b0dmsrrhzn_es\/"},"modified":"2025-02-11T22:22:19","modified_gmt":"2025-02-11T22:22:19","slug":"b0dmsrrhzn_es","status":"publish","type":"product","link":"https:\/\/lofimusic.com.es\/index.php\/producto\/b0dmsrrhzn_es\/","title":{"rendered":"B0DMSRRHZN_ES"},"content":{"rendered":"<p>&#8211; [Accesorios para el cabello de moda]-Accesorios para trenzas de metal, con brillo met\u00e1lico, patrones exquisitos y dise\u00f1os huecos parciales, que te permiten destacar entre la multitud, estas pinzas para el cabello para mujer est\u00e1n especialmente dise\u00f1adas con estilos cl\u00e1sicos y encantadores, adecuadas para varios tipos de peinados. , Muestra tu estilo \u00fanico.<br \/>\n&#8211; [Material de alta calidad]-Nuestros accesorios para el cabello est\u00e1n hechos de una aleaci\u00f3n de alta calidad, que tiene buena elasticidad y flexibilidad, es fuerte y duradera, no es f\u00e1cil de romper ni decolorar y se puede reutilizar muchas veces.<br \/>\n&#8211; [F\u00e1cil de usar]-Las cuentas de pelo ajustables son f\u00e1ciles de fijar a tus trenzas o coletas, puedes abrir los bucles de estos accesorios para trenzas girando el anillo dividido, no se necesitan otras herramientas auxiliares. es necesario.<br \/>\n&#8211; [Amplia aplicaci\u00f3n]-estas joyas para el cabello rizado son perfectas para celebraciones y fiestas, como cumplea\u00f1os, carnavales, graduaciones, graduaciones, bodas, Acci\u00f3n de Gracias, Navidad, Halloween y otras celebraciones. Tambi\u00e9n puede ser un gran regalo para familiares o amigos, adecuado tanto para hombres como para mujeres.<br \/>\n&#8211; [Lista de productos]-Incluye 30 piezas de 8 mm x 6 mm, 30 piezas de 8 mm x 9 mm, 20 piezas de 9 mm x 15 mm, 10 piezas de 13 mm x 15 mm, 20 piezas de 15 mm x 10 mm, un total de 110 piezas de gomas para el cabello doradas. Los aros trenzados especialmente dise\u00f1ados para cabello rubio satisfacen todas tus necesidades decorativas y hacen que tu peinado sea m\u00e1s atractivo.<\/p>\n","protected":false},"excerpt":{"rendered":"<p>Publicidad iCovalescent 110 Piezas Accesorios Pelo, Trenzas de Metal para el Cabello Accesorios, Anillos de Trenza de Pelo, Ajustables, Pu\u00f1os de Pelo de Metal el Cabello Anillos Para Hombres y Mujeres<\/p>\n","protected":false},"featured_media":11278,"comment_status":"open","ping_status":"closed","template":"","meta":[],"product_cat":[15],"product_tag":[],"class_list":{"0":"post-11279","1":"product","2":"type-product","3":"status-publish","4":"has-post-thumbnail","6":"product_cat-sin-categorizar","7":"nodate","8":"item-wrap","10":"first","11":"instock","12":"shipping-taxable","13":"product-type-external"},"_links":{"self":[{"href":"https:\/\/lofimusic.com.es\/index.php\/wp-json\/wp\/v2\/product\/11279","targetHints":{"allow":["GET"]}}],"collection":[{"href":"https:\/\/lofimusic.com.es\/index.php\/wp-json\/wp\/v2\/product"}],"about":[{"href":"https:\/\/lofimusic.com.es\/index.php\/wp-json\/wp\/v2\/types\/product"}],"replies":[{"embeddable":true,"href":"https:\/\/lofimusic.com.es\/index.php\/wp-json\/wp\/v2\/comments?post=11279"}],"wp:featuredmedia":[{"embeddable":true,"href":"https:\/\/lofimusic.com.es\/index.php\/wp-json\/wp\/v2\/media\/11278"}],"wp:attachment":[{"href":"https:\/\/lofimusic.com.es\/index.php\/wp-json\/wp\/v2\/media?parent=11279"}],"wp:term":[{"taxonomy":"product_cat","embeddable":true,"href":"https:\/\/lofimusic.com.es\/index.php\/wp-json\/wp\/v2\/product_cat?post=11279"},{"taxonomy":"product_tag","embeddable":true,"href":"https:\/\/lofimusic.com.es\/index.php\/wp-json\/wp\/v2\/product_tag?post=11279"}],"curies":[{"name":"wp","href":"https:\/\/api.w.org\/{rel}","templated":true}]}}