{"id":11275,"date":"2025-02-11T22:21:55","date_gmt":"2025-02-11T22:21:55","guid":{"rendered":"https:\/\/lofimusic.com.es\/index.php\/producto\/b0dcvnsz1w_es-2\/"},"modified":"2025-02-11T22:21:55","modified_gmt":"2025-02-11T22:21:55","slug":"b0dcvnsz1w_es-2","status":"publish","type":"product","link":"https:\/\/lofimusic.com.es\/index.php\/producto\/b0dcvnsz1w_es-2\/","title":{"rendered":"B0DCVNSZ1W_ES"},"content":{"rendered":"<p>&#8211; [Cantidad suficiente]-Nuestro kit de v\u00e1lvulas de bicicleta contiene 24 piezas de v\u00e1lvulas de bicicleta alemanas, que se utilizan principalmente para reemplazar n\u00facleos de v\u00e1lvulas de bicicleta viejos y da\u00f1ados. Se adapta a una variedad de tipos de bicicletas y estilos de v\u00e1lvulas, lo que garantiza comodidad para las necesidades diarias.<br \/>\n&#8211; [F\u00e1cil de usar]-estos v\u00e1stagos de v\u00e1lvulas de neum\u00e1ticos permiten un f\u00e1cil desmontaje y montaje con dimensiones precisas y estabilidad en todas las temperaturas para un proceso de instalaci\u00f3n simple y confiable.<br \/>\n&#8211; [Alta rentabilidad]-el n\u00facleo de v\u00e1lvula de cobre de estilo alem\u00e1n garantiza la durabilidad y confiabilidad de nuestros v\u00e1stagos de v\u00e1lvulas de neum\u00e1ticos, con alta dureza y durabilidad, larga vida \u00fatil, lo que le brinda tranquilidad al recorrer largas distancias o hacer caminatas. lo que garantiza una presi\u00f3n \u00f3ptima de los neum\u00e1ticos y una conducci\u00f3n c\u00f3moda.<br \/>\n&#8211; [F\u00e1cil de llevar]-De tama\u00f1o compacto, estos n\u00facleos de v\u00e1lvulas de cobre alem\u00e1n caben en cualquier bolsillo y son el reemplazo perfecto para v\u00e1lvulas desgastadas, lo que los hace ideales para viajeros y mantenimiento de carreteras.<br \/>\n&#8211; [\u00c1mbito de aplicaci\u00f3n]-Es ideal para entusiastas del ciclismo y mec\u00e1nicos de bicicletas, ideal para ciclistas y mec\u00e1nicos que a menudo necesitan inflar o reemplazar v\u00e1stagos de v\u00e1lvulas.<\/p>\n","protected":false},"excerpt":{"rendered":"<p>Publicidad YPYMOD 6 Set V\u00e1lvula de Bicicleta,de Adecuado para La Mayor\u00eda de V\u00e1lvulas de Bicicleta, Epuesto para Bicicleta, N\u00facleos de Bicicleta, V\u00e1lvulas de Reparaci\u00f3n<\/p>\n","protected":false},"featured_media":11274,"comment_status":"open","ping_status":"closed","template":"","meta":[],"product_cat":[15],"product_tag":[],"class_list":{"0":"post-11275","1":"product","2":"type-product","3":"status-publish","4":"has-post-thumbnail","6":"product_cat-sin-categorizar","7":"nodate","8":"item-wrap","10":"first","11":"instock","12":"shipping-taxable","13":"product-type-external"},"_links":{"self":[{"href":"https:\/\/lofimusic.com.es\/index.php\/wp-json\/wp\/v2\/product\/11275","targetHints":{"allow":["GET"]}}],"collection":[{"href":"https:\/\/lofimusic.com.es\/index.php\/wp-json\/wp\/v2\/product"}],"about":[{"href":"https:\/\/lofimusic.com.es\/index.php\/wp-json\/wp\/v2\/types\/product"}],"replies":[{"embeddable":true,"href":"https:\/\/lofimusic.com.es\/index.php\/wp-json\/wp\/v2\/comments?post=11275"}],"wp:featuredmedia":[{"embeddable":true,"href":"https:\/\/lofimusic.com.es\/index.php\/wp-json\/wp\/v2\/media\/11274"}],"wp:attachment":[{"href":"https:\/\/lofimusic.com.es\/index.php\/wp-json\/wp\/v2\/media?parent=11275"}],"wp:term":[{"taxonomy":"product_cat","embeddable":true,"href":"https:\/\/lofimusic.com.es\/index.php\/wp-json\/wp\/v2\/product_cat?post=11275"},{"taxonomy":"product_tag","embeddable":true,"href":"https:\/\/lofimusic.com.es\/index.php\/wp-json\/wp\/v2\/product_tag?post=11275"}],"curies":[{"name":"wp","href":"https:\/\/api.w.org\/{rel}","templated":true}]}}