{"id":11273,"date":"2025-02-11T22:21:45","date_gmt":"2025-02-11T22:21:45","guid":{"rendered":"https:\/\/lofimusic.com.es\/index.php\/producto\/b0dnvpg2p4_es\/"},"modified":"2025-02-11T22:21:45","modified_gmt":"2025-02-11T22:21:45","slug":"b0dnvpg2p4_es","status":"publish","type":"product","link":"https:\/\/lofimusic.com.es\/index.php\/producto\/b0dnvpg2p4_es\/","title":{"rendered":"B0DNVPG2P4_ES"},"content":{"rendered":"<p>&#8211; [6 Modos de parpadeo] &#8211; Crea una atm\u00f3sfera asombrosa y sorprende a tus amigos con su brillo.<br \/>\n&#8211; [Guantes LED Intermitentes] &#8211; Hechos con tela de poli\u00e9ster de algod\u00f3n suave y transpirable con un dise\u00f1o seguro.<br \/>\n&#8211; [Regalo personalizado] &#8211; Ideal para cumplea\u00f1os, fiestas de cumplea\u00f1os, regalos de Navidad, y como decoraci\u00f3n navide\u00f1a o de Halloween.<br \/>\n&#8211; [F\u00e1cil de Usar] &#8211; Con un bot\u00f3n encendido \/ apagado f\u00e1cil de usar, y pilas reemplazables.<br \/>\n&#8211; [Elecci\u00f3n perfecta para la fiesta] &#8211; Juguetes de chico y chica ideales para accesorios en fiestas de cumplea\u00f1os, Halloween, Navidad, cosplay, conciertos, bodas, espect\u00e1culos de luces, carnaval, baile y otra actividades especiales.<\/p>\n","protected":false},"excerpt":{"rendered":"<p>Publicidad Neoreser Guantes Iluminados, Guantes de LED, Colorido LED Ni\u00f1os para Halloween Navidad Pascua Carnaval Cosplay Tema Fiesta(6 Modos)<\/p>\n","protected":false},"featured_media":11272,"comment_status":"open","ping_status":"closed","template":"","meta":[],"product_cat":[15],"product_tag":[],"class_list":{"0":"post-11273","1":"product","2":"type-product","3":"status-publish","4":"has-post-thumbnail","6":"product_cat-sin-categorizar","7":"nodate","8":"item-wrap","10":"first","11":"instock","12":"shipping-taxable","13":"product-type-external"},"_links":{"self":[{"href":"https:\/\/lofimusic.com.es\/index.php\/wp-json\/wp\/v2\/product\/11273","targetHints":{"allow":["GET"]}}],"collection":[{"href":"https:\/\/lofimusic.com.es\/index.php\/wp-json\/wp\/v2\/product"}],"about":[{"href":"https:\/\/lofimusic.com.es\/index.php\/wp-json\/wp\/v2\/types\/product"}],"replies":[{"embeddable":true,"href":"https:\/\/lofimusic.com.es\/index.php\/wp-json\/wp\/v2\/comments?post=11273"}],"wp:featuredmedia":[{"embeddable":true,"href":"https:\/\/lofimusic.com.es\/index.php\/wp-json\/wp\/v2\/media\/11272"}],"wp:attachment":[{"href":"https:\/\/lofimusic.com.es\/index.php\/wp-json\/wp\/v2\/media?parent=11273"}],"wp:term":[{"taxonomy":"product_cat","embeddable":true,"href":"https:\/\/lofimusic.com.es\/index.php\/wp-json\/wp\/v2\/product_cat?post=11273"},{"taxonomy":"product_tag","embeddable":true,"href":"https:\/\/lofimusic.com.es\/index.php\/wp-json\/wp\/v2\/product_tag?post=11273"}],"curies":[{"name":"wp","href":"https:\/\/api.w.org\/{rel}","templated":true}]}}