{"id":11269,"date":"2025-02-11T20:49:42","date_gmt":"2025-02-11T20:49:42","guid":{"rendered":"https:\/\/lofimusic.com.es\/index.php\/producto\/b0dsw8bqf9_it\/"},"modified":"2025-02-11T20:49:42","modified_gmt":"2025-02-11T20:49:42","slug":"b0dsw8bqf9_it","status":"publish","type":"product","link":"https:\/\/lofimusic.com.es\/index.php\/producto\/b0dsw8bqf9_it\/","title":{"rendered":"B0DSW8BQF9_IT"},"content":{"rendered":"<p>&#8211; [Lo scanner di documenti portatile \u00e8 dotato di una fotocamera da 8 megapixel e pu\u00f2 scansionare tutti i documenti in formato A4. \u00c8 inoltre dotato di 6 LED per garantire una luminosit\u00e0 sufficiente in ambienti bui. Supporto solo per il sistema Windows. *Non compatibile con Mac OS.\u3011<br \/>\n&#8211; [Scanner di documenti multifunzionale] La videocamera di documenti \u00e8 adatta a molte occasioni, come la creazione di spartiti musicali o e-book, insegnamento e riunioni ecc. La funzione di proiezione e registrazione video in tempo reale \u00e8 ideale per l&#8217;insegnamento e l&#8217;apprendimento a distanza. Le velocit\u00e0 di scansione ultra veloci (fino a 2 secondi per pagina) migliorano notevolmente l&#8217;efficienza del lavoro.<br \/>\n&#8211; [Software pratico] La nostra videocamera di documenti 8MP utilizza le tecnologie pi\u00f9 recenti con funzionalit\u00e0 come acquisizione di immagini intelligente, riconoscimento ottico dei caratteri (OCR), SDK e TWAIN, correzione automatica per colmare le interruzioni di pagina scansionate, la segmentazione automatica dell&#8217;immagine e la fusione automatica delle foto di identit\u00e0 scansionate, nonch\u00e9 la rimozione degli eccessi.<br \/>\n&#8211; [Tecnologia OCR avanzata] Il visualizzatore di documenti Savornest \u00e8 in grado di riconoscere pi\u00f9 di 100 lingue con una precisione del 95%, tra cui inglese, cinese, giapponese, tedesco, francese, italiano e spagnolo. Converte facilmente i documenti cartacei in JPG, PDF, PDF ricercabile, Word, Excel.<br \/>\n&#8211; [Installazione facile] Basta collegare lo scanner al computer utilizzando un cavo USB e installare il software associato per far funzionare lo scanner. Lo scanner di documenti Savornest, pieghevole a 90 gradi, \u00e8 leggero e facile da riporre.<\/p>\n","protected":false},"excerpt":{"rendered":"<p>pubblicit\u00e0Savornest Documento Scanner: Macchina fotografica di Documento USB OCR Multilingue HD A4 Portatile per Scuole, Ufficio, Insegnamento Online e Apprendimento a Distanza, solo per Windows<\/p>\n","protected":false},"featured_media":11268,"comment_status":"open","ping_status":"closed","template":"","meta":[],"product_cat":[15],"product_tag":[],"class_list":{"0":"post-11269","1":"product","2":"type-product","3":"status-publish","4":"has-post-thumbnail","6":"product_cat-sin-categorizar","7":"nodate","8":"item-wrap","10":"first","11":"instock","12":"shipping-taxable","13":"product-type-external"},"_links":{"self":[{"href":"https:\/\/lofimusic.com.es\/index.php\/wp-json\/wp\/v2\/product\/11269","targetHints":{"allow":["GET"]}}],"collection":[{"href":"https:\/\/lofimusic.com.es\/index.php\/wp-json\/wp\/v2\/product"}],"about":[{"href":"https:\/\/lofimusic.com.es\/index.php\/wp-json\/wp\/v2\/types\/product"}],"replies":[{"embeddable":true,"href":"https:\/\/lofimusic.com.es\/index.php\/wp-json\/wp\/v2\/comments?post=11269"}],"wp:featuredmedia":[{"embeddable":true,"href":"https:\/\/lofimusic.com.es\/index.php\/wp-json\/wp\/v2\/media\/11268"}],"wp:attachment":[{"href":"https:\/\/lofimusic.com.es\/index.php\/wp-json\/wp\/v2\/media?parent=11269"}],"wp:term":[{"taxonomy":"product_cat","embeddable":true,"href":"https:\/\/lofimusic.com.es\/index.php\/wp-json\/wp\/v2\/product_cat?post=11269"},{"taxonomy":"product_tag","embeddable":true,"href":"https:\/\/lofimusic.com.es\/index.php\/wp-json\/wp\/v2\/product_tag?post=11269"}],"curies":[{"name":"wp","href":"https:\/\/api.w.org\/{rel}","templated":true}]}}