{"id":11267,"date":"2025-02-11T19:06:51","date_gmt":"2025-02-11T19:06:51","guid":{"rendered":"https:\/\/lofimusic.com.es\/index.php\/producto\/b0dj7djyxh_es\/"},"modified":"2025-02-11T19:06:51","modified_gmt":"2025-02-11T19:06:51","slug":"b0dj7djyxh_es","status":"publish","type":"product","link":"https:\/\/lofimusic.com.es\/index.php\/producto\/b0dj7djyxh_es\/","title":{"rendered":"B0DJ7DJYXH_ES"},"content":{"rendered":"<p>&#8211; Eficiencia de trabajo: 2 segundos \/ bolsa, 2600 puntadas \/ min, las puntadas son uniformes y uniformes; grosor del material de costura: 0,2-10 mm \/ 0,008-0,39 pulgadas, se pueden utilizar materiales tanto gruesos como delgados; Funci\u00f3n de corte de hilo autom\u00e1tico, conveniente y r\u00e1pido, fuerte potencia del motor: 190W, 18000rpm.<br \/>\n&#8211; Bater\u00eda de litio de capacidad media de 36v 2200 mAh mejorada (1.3 lbs), sin necesidad de enchufar, que puede funcionar continuamente durante 3 horas, especialmente adecuada para bolsas de costura al aire libre de empresas expr\u00e9s, f\u00e1bricas, almacenes, etc.<br \/>\n&#8211; tama\u00f1o liviano para operaci\u00f3n con una sola mano, f\u00e1cil de transportar y seguro. Ligero y silencioso. La diferencia en la estabilidad del movimiento del movimiento anterior ha cambiado por completo, la pieza de trabajo es f\u00e1cil de usar, el ruido es bajo y otros defectos de construcci\u00f3n.<br \/>\n&#8211; El mango tiene un dise\u00f1o ergon\u00f3mico y un acabado mate en el lateral para una operaci\u00f3n manual a largo plazo. Baja transmisi\u00f3n, resistencia al desgaste, alta confiabilidad, peso ligero, buen aislamiento, estructura compacta.<br \/>\n&#8211; la m\u00e1quina de coser adecuada para la producci\u00f3n de un gran n\u00famero de f\u00e1bricas y almacenes. Se puede utilizar para cereales, az\u00facar, sal, alimentos, fertilizantes, productos qu\u00edmicos, polvo met\u00e1lico, mineral de hierro y otras bolsas de lino est\u00e1ndar, bolsas, bolsas, bolsas tejidas y bolsas de papel.<\/p>\n","protected":false},"excerpt":{"rendered":"<p>Publicidad Ovshnrr Sacos Maquinas de Coser Maquina de Tejer Port\u00e1til M\u00e1quina Selladora para Bolsa dePl\u00e1stico de Papel de Arroz<\/p>\n","protected":false},"featured_media":11266,"comment_status":"open","ping_status":"closed","template":"","meta":[],"product_cat":[15],"product_tag":[],"class_list":{"0":"post-11267","1":"product","2":"type-product","3":"status-publish","4":"has-post-thumbnail","6":"product_cat-sin-categorizar","7":"nodate","8":"item-wrap","10":"first","11":"instock","12":"shipping-taxable","13":"product-type-external"},"_links":{"self":[{"href":"https:\/\/lofimusic.com.es\/index.php\/wp-json\/wp\/v2\/product\/11267","targetHints":{"allow":["GET"]}}],"collection":[{"href":"https:\/\/lofimusic.com.es\/index.php\/wp-json\/wp\/v2\/product"}],"about":[{"href":"https:\/\/lofimusic.com.es\/index.php\/wp-json\/wp\/v2\/types\/product"}],"replies":[{"embeddable":true,"href":"https:\/\/lofimusic.com.es\/index.php\/wp-json\/wp\/v2\/comments?post=11267"}],"wp:featuredmedia":[{"embeddable":true,"href":"https:\/\/lofimusic.com.es\/index.php\/wp-json\/wp\/v2\/media\/11266"}],"wp:attachment":[{"href":"https:\/\/lofimusic.com.es\/index.php\/wp-json\/wp\/v2\/media?parent=11267"}],"wp:term":[{"taxonomy":"product_cat","embeddable":true,"href":"https:\/\/lofimusic.com.es\/index.php\/wp-json\/wp\/v2\/product_cat?post=11267"},{"taxonomy":"product_tag","embeddable":true,"href":"https:\/\/lofimusic.com.es\/index.php\/wp-json\/wp\/v2\/product_tag?post=11267"}],"curies":[{"name":"wp","href":"https:\/\/api.w.org\/{rel}","templated":true}]}}